{"id":5671,"date":"2024-02-29T15:44:17","date_gmt":"2024-02-29T15:44:17","guid":{"rendered":"https:\/\/banglob.pl\/first-communion-catering-at-banglob-marina-or-in-your-own-home\/"},"modified":"2026-04-28T14:10:32","modified_gmt":"2026-04-28T14:10:32","slug":"first-communion-catering-at-banglob-marina-or-in-your-own-home","status":"publish","type":"page","link":"https:\/\/banglob.pl\/en\/first-communion-catering-at-banglob-marina-or-in-your-own-home\/","title":{"rendered":"First Communion Catering &#8211; at BanGlob Marina or in your own home"},"content":{"rendered":"\t\t<div data-elementor-type=\"wp-page\" data-elementor-id=\"5671\" class=\"elementor elementor-5671 elementor-1851\" data-elementor-post-type=\"page\">\n\t\t\t\t\t\t<section class=\"elementor-section elementor-top-section elementor-element elementor-element-ee62816 elementor-section-boxed elementor-section-height-default elementor-section-height-default\" data-id=\"ee62816\" data-element_type=\"section\" data-e-type=\"section\">\n\t\t\t\t\t\t<div class=\"elementor-container elementor-column-gap-default\">\n\t\t\t\t\t<div class=\"elementor-column elementor-col-50 elementor-top-column elementor-element elementor-element-975505b\" data-id=\"975505b\" data-element_type=\"column\" data-e-type=\"column\">\n\t\t\t<div class=\"elementor-widget-wrap elementor-element-populated\">\n\t\t\t\t\t\t<div class=\"elementor-element elementor-element-8c95198 elementor-widget__width-initial elementor-widget elementor-widget-heading\" data-id=\"8c95198\" data-element_type=\"widget\" data-e-type=\"widget\" data-widget_type=\"heading.default\">\n\t\t\t\t<div class=\"elementor-widget-container\">\n\t\t\t\t\t<h2 class=\"elementor-heading-title elementor-size-default\"><b>First Communion Reception 2026<\/b>\n<br>We\u2019ll take care of everything, so you can simply enjoy the day<br><br><\/h2>\t\t\t\t<\/div>\n\t\t\t\t<\/div>\n\t\t\t\t<div class=\"elementor-element elementor-element-941dc9a elementor-widget__width-initial elementor-widget elementor-widget-text-editor\" data-id=\"941dc9a\" data-element_type=\"widget\" data-e-type=\"widget\" data-widget_type=\"text-editor.default\">\n\t\t\t\t<div class=\"elementor-widget-container\">\n\t\t\t\t\t\t\t\t\t<h4>&nbsp;<\/h4>\n<p class=\"font-claude-response-body break-words whitespace-normal leading-[1.7]\">Pierwsza Komunia \u015awi\u0119ta to jeden z najpi\u0119kniejszych dni w \u017cyciu Waszego dziecka i chwila, kt\u00f3r\u0105 ca\u0142a rodzina b\u0119dzie wspomina\u0107 przez lata. W BanGlob wiemy, jak sprawi\u0107, \u017ceby by\u0142a naprawd\u0119 niezapomniana.<\/p>\n<p class=\"font-claude-response-body break-words whitespace-normal leading-[1.7]\"><strong>Mo\u017cemy \u015bwi\u0119towa\u0107 razem na dwa sposoby:<\/strong><\/p>\n<p class=\"font-claude-response-body break-words whitespace-normal leading-[1.7]\"><img decoding=\"async\" class=\"emoji\" role=\"img\" draggable=\"false\" src=\"https:\/\/s.w.org\/images\/core\/emoji\/16.0.1\/svg\/2728.svg\" alt=\"\u2728\"> <strong>W BanGlob Marina<\/strong>&nbsp;<\/p>\n<p class=\"font-claude-response-body break-words whitespace-normal leading-[1.7]\">Dwie eleganckie sale w sercu gdy\u0144skiej Mariny z widokiem na Marina Yacht Park. Klimatyzacja, nowoczesny sprz\u0119t multimedialny, parking przy lokalu i profesjonalna obs\u0142uga kelnerska &#8211; wszystko, czego potrzebujecie, \u017ceby ten dzie\u0144 przebieg\u0142 bez \u017cadnych trosk.<\/p>\n<p class=\"font-claude-response-body break-words whitespace-normal leading-[1.7]\"><img decoding=\"async\" class=\"emoji\" role=\"img\" draggable=\"false\" src=\"https:\/\/s.w.org\/images\/core\/emoji\/16.0.1\/svg\/1f3e1.svg\" alt=\"\ud83c\udfe1\"> <strong>U Was w domu lub ogrodzie*<\/strong><\/p>\n<p class=\"font-claude-response-body break-words whitespace-normal leading-[1.7]\">Wolicie \u015bwi\u0119towa\u0107 we w\u0142asnej przestrzeni? Przyjedziemy do Was z kuchni\u0105, obs\u0142ug\u0105 i u\u015bmiechem. Namioty, sto\u0142y, krzes\u0142a, obrusy, zastawa &#8211; zapewniamy kompletn\u0105 infrastruktur\u0119, \u017ceby\u015bcie Wy nie musieli martwi\u0107 si\u0119 o nic.&nbsp; &nbsp;&nbsp;<\/p>\t\t\t\t\t\t\t\t<\/div>\n\t\t\t\t<\/div>\n\t\t\t\t<div class=\"elementor-element elementor-element-bc37a91 elementor-widget elementor-widget-text-editor\" data-id=\"bc37a91\" data-element_type=\"widget\" data-e-type=\"widget\" data-widget_type=\"text-editor.default\">\n\t\t\t\t<div class=\"elementor-widget-container\">\n\t\t\t\t\t\t\t\t\t<p><strong>Co otrzymujecie w obu przypadkach?<\/strong><\/p>\n<ul>\n<li>Wykwintne menu przygotowane przez do\u015bwiadczonych kucharzy<\/li>\n<li>Specjalne menu dla dzieci do 10 lat<\/li>\n<li>Bufet deserowy i tort komunijny w wybranym smaku<\/li>\n<li>Osobisty koordynator, kt\u00f3ry zadba o ka\u017cdy szczeg\u00f3\u0142<\/li>\n<li>Oferta skrojona dok\u0142adnie pod Wasze potrzeby<br><em>Skontaktujcie si\u0119 z nami &#8211; ch\u0119tnie zaplanujemy ten dzie\u0144 razem!<br><i><br>* Oferta nie zawiera koszt\u00f3w organizacji us\u0142ugi cateringowej&nbsp; w miejscu wybranym przez Klienta (transport, obs\u0142uga kelnerska, opcjonalnie wypo\u017cyczenie mebli \/ sprz\u0119tu). <br>Koszt jest ustalany indywidualnie.<\/i><\/em><\/li>\n<\/ul>\t\t\t\t\t\t\t\t<\/div>\n\t\t\t\t<\/div>\n\t\t\t\t\t<\/div>\n\t\t<\/div>\n\t\t\t\t<div class=\"elementor-column elementor-col-50 elementor-top-column elementor-element elementor-element-2cc52b8\" data-id=\"2cc52b8\" data-element_type=\"column\" data-e-type=\"column\">\n\t\t\t<div class=\"elementor-widget-wrap elementor-element-populated\">\n\t\t\t\t\t\t<div class=\"elementor-element elementor-element-5b0082b elementor-widget elementor-widget-image\" data-id=\"5b0082b\" data-element_type=\"widget\" data-e-type=\"widget\" data-widget_type=\"image.default\">\n\t\t\t\t<div class=\"elementor-widget-container\">\n\t\t\t\t\t\t\t\t\t\t\t\t\t\t\t\t<a href=\"https:\/\/banglob.pl\/wp-content\/uploads\/2026\/02\/Oferta-Przyjecie-Komunijne-2026-w-BanGlob-Marina.pdf\">\n\t\t\t\t\t\t\t<img fetchpriority=\"high\" decoding=\"async\" width=\"1080\" height=\"1350\" src=\"https:\/\/banglob.pl\/wp-content\/uploads\/2026\/02\/2026-KOMUNIA-Post.jpg\" class=\"attachment-full size-full wp-image-4862\" alt=\"\" srcset=\"https:\/\/banglob.pl\/wp-content\/uploads\/2026\/02\/2026-KOMUNIA-Post.jpg 1080w, https:\/\/banglob.pl\/wp-content\/uploads\/2026\/02\/2026-KOMUNIA-Post-240x300.jpg 240w, https:\/\/banglob.pl\/wp-content\/uploads\/2026\/02\/2026-KOMUNIA-Post-819x1024.jpg 819w, https:\/\/banglob.pl\/wp-content\/uploads\/2026\/02\/2026-KOMUNIA-Post-768x960.jpg 768w, https:\/\/banglob.pl\/wp-content\/uploads\/2026\/02\/2026-KOMUNIA-Post-378x473.jpg 378w\" sizes=\"(max-width: 1080px) 100vw, 1080px\" \/>\t\t\t\t\t\t\t\t<\/a>\n\t\t\t\t\t\t\t\t\t\t\t\t\t\t\t<\/div>\n\t\t\t\t<\/div>\n\t\t\t\t\t<\/div>\n\t\t<\/div>\n\t\t\t\t\t<\/div>\n\t\t<\/section>\n\t\t\t\t<section class=\"elementor-section elementor-top-section elementor-element elementor-element-abfbc25 elementor-section-boxed elementor-section-height-default elementor-section-height-default\" data-id=\"abfbc25\" data-element_type=\"section\" data-e-type=\"section\">\n\t\t\t\t\t\t<div class=\"elementor-container elementor-column-gap-default\">\n\t\t\t\t\t<div class=\"elementor-column elementor-col-25 elementor-top-column elementor-element elementor-element-8a0cb04\" data-id=\"8a0cb04\" data-element_type=\"column\" data-e-type=\"column\">\n\t\t\t<div class=\"elementor-widget-wrap elementor-element-populated\">\n\t\t\t\t\t\t<div class=\"elementor-element elementor-element-cc80f52 elementor-widget__width-initial elementor-widget elementor-widget-button\" data-id=\"cc80f52\" data-element_type=\"widget\" data-e-type=\"widget\" data-widget_type=\"button.default\">\n\t\t\t\t<div class=\"elementor-widget-container\">\n\t\t\t\t\t\t\t\t\t<div class=\"elementor-button-wrapper\">\n\t\t\t\t\t<a class=\"elementor-button elementor-button-link elementor-size-sm elementor-animation-grow\" href=\"https:\/\/banglob.pl\/wp-content\/uploads\/2026\/02\/Oferta-Przyjecie-Komunijne-2026-w-BanGlob-Marina.pdf\" target=\"_blank\">\n\t\t\t\t\t\t<span class=\"elementor-button-content-wrapper\">\n\t\t\t\t\t\t\t\t\t<span class=\"elementor-button-text\">Sprawd\u017a nasz\u0105 ofert\u0119<\/span>\n\t\t\t\t\t<\/span>\n\t\t\t\t\t<\/a>\n\t\t\t\t<\/div>\n\t\t\t\t\t\t\t\t<\/div>\n\t\t\t\t<\/div>\n\t\t\t\t\t<\/div>\n\t\t<\/div>\n\t\t\t\t<div class=\"elementor-column elementor-col-25 elementor-top-column elementor-element elementor-element-e322172\" data-id=\"e322172\" data-element_type=\"column\" data-e-type=\"column\">\n\t\t\t<div class=\"elementor-widget-wrap elementor-element-populated\">\n\t\t\t\t\t\t<div class=\"elementor-element elementor-element-8fcc663 elementor-widget__width-initial elementor-view-default elementor-widget elementor-widget-icon\" data-id=\"8fcc663\" data-element_type=\"widget\" data-e-type=\"widget\" data-widget_type=\"icon.default\">\n\t\t\t\t<div class=\"elementor-widget-container\">\n\t\t\t\t\t\t\t<div class=\"elementor-icon-wrapper\">\n\t\t\t<div class=\"elementor-icon elementor-animation-grow\">\n\t\t\t<i aria-hidden=\"true\" class=\"fas fa-mobile-alt\"><\/i>\t\t\t<\/div>\n\t\t<\/div>\n\t\t\t\t\t\t<\/div>\n\t\t\t\t<\/div>\n\t\t\t\t<div class=\"elementor-element elementor-element-f652902 elementor-widget__width-initial elementor-widget elementor-widget-text-editor\" data-id=\"f652902\" data-element_type=\"widget\" data-e-type=\"widget\" data-widget_type=\"text-editor.default\">\n\t\t\t\t<div class=\"elementor-widget-container\">\n\t\t\t\t\t\t\t\t\t<h3 class=\"elementor-icon-box-title\" style=\"font-size: 15px;\">Zadzwo\u0144<\/h3>\n<p class=\"elementor-icon-box-description\" style=\"margin-bottom: 0px; font-size: 18px; font-weight: bold;\"><a href=\"tel:+48 58 620 43 29\"><span style=\"color: #222222;\">+48 58 620 43 29<\/span><\/a><\/p>\t\t\t\t\t\t\t\t<\/div>\n\t\t\t\t<\/div>\n\t\t\t\t\t<\/div>\n\t\t<\/div>\n\t\t\t\t<div class=\"elementor-column elementor-col-25 elementor-top-column elementor-element elementor-element-84f9f9f\" data-id=\"84f9f9f\" data-element_type=\"column\" data-e-type=\"column\">\n\t\t\t<div class=\"elementor-widget-wrap\">\n\t\t\t\t\t\t\t<\/div>\n\t\t<\/div>\n\t\t\t\t<div class=\"elementor-column elementor-col-25 elementor-top-column elementor-element elementor-element-3f8bfed\" data-id=\"3f8bfed\" data-element_type=\"column\" data-e-type=\"column\">\n\t\t\t<div class=\"elementor-widget-wrap\">\n\t\t\t\t\t\t\t<\/div>\n\t\t<\/div>\n\t\t\t\t\t<\/div>\n\t\t<\/section>\n\t\t\t\t<\/div>\n\t\t","protected":false},"excerpt":{"rendered":"<p>First Communion Reception 2026 We\u2019ll take care of everything, so you can simply enjoy the day &nbsp; Pierwsza Komunia \u015awi\u0119ta to jeden z najpi\u0119kniejszych dni w \u017cyciu Waszego dziecka i chwila, kt\u00f3r\u0105 ca\u0142a rodzina b\u0119dzie wspomina\u0107 przez lata. W BanGlob wiemy, jak sprawi\u0107, \u017ceby by\u0142a naprawd\u0119 niezapomniana. Mo\u017cemy \u015bwi\u0119towa\u0107 razem na dwa sposoby: W BanGlob [&hellip;]<\/p>\n","protected":false},"author":2,"featured_media":0,"parent":0,"menu_order":0,"comment_status":"closed","ping_status":"closed","template":"page-head.php","meta":{"footnotes":""},"class_list":["post-5671","page","type-page","status-publish","hentry"],"yoast_head":"<!-- This site is optimized with the Yoast SEO plugin v27.6 - https:\/\/yoast.com\/product\/yoast-seo-wordpress\/ -->\n<title>First Communion Catering - at BanGlob Marina or in your own home - BanGlob<\/title>\n<meta name=\"robots\" content=\"index, follow, max-snippet:-1, max-image-preview:large, max-video-preview:-1\" \/>\n<link rel=\"canonical\" href=\"https:\/\/banglob.pl\/en\/first-communion-catering-at-banglob-marina-or-in-your-own-home\/\" \/>\n<meta property=\"og:locale\" content=\"en_US\" \/>\n<meta property=\"og:type\" content=\"article\" \/>\n<meta property=\"og:title\" content=\"First Communion Catering - at BanGlob Marina or in your own home - BanGlob\" \/>\n<meta property=\"og:description\" content=\"First Communion Reception 2026 We\u2019ll take care of everything, so you can simply enjoy the day &nbsp; Pierwsza Komunia \u015awi\u0119ta to jeden z najpi\u0119kniejszych dni w \u017cyciu Waszego dziecka i chwila, kt\u00f3r\u0105 ca\u0142a rodzina b\u0119dzie wspomina\u0107 przez lata. W BanGlob wiemy, jak sprawi\u0107, \u017ceby by\u0142a naprawd\u0119 niezapomniana. Mo\u017cemy \u015bwi\u0119towa\u0107 razem na dwa sposoby: W BanGlob [&hellip;]\" \/>\n<meta property=\"og:url\" content=\"https:\/\/banglob.pl\/en\/first-communion-catering-at-banglob-marina-or-in-your-own-home\/\" \/>\n<meta property=\"og:site_name\" content=\"BanGlob\" \/>\n<meta property=\"article:modified_time\" content=\"2026-04-28T14:10:32+00:00\" \/>\n<meta property=\"og:image\" content=\"https:\/\/s.w.org\/images\/core\/emoji\/16.0.1\/svg\/2728.svg\" \/>\n<meta name=\"twitter:card\" content=\"summary_large_image\" \/>\n<meta name=\"twitter:label1\" content=\"Est. reading time\" \/>\n\t<meta name=\"twitter:data1\" content=\"1 minute\" \/>\n<script type=\"application\/ld+json\" class=\"yoast-schema-graph\">{\"@context\":\"https:\\\/\\\/schema.org\",\"@graph\":[{\"@type\":\"WebPage\",\"@id\":\"https:\\\/\\\/banglob.pl\\\/en\\\/first-communion-catering-at-banglob-marina-or-in-your-own-home\\\/\",\"url\":\"https:\\\/\\\/banglob.pl\\\/en\\\/first-communion-catering-at-banglob-marina-or-in-your-own-home\\\/\",\"name\":\"First Communion Catering - at BanGlob Marina or in your own home - BanGlob\",\"isPartOf\":{\"@id\":\"https:\\\/\\\/banglob.pl\\\/en\\\/#website\"},\"primaryImageOfPage\":{\"@id\":\"https:\\\/\\\/banglob.pl\\\/en\\\/first-communion-catering-at-banglob-marina-or-in-your-own-home\\\/#primaryimage\"},\"image\":{\"@id\":\"https:\\\/\\\/banglob.pl\\\/en\\\/first-communion-catering-at-banglob-marina-or-in-your-own-home\\\/#primaryimage\"},\"thumbnailUrl\":\"https:\\\/\\\/s.w.org\\\/images\\\/core\\\/emoji\\\/16.0.1\\\/svg\\\/2728.svg\",\"datePublished\":\"2024-02-29T15:44:17+00:00\",\"dateModified\":\"2026-04-28T14:10:32+00:00\",\"breadcrumb\":{\"@id\":\"https:\\\/\\\/banglob.pl\\\/en\\\/first-communion-catering-at-banglob-marina-or-in-your-own-home\\\/#breadcrumb\"},\"inLanguage\":\"en-US\",\"potentialAction\":[{\"@type\":\"ReadAction\",\"target\":[\"https:\\\/\\\/banglob.pl\\\/en\\\/first-communion-catering-at-banglob-marina-or-in-your-own-home\\\/\"]}]},{\"@type\":\"ImageObject\",\"inLanguage\":\"en-US\",\"@id\":\"https:\\\/\\\/banglob.pl\\\/en\\\/first-communion-catering-at-banglob-marina-or-in-your-own-home\\\/#primaryimage\",\"url\":\"https:\\\/\\\/s.w.org\\\/images\\\/core\\\/emoji\\\/16.0.1\\\/svg\\\/2728.svg\",\"contentUrl\":\"https:\\\/\\\/s.w.org\\\/images\\\/core\\\/emoji\\\/16.0.1\\\/svg\\\/2728.svg\"},{\"@type\":\"BreadcrumbList\",\"@id\":\"https:\\\/\\\/banglob.pl\\\/en\\\/first-communion-catering-at-banglob-marina-or-in-your-own-home\\\/#breadcrumb\",\"itemListElement\":[{\"@type\":\"ListItem\",\"position\":1,\"name\":\"Strona g\u0142\u00f3wna\",\"item\":\"https:\\\/\\\/banglob.pl\\\/en\\\/\"},{\"@type\":\"ListItem\",\"position\":2,\"name\":\"First Communion Catering &#8211; at BanGlob Marina or in your own home\"}]},{\"@type\":\"WebSite\",\"@id\":\"https:\\\/\\\/banglob.pl\\\/en\\\/#website\",\"url\":\"https:\\\/\\\/banglob.pl\\\/en\\\/\",\"name\":\"BanGlob\",\"description\":\"Kolejna witryna WordPress\",\"potentialAction\":[{\"@type\":\"SearchAction\",\"target\":{\"@type\":\"EntryPoint\",\"urlTemplate\":\"https:\\\/\\\/banglob.pl\\\/en\\\/?s={search_term_string}\"},\"query-input\":{\"@type\":\"PropertyValueSpecification\",\"valueRequired\":true,\"valueName\":\"search_term_string\"}}],\"inLanguage\":\"en-US\"}]}<\/script>\n<!-- \/ Yoast SEO plugin. -->","yoast_head_json":{"title":"First Communion Catering - at BanGlob Marina or in your own home - BanGlob","robots":{"index":"index","follow":"follow","max-snippet":"max-snippet:-1","max-image-preview":"max-image-preview:large","max-video-preview":"max-video-preview:-1"},"canonical":"https:\/\/banglob.pl\/en\/first-communion-catering-at-banglob-marina-or-in-your-own-home\/","og_locale":"en_US","og_type":"article","og_title":"First Communion Catering - at BanGlob Marina or in your own home - BanGlob","og_description":"First Communion Reception 2026 We\u2019ll take care of everything, so you can simply enjoy the day &nbsp; Pierwsza Komunia \u015awi\u0119ta to jeden z najpi\u0119kniejszych dni w \u017cyciu Waszego dziecka i chwila, kt\u00f3r\u0105 ca\u0142a rodzina b\u0119dzie wspomina\u0107 przez lata. W BanGlob wiemy, jak sprawi\u0107, \u017ceby by\u0142a naprawd\u0119 niezapomniana. Mo\u017cemy \u015bwi\u0119towa\u0107 razem na dwa sposoby: W BanGlob [&hellip;]","og_url":"https:\/\/banglob.pl\/en\/first-communion-catering-at-banglob-marina-or-in-your-own-home\/","og_site_name":"BanGlob","article_modified_time":"2026-04-28T14:10:32+00:00","og_image":[{"url":"https:\/\/s.w.org\/images\/core\/emoji\/16.0.1\/svg\/2728.svg","type":"","width":"","height":""}],"twitter_card":"summary_large_image","twitter_misc":{"Est. reading time":"1 minute"},"schema":{"@context":"https:\/\/schema.org","@graph":[{"@type":"WebPage","@id":"https:\/\/banglob.pl\/en\/first-communion-catering-at-banglob-marina-or-in-your-own-home\/","url":"https:\/\/banglob.pl\/en\/first-communion-catering-at-banglob-marina-or-in-your-own-home\/","name":"First Communion Catering - at BanGlob Marina or in your own home - BanGlob","isPartOf":{"@id":"https:\/\/banglob.pl\/en\/#website"},"primaryImageOfPage":{"@id":"https:\/\/banglob.pl\/en\/first-communion-catering-at-banglob-marina-or-in-your-own-home\/#primaryimage"},"image":{"@id":"https:\/\/banglob.pl\/en\/first-communion-catering-at-banglob-marina-or-in-your-own-home\/#primaryimage"},"thumbnailUrl":"https:\/\/s.w.org\/images\/core\/emoji\/16.0.1\/svg\/2728.svg","datePublished":"2024-02-29T15:44:17+00:00","dateModified":"2026-04-28T14:10:32+00:00","breadcrumb":{"@id":"https:\/\/banglob.pl\/en\/first-communion-catering-at-banglob-marina-or-in-your-own-home\/#breadcrumb"},"inLanguage":"en-US","potentialAction":[{"@type":"ReadAction","target":["https:\/\/banglob.pl\/en\/first-communion-catering-at-banglob-marina-or-in-your-own-home\/"]}]},{"@type":"ImageObject","inLanguage":"en-US","@id":"https:\/\/banglob.pl\/en\/first-communion-catering-at-banglob-marina-or-in-your-own-home\/#primaryimage","url":"https:\/\/s.w.org\/images\/core\/emoji\/16.0.1\/svg\/2728.svg","contentUrl":"https:\/\/s.w.org\/images\/core\/emoji\/16.0.1\/svg\/2728.svg"},{"@type":"BreadcrumbList","@id":"https:\/\/banglob.pl\/en\/first-communion-catering-at-banglob-marina-or-in-your-own-home\/#breadcrumb","itemListElement":[{"@type":"ListItem","position":1,"name":"Strona g\u0142\u00f3wna","item":"https:\/\/banglob.pl\/en\/"},{"@type":"ListItem","position":2,"name":"First Communion Catering &#8211; at BanGlob Marina or in your own home"}]},{"@type":"WebSite","@id":"https:\/\/banglob.pl\/en\/#website","url":"https:\/\/banglob.pl\/en\/","name":"BanGlob","description":"Kolejna witryna WordPress","potentialAction":[{"@type":"SearchAction","target":{"@type":"EntryPoint","urlTemplate":"https:\/\/banglob.pl\/en\/?s={search_term_string}"},"query-input":{"@type":"PropertyValueSpecification","valueRequired":true,"valueName":"search_term_string"}}],"inLanguage":"en-US"}]}},"_links":{"self":[{"href":"https:\/\/banglob.pl\/en\/wp-json\/wp\/v2\/pages\/5671","targetHints":{"allow":["GET"]}}],"collection":[{"href":"https:\/\/banglob.pl\/en\/wp-json\/wp\/v2\/pages"}],"about":[{"href":"https:\/\/banglob.pl\/en\/wp-json\/wp\/v2\/types\/page"}],"author":[{"embeddable":true,"href":"https:\/\/banglob.pl\/en\/wp-json\/wp\/v2\/users\/2"}],"replies":[{"embeddable":true,"href":"https:\/\/banglob.pl\/en\/wp-json\/wp\/v2\/comments?post=5671"}],"version-history":[{"count":1,"href":"https:\/\/banglob.pl\/en\/wp-json\/wp\/v2\/pages\/5671\/revisions"}],"predecessor-version":[{"id":5672,"href":"https:\/\/banglob.pl\/en\/wp-json\/wp\/v2\/pages\/5671\/revisions\/5672"}],"wp:attachment":[{"href":"https:\/\/banglob.pl\/en\/wp-json\/wp\/v2\/media?parent=5671"}],"curies":[{"name":"wp","href":"https:\/\/api.w.org\/{rel}","templated":true}]}}