{"id":5147,"date":"2023-08-31T14:43:33","date_gmt":"2023-08-31T14:43:33","guid":{"rendered":"https:\/\/banglob.pl\/polityka-prywatnosci\/"},"modified":"2026-03-22T14:07:26","modified_gmt":"2026-03-22T14:07:26","slug":"polityka-prywatnosci","status":"publish","type":"page","link":"https:\/\/banglob.pl\/en\/polityka-prywatnosci\/","title":{"rendered":"Polityka prywatno\u015bci"},"content":{"rendered":"\t\t<div data-elementor-type=\"wp-page\" data-elementor-id=\"5147\" class=\"elementor elementor-5147 elementor-1467\" data-elementor-post-type=\"page\">\n\t\t\t\t\t\t<section class=\"elementor-section elementor-top-section elementor-element elementor-element-06397e3 elementor-section-boxed elementor-section-height-default elementor-section-height-default\" data-id=\"06397e3\" data-element_type=\"section\" data-e-type=\"section\">\n\t\t\t\t\t\t<div class=\"elementor-container elementor-column-gap-default\">\n\t\t\t\t\t<div class=\"elementor-column elementor-col-100 elementor-top-column elementor-element elementor-element-fc140cf\" data-id=\"fc140cf\" data-element_type=\"column\" data-e-type=\"column\">\n\t\t\t<div class=\"elementor-widget-wrap elementor-element-populated\">\n\t\t\t\t\t\t<div class=\"elementor-element elementor-element-8f75c81 elementor-widget elementor-widget-text-editor\" data-id=\"8f75c81\" data-element_type=\"widget\" data-e-type=\"widget\" data-widget_type=\"text-editor.default\">\n\t\t\t\t<div class=\"elementor-widget-container\">\n\t\t\t\t\t\t\t\t\t<p class=\"v1MsoNormal\">INFORMATION ON THE PROCESSING OF PERSONAL DATA<\/p><p class=\"v1MsoNormal\">Data Controller<\/p><p class=\"v1MsoNormal\">In accordance with Article 13(1) and (2) of Regulation (EU) 2016\/679 of the European Parliament and of the Council of 27 April 2016 on the protection of natural persons with regard to the processing of personal data and on the free movement of such data, and repealing Directive 95\/46\/EC (hereinafter referred to as the GDPR), please be informed that:   <\/p><ol><li class=\"v1MsoNormal\">The Controller of your personal data is BanGlob Sp. z o.o., ul. Norwida 4C, 81-434 Gdynia, phone: +48 58 620 43 29.   58 620 43 29<\/li><li class=\"v1MsoNormal\">The Data Protection Officer is Ms, e-mail: <a href=\"mailto:aleksandra.borowiak@banglob.pl\" rel=\"noreferrer\">aleksandra.borowiak@banglob.pl<\/a><\/li><li class=\"v1MsoNormal\">Your personal data obtained during the provision of services, the conclusion of contracts, and during their term or performance, are used for the following purposes:<ul><li class=\"v1MsoNormal\">concluding and performing a contract for the provision of services offered by the Data Controller, and providing these services in accordance with the concluded contract; legal basis: Article 6(1)(b) of the GDPR;  <\/li><li class=\"v1MsoNormal\">fulfilling the legal obligations incumbent on the Data Controller (e.g. issuing and storing invoices and other accounting documents, making data available to authorised entities, courts, prosecutors, the Police); legal basis: Article 6(1)(c) of the GDPR;   <\/li><li class=\"v1MsoNormal\">pursuing potential claims arising from the non-performance or improper performance of the concluded contract for the provision of services, or any other claims arising from applicable law; legal basis: Article 6(1)(f) of the GDPR;   <\/li><li class=\"v1MsoNormal\">marketing and promoting all services provided by the Data Controller; legal basis: explicit consent to the processing of data for marketing and promotional purposes, Article 6(1)(a) of the GDPR.<\/li><\/ul><\/li><li>Your personal data will be stored for the duration of the service agreement and, after its termination, for the period necessary to fully settle the services provided and the obligations arising from the agreement, until the expiry of the limitation period for claims arising from that agreement, as specified by the applicable laws, whether such claims are held by the service provider (the Data Controller) or by the service recipient. For tax settlement purposes, personal data will be stored for the period required under the applicable tax law, i.e. for the limitation period for tax liabilities (currently 5 years from the end of the tax year in which the obligation to pay tax in connection with the services provided to you arose). Where the processing is based on consent, personal data will be processed until such consent is withdrawn by the data subject. <\/li><li>Access to the data will be granted to individuals collaborating with the Data Controller in the provision of services to you, including those providing legal and financial services to the Data Controller. In cases strictly defined by law, your data will have to be transferred to authorised authorities, in particular the Police or the prosecutor&#8217;s office. <\/li><li>The Data Controller does not intend to transfer your data outside the European Economic Area (EEA).<\/li><li>Rights of the data subject.<br><br>Please be informed that you have the following rights regarding your personal data:<ul><li>right of access, i.e. to obtain information on whether the Data Controller processes your data, and if so, to what extent; <\/li><li>right to rectification of personal data, if you believe they are incorrect or incomplete;<\/li><li>right to restriction of processing, i.e. to request the retention of data collected so far by the Data Controller and to suspend further data operations, except for their storage; <\/li><li>right to erasure of data (&#8216;right to be forgotten&#8217;) in situations listed in Article 17(1) of the GDPR; <\/li><li>right to data portability, i.e. to have the data transmitted to another data controller or directly to you; <\/li><li>Processing of data based on explicit consent.<br><br>If the data processing is based on your explicit consent, you have the right to withdraw this consent at any time, provided that the withdrawal of consent does not affect the lawfulness of processing based on consent before its withdrawal.<br><br><\/li><\/ul><\/li><li>Right to object to data processing.<br>You also have the right to object at any time:<ul><li>to the processing of your personal data for direct marketing purposes.<br>Upon raising such an objection, the Data Controller will no longer be permitted to process your personal data for such purposes; <\/li><li>on grounds relating to your particular situation \u2013 to the processing of data carried out for the purposes of the legitimate interests pursued by the Data Controller Upon raising such an objection, the Data Controller will no longer be able to process your personal data for such purposes, unless the Controller demonstrates compelling legitimate grounds for the processing which override your interests, rights, and freedoms, or for the establishment, exercise, or defence of legal claims.<\/li><\/ul><\/li><li>You have the right to lodge a complaint with a supervisory authority, which is the President of the Personal Data Protection Office (Prezes Urz\u0119du Ochrony Danych Osobowych), if you believe that the processing of your personal data by the Data Controller violates the law.<\/li><li>Your data will be subject to standard and automated profiling solely for the purposes of concluding a contract and providing services to you by the Data Controller.<\/li><\/ol><p class=\"v1MsoNormal\"> <\/p><p class=\"v1MsoNormal\">Google Analytics<\/p><ol><li class=\"v1MsoNormal\">The BanGlob Catering website uses Google Analytics, a web analytics service provided by Google, Inc. (&#8220;Google&#8221;). Google Analytics uses &#8220;cookies&#8221;, which are text files placed on your computer, to help the website analyse how users use the site. The information generated by the cookie about your use of the website (including your IP address) will be transmitted to and stored by Google on servers in the United States.  <\/li><li class=\"v1MsoNormal\">Google will use this information for the purpose of evaluating your use of the website, compiling reports on website activity for website operators, and providing other services relating to website activity and internet usage. Google may also transfer this information to third parties where required to do so by law, or where such third parties process the information on Google&#8217;s behalf. Google mo\u017ce r\u00f3wnie\u017c przekazywa\u0107 te informacje osobom trzecim, je\u017celi b\u0119dzie zobowi\u0105zana to uczyni\u0107 na podstawie przepis\u00f3w prawa lub w przypadku, gdy osoby te przetwarzaj\u0105 takie informacje w imieniu Google.<\/li><li class=\"v1MsoNormal\">Google will not associate your IP address with any other data held by Google. You may refuse the use of cookies by selecting the appropriate settings on your browser; however, please note that if you do this you may not be able to use the full functionality of this website. By using this website, you consent to the processing of data about you by Google in the manner and for the purposes set out above. <\/li><\/ol>\t\t\t\t\t\t\t\t<\/div>\n\t\t\t\t<\/div>\n\t\t\t\t\t<\/div>\n\t\t<\/div>\n\t\t\t\t\t<\/div>\n\t\t<\/section>\n\t\t\t\t<\/div>\n\t\t","protected":false},"excerpt":{"rendered":"<p>INFORMATION ON THE PROCESSING OF PERSONAL DATA Data Controller In accordance with Article 13(1) and (2) of Regulation (EU) 2016\/679 of the European Parliament and of the Council of 27 April 2016 on the protection of natural persons with regard to the processing of personal data and on the free movement of such data, and [&hellip;]<\/p>\n","protected":false},"author":3,"featured_media":0,"parent":0,"menu_order":0,"comment_status":"closed","ping_status":"closed","template":"","meta":{"footnotes":""},"class_list":["post-5147","page","type-page","status-publish","hentry"],"yoast_head":"<!-- This site is optimized with the Yoast SEO plugin v27.4 - https:\/\/yoast.com\/product\/yoast-seo-wordpress\/ -->\n<title>Polityka prywatno\u015bci - BanGlob<\/title>\n<meta name=\"description\" content=\"Polityka Prywatno\u015bci BanGlob.pl. Dowiedz si\u0119, jak chronimy i przetwarzamy Twoje dane osobowe zgodnie z RODO. Gwarantujemy pe\u0142n\u0105 transparentno\u015b\u0107 i bezpiecze\u0144stwo.\" \/>\n<meta name=\"robots\" content=\"index, follow, max-snippet:-1, max-image-preview:large, max-video-preview:-1\" \/>\n<link rel=\"canonical\" href=\"https:\/\/banglob.pl\/en\/polityka-prywatnosci\/\" \/>\n<meta property=\"og:locale\" content=\"en_US\" \/>\n<meta property=\"og:type\" content=\"article\" \/>\n<meta property=\"og:title\" content=\"Polityka prywatno\u015bci - BanGlob\" \/>\n<meta property=\"og:description\" content=\"Polityka Prywatno\u015bci BanGlob.pl. Dowiedz si\u0119, jak chronimy i przetwarzamy Twoje dane osobowe zgodnie z RODO. Gwarantujemy pe\u0142n\u0105 transparentno\u015b\u0107 i bezpiecze\u0144stwo.\" \/>\n<meta property=\"og:url\" content=\"https:\/\/banglob.pl\/en\/polityka-prywatnosci\/\" \/>\n<meta property=\"og:site_name\" content=\"BanGlob\" \/>\n<meta property=\"article:modified_time\" content=\"2026-03-22T14:07:26+00:00\" \/>\n<meta name=\"twitter:card\" content=\"summary_large_image\" \/>\n<meta name=\"twitter:label1\" content=\"Est. reading time\" \/>\n\t<meta name=\"twitter:data1\" content=\"5 minutes\" \/>\n<script type=\"application\/ld+json\" class=\"yoast-schema-graph\">{\"@context\":\"https:\\\/\\\/schema.org\",\"@graph\":[{\"@type\":\"WebPage\",\"@id\":\"https:\\\/\\\/banglob.pl\\\/en\\\/polityka-prywatnosci\\\/\",\"url\":\"https:\\\/\\\/banglob.pl\\\/en\\\/polityka-prywatnosci\\\/\",\"name\":\"Polityka prywatno\u015bci - BanGlob\",\"isPartOf\":{\"@id\":\"https:\\\/\\\/banglob.pl\\\/en\\\/#website\"},\"datePublished\":\"2023-08-31T14:43:33+00:00\",\"dateModified\":\"2026-03-22T14:07:26+00:00\",\"description\":\"Polityka Prywatno\u015bci BanGlob.pl. Dowiedz si\u0119, jak chronimy i przetwarzamy Twoje dane osobowe zgodnie z RODO. Gwarantujemy pe\u0142n\u0105 transparentno\u015b\u0107 i bezpiecze\u0144stwo.\",\"breadcrumb\":{\"@id\":\"https:\\\/\\\/banglob.pl\\\/en\\\/polityka-prywatnosci\\\/#breadcrumb\"},\"inLanguage\":\"en-US\",\"potentialAction\":[{\"@type\":\"ReadAction\",\"target\":[\"https:\\\/\\\/banglob.pl\\\/en\\\/polityka-prywatnosci\\\/\"]}]},{\"@type\":\"BreadcrumbList\",\"@id\":\"https:\\\/\\\/banglob.pl\\\/en\\\/polityka-prywatnosci\\\/#breadcrumb\",\"itemListElement\":[{\"@type\":\"ListItem\",\"position\":1,\"name\":\"Strona g\u0142\u00f3wna\",\"item\":\"https:\\\/\\\/banglob.pl\\\/en\\\/\"},{\"@type\":\"ListItem\",\"position\":2,\"name\":\"Polityka prywatno\u015bci\"}]},{\"@type\":\"WebSite\",\"@id\":\"https:\\\/\\\/banglob.pl\\\/en\\\/#website\",\"url\":\"https:\\\/\\\/banglob.pl\\\/en\\\/\",\"name\":\"BanGlob\",\"description\":\"Kolejna witryna WordPress\",\"potentialAction\":[{\"@type\":\"SearchAction\",\"target\":{\"@type\":\"EntryPoint\",\"urlTemplate\":\"https:\\\/\\\/banglob.pl\\\/en\\\/?s={search_term_string}\"},\"query-input\":{\"@type\":\"PropertyValueSpecification\",\"valueRequired\":true,\"valueName\":\"search_term_string\"}}],\"inLanguage\":\"en-US\"}]}<\/script>\n<!-- \/ Yoast SEO plugin. -->","yoast_head_json":{"title":"Polityka prywatno\u015bci - BanGlob","description":"Polityka Prywatno\u015bci BanGlob.pl. Dowiedz si\u0119, jak chronimy i przetwarzamy Twoje dane osobowe zgodnie z RODO. Gwarantujemy pe\u0142n\u0105 transparentno\u015b\u0107 i bezpiecze\u0144stwo.","robots":{"index":"index","follow":"follow","max-snippet":"max-snippet:-1","max-image-preview":"max-image-preview:large","max-video-preview":"max-video-preview:-1"},"canonical":"https:\/\/banglob.pl\/en\/polityka-prywatnosci\/","og_locale":"en_US","og_type":"article","og_title":"Polityka prywatno\u015bci - BanGlob","og_description":"Polityka Prywatno\u015bci BanGlob.pl. Dowiedz si\u0119, jak chronimy i przetwarzamy Twoje dane osobowe zgodnie z RODO. Gwarantujemy pe\u0142n\u0105 transparentno\u015b\u0107 i bezpiecze\u0144stwo.","og_url":"https:\/\/banglob.pl\/en\/polityka-prywatnosci\/","og_site_name":"BanGlob","article_modified_time":"2026-03-22T14:07:26+00:00","twitter_card":"summary_large_image","twitter_misc":{"Est. reading time":"5 minutes"},"schema":{"@context":"https:\/\/schema.org","@graph":[{"@type":"WebPage","@id":"https:\/\/banglob.pl\/en\/polityka-prywatnosci\/","url":"https:\/\/banglob.pl\/en\/polityka-prywatnosci\/","name":"Polityka prywatno\u015bci - BanGlob","isPartOf":{"@id":"https:\/\/banglob.pl\/en\/#website"},"datePublished":"2023-08-31T14:43:33+00:00","dateModified":"2026-03-22T14:07:26+00:00","description":"Polityka Prywatno\u015bci BanGlob.pl. Dowiedz si\u0119, jak chronimy i przetwarzamy Twoje dane osobowe zgodnie z RODO. Gwarantujemy pe\u0142n\u0105 transparentno\u015b\u0107 i bezpiecze\u0144stwo.","breadcrumb":{"@id":"https:\/\/banglob.pl\/en\/polityka-prywatnosci\/#breadcrumb"},"inLanguage":"en-US","potentialAction":[{"@type":"ReadAction","target":["https:\/\/banglob.pl\/en\/polityka-prywatnosci\/"]}]},{"@type":"BreadcrumbList","@id":"https:\/\/banglob.pl\/en\/polityka-prywatnosci\/#breadcrumb","itemListElement":[{"@type":"ListItem","position":1,"name":"Strona g\u0142\u00f3wna","item":"https:\/\/banglob.pl\/en\/"},{"@type":"ListItem","position":2,"name":"Polityka prywatno\u015bci"}]},{"@type":"WebSite","@id":"https:\/\/banglob.pl\/en\/#website","url":"https:\/\/banglob.pl\/en\/","name":"BanGlob","description":"Kolejna witryna WordPress","potentialAction":[{"@type":"SearchAction","target":{"@type":"EntryPoint","urlTemplate":"https:\/\/banglob.pl\/en\/?s={search_term_string}"},"query-input":{"@type":"PropertyValueSpecification","valueRequired":true,"valueName":"search_term_string"}}],"inLanguage":"en-US"}]}},"_links":{"self":[{"href":"https:\/\/banglob.pl\/en\/wp-json\/wp\/v2\/pages\/5147","targetHints":{"allow":["GET"]}}],"collection":[{"href":"https:\/\/banglob.pl\/en\/wp-json\/wp\/v2\/pages"}],"about":[{"href":"https:\/\/banglob.pl\/en\/wp-json\/wp\/v2\/types\/page"}],"author":[{"embeddable":true,"href":"https:\/\/banglob.pl\/en\/wp-json\/wp\/v2\/users\/3"}],"replies":[{"embeddable":true,"href":"https:\/\/banglob.pl\/en\/wp-json\/wp\/v2\/comments?post=5147"}],"version-history":[{"count":1,"href":"https:\/\/banglob.pl\/en\/wp-json\/wp\/v2\/pages\/5147\/revisions"}],"predecessor-version":[{"id":5148,"href":"https:\/\/banglob.pl\/en\/wp-json\/wp\/v2\/pages\/5147\/revisions\/5148"}],"wp:attachment":[{"href":"https:\/\/banglob.pl\/en\/wp-json\/wp\/v2\/media?parent=5147"}],"curies":[{"name":"wp","href":"https:\/\/api.w.org\/{rel}","templated":true}]}}