{"id":5145,"date":"2023-08-30T06:49:52","date_gmt":"2023-08-30T06:49:52","guid":{"rendered":"https:\/\/banglob.pl\/uefa-euro-2012\/"},"modified":"2026-04-17T15:01:15","modified_gmt":"2026-04-17T15:01:15","slug":"uefa-euro-2012","status":"publish","type":"page","link":"https:\/\/banglob.pl\/en\/uefa-euro-2012\/","title":{"rendered":"UEFA EURO 2012"},"content":{"rendered":"\t\t<div data-elementor-type=\"wp-page\" data-elementor-id=\"5145\" class=\"elementor elementor-5145 elementor-1160\" data-elementor-post-type=\"page\">\n\t\t\t\t\t\t<section class=\"elementor-section elementor-top-section elementor-element elementor-element-2f60e77b elementor-section-boxed elementor-section-height-default elementor-section-height-default\" data-id=\"2f60e77b\" data-element_type=\"section\" data-e-type=\"section\">\n\t\t\t\t\t\t<div class=\"elementor-container elementor-column-gap-default\">\n\t\t\t\t\t<div class=\"elementor-column elementor-col-50 elementor-top-column elementor-element elementor-element-4954b448\" data-id=\"4954b448\" data-element_type=\"column\" data-e-type=\"column\">\n\t\t\t<div class=\"elementor-widget-wrap elementor-element-populated\">\n\t\t\t\t\t\t<div class=\"elementor-element elementor-element-667d9259 elementor-widget elementor-widget-text-editor\" data-id=\"667d9259\" data-element_type=\"widget\" data-e-type=\"widget\" data-widget_type=\"text-editor.default\">\n\t\t\t\t<div class=\"elementor-widget-container\">\n\t\t\t\t\t\t\t\t\t<p><strong>The 2012 UEFA European Football Championship, the fourteenth edition of the men&#8217;s European football championship, was co-hosted by Poland and Ukraine. The event, operating under the official slogan &#8220;Creating History Together&#8221;, served as a catalyst for economic development and significantly boosted the tourism profile of Gda\u0144sk.<\/strong><\/p>\t\t\t\t\t\t\t\t<\/div>\n\t\t\t\t<\/div>\n\t\t\t\t<section class=\"elementor-section elementor-inner-section elementor-element elementor-element-342b6692 elementor-section-boxed elementor-section-height-default elementor-section-height-default\" data-id=\"342b6692\" data-element_type=\"section\" data-e-type=\"section\">\n\t\t\t\t\t\t<div class=\"elementor-container elementor-column-gap-default\">\n\t\t\t\t\t<div class=\"elementor-column elementor-col-100 elementor-inner-column elementor-element elementor-element-448d17f1\" data-id=\"448d17f1\" data-element_type=\"column\" data-e-type=\"column\">\n\t\t\t<div class=\"elementor-widget-wrap elementor-element-populated\">\n\t\t\t\t\t\t<div class=\"elementor-element elementor-element-4f499d9b elementor-icon-list--layout-traditional elementor-list-item-link-full_width elementor-widget elementor-widget-icon-list\" data-id=\"4f499d9b\" data-element_type=\"widget\" data-e-type=\"widget\" data-widget_type=\"icon-list.default\">\n\t\t\t\t<div class=\"elementor-widget-container\">\n\t\t\t\t\t\t\t<ul class=\"elementor-icon-list-items\">\n\t\t\t\t\t\t\t<li class=\"elementor-icon-list-item\">\n\t\t\t\t\t\t\t\t\t\t\t<span class=\"elementor-icon-list-icon\">\n\t\t\t\t\t\t\t<i aria-hidden=\"true\" class=\"fas fa-check-circle\"><\/i>\t\t\t\t\t\t<\/span>\n\t\t\t\t\t\t\t\t\t\t<span class=\"elementor-icon-list-text\">VIP zone catering<\/span>\n\t\t\t\t\t\t\t\t\t<\/li>\n\t\t\t\t\t\t\t\t<li class=\"elementor-icon-list-item\">\n\t\t\t\t\t\t\t\t\t\t\t<span class=\"elementor-icon-list-icon\">\n\t\t\t\t\t\t\t<i aria-hidden=\"true\" class=\"fas fa-check-circle\"><\/i>\t\t\t\t\t\t<\/span>\n\t\t\t\t\t\t\t\t\t\t<span class=\"elementor-icon-list-text\">The stadium is the fifth-largest football venue in Poland<\/span>\n\t\t\t\t\t\t\t\t\t<\/li>\n\t\t\t\t\t\t\t\t<li class=\"elementor-icon-list-item\">\n\t\t\t\t\t\t\t\t\t\t\t<span class=\"elementor-icon-list-icon\">\n\t\t\t\t\t\t\t<i aria-hidden=\"true\" class=\"fas fa-check-circle\"><\/i>\t\t\t\t\t\t<\/span>\n\t\t\t\t\t\t\t\t\t\t<span class=\"elementor-icon-list-text\">Host city Gda\u0144sk, Euro Arena stadium<\/span>\n\t\t\t\t\t\t\t\t\t<\/li>\n\t\t\t\t\t\t<\/ul>\n\t\t\t\t\t\t<\/div>\n\t\t\t\t<\/div>\n\t\t\t\t\t<\/div>\n\t\t<\/div>\n\t\t\t\t\t<\/div>\n\t\t<\/section>\n\t\t\t\t<div class=\"elementor-element elementor-element-3fea0a12 elementor-widget-divider--view-line elementor-widget elementor-widget-divider\" data-id=\"3fea0a12\" data-element_type=\"widget\" data-e-type=\"widget\" data-widget_type=\"divider.default\">\n\t\t\t\t<div class=\"elementor-widget-container\">\n\t\t\t\t\t\t\t<div class=\"elementor-divider\">\n\t\t\t<span class=\"elementor-divider-separator\">\n\t\t\t\t\t\t<\/span>\n\t\t<\/div>\n\t\t\t\t\t\t<\/div>\n\t\t\t\t<\/div>\n\t\t\t\t<section class=\"elementor-section elementor-inner-section elementor-element elementor-element-75de2fa4 elementor-section-boxed elementor-section-height-default elementor-section-height-default\" data-id=\"75de2fa4\" data-element_type=\"section\" data-e-type=\"section\">\n\t\t\t\t\t\t<div class=\"elementor-container elementor-column-gap-default\">\n\t\t\t\t\t<div class=\"elementor-column elementor-col-50 elementor-inner-column elementor-element elementor-element-1633544e\" data-id=\"1633544e\" data-element_type=\"column\" data-e-type=\"column\">\n\t\t\t<div class=\"elementor-widget-wrap elementor-element-populated\">\n\t\t\t\t\t\t<div class=\"elementor-element elementor-element-6db96518 elementor-align-left elementor-widget elementor-widget-button\" data-id=\"6db96518\" data-element_type=\"widget\" data-e-type=\"widget\" data-widget_type=\"button.default\">\n\t\t\t\t<div class=\"elementor-widget-container\">\n\t\t\t\t\t\t\t\t\t<div class=\"elementor-button-wrapper\">\n\t\t\t\t\t<a class=\"elementor-button elementor-button-link elementor-size-lg\" href=\"https:\/\/banglob.pl\/en\/contact\/\">\n\t\t\t\t\t\t<span class=\"elementor-button-content-wrapper\">\n\t\t\t\t\t\t\t\t\t<span class=\"elementor-button-text\">Get in touch<\/span>\n\t\t\t\t\t<\/span>\n\t\t\t\t\t<\/a>\n\t\t\t\t<\/div>\n\t\t\t\t\t\t\t\t<\/div>\n\t\t\t\t<\/div>\n\t\t\t\t\t<\/div>\n\t\t<\/div>\n\t\t\t\t<div class=\"elementor-column elementor-col-50 elementor-inner-column elementor-element elementor-element-3d7db94\" data-id=\"3d7db94\" data-element_type=\"column\" data-e-type=\"column\">\n\t\t\t<div class=\"elementor-widget-wrap elementor-element-populated\">\n\t\t\t\t\t\t<div class=\"elementor-element elementor-element-7a66469 elementor-position-inline-start elementor-view-stacked elementor-shape-circle elementor-mobile-position-block-start elementor-widget elementor-widget-icon-box\" data-id=\"7a66469\" data-element_type=\"widget\" data-e-type=\"widget\" data-widget_type=\"icon-box.default\">\n\t\t\t\t<div class=\"elementor-widget-container\">\n\t\t\t\t\t\t\t<div class=\"elementor-icon-box-wrapper\">\n\n\t\t\t\t\t\t<div class=\"elementor-icon-box-icon\">\n\t\t\t\t<span  class=\"elementor-icon\">\n\t\t\t\t<i aria-hidden=\"true\" class=\"fas fa-mobile-alt\"><\/i>\t\t\t\t<\/span>\n\t\t\t<\/div>\n\t\t\t\n\t\t\t\t\t\t<div class=\"elementor-icon-box-content\">\n\n\t\t\t\t\t\t\t\t\t<h3 class=\"elementor-icon-box-title\">\n\t\t\t\t\t\t<span  >\n\t\t\t\t\t\t\tCall us\t\t\t\t\t\t<\/span>\n\t\t\t\t\t<\/h3>\n\t\t\t\t\n\t\t\t\t\t\t\t\t\t<p class=\"elementor-icon-box-description\">\n\t\t\t\t\t\t<a href=\"tel:=+48586204329\"><span style=\"color:#222222\">+48 58 620 43 29<\/span><\/a>\t\t\t\t\t<\/p>\n\t\t\t\t\n\t\t\t<\/div>\n\t\t\t\n\t\t<\/div>\n\t\t\t\t\t\t<\/div>\n\t\t\t\t<\/div>\n\t\t\t\t\t<\/div>\n\t\t<\/div>\n\t\t\t\t\t<\/div>\n\t\t<\/section>\n\t\t\t\t\t<\/div>\n\t\t<\/div>\n\t\t\t\t<div class=\"elementor-column elementor-col-50 elementor-top-column elementor-element elementor-element-138d05ea\" data-id=\"138d05ea\" data-element_type=\"column\" data-e-type=\"column\">\n\t\t\t<div class=\"elementor-widget-wrap elementor-element-populated\">\n\t\t\t\t\t\t<div class=\"elementor-element elementor-element-154e805e elementor-widget elementor-widget-gallery\" data-id=\"154e805e\" data-element_type=\"widget\" data-e-type=\"widget\" data-settings=\"{&quot;columns&quot;:2,&quot;lazyload&quot;:&quot;yes&quot;,&quot;gallery_layout&quot;:&quot;grid&quot;,&quot;columns_tablet&quot;:2,&quot;columns_mobile&quot;:1,&quot;gap&quot;:{&quot;unit&quot;:&quot;px&quot;,&quot;size&quot;:10,&quot;sizes&quot;:[]},&quot;gap_tablet&quot;:{&quot;unit&quot;:&quot;px&quot;,&quot;size&quot;:10,&quot;sizes&quot;:[]},&quot;gap_mobile&quot;:{&quot;unit&quot;:&quot;px&quot;,&quot;size&quot;:10,&quot;sizes&quot;:[]},&quot;link_to&quot;:&quot;file&quot;,&quot;aspect_ratio&quot;:&quot;3:2&quot;,&quot;overlay_background&quot;:&quot;yes&quot;,&quot;content_hover_animation&quot;:&quot;fade-in&quot;}\" data-widget_type=\"gallery.default\">\n\t\t\t\t<div class=\"elementor-widget-container\">\n\t\t\t\t\t\t\t<div class=\"elementor-gallery__container\">\n\t\t\t\t\t\t\t<a class=\"e-gallery-item elementor-gallery-item elementor-animated-content\" href=\"https:\/\/banglob.pl\/wp-content\/uploads\/2023\/08\/EURO-20212-BanGlob-Catering-1.jpg\" data-elementor-open-lightbox=\"yes\" data-elementor-lightbox-slideshow=\"154e805e\" data-elementor-lightbox-title=\"EURO 2012 - BanGlob Catering\" data-elementor-lightbox-description=\"EURO 2012 - BanGlob Catering\" data-e-action-hash=\"#elementor-action%3Aaction%3Dlightbox%26settings%3DeyJpZCI6NTEzOSwidXJsIjoiaHR0cHM6XC9cL2Jhbmdsb2IucGxcL3dwLWNvbnRlbnRcL3VwbG9hZHNcLzIwMjNcLzA4XC9FVVJPLTIwMjEyLUJhbkdsb2ItQ2F0ZXJpbmctMS5qcGciLCJzbGlkZXNob3ciOiIxNTRlODA1ZSJ9\">\n\t\t\t\t\t<div class=\"e-gallery-image elementor-gallery-item__image\" data-thumbnail=\"https:\/\/banglob.pl\/wp-content\/uploads\/2023\/08\/EURO-20212-BanGlob-Catering-1.jpg\" data-width=\"1024\" data-height=\"682\" aria-label=\"EURO 2012 - BanGlob Catering\" role=\"img\" ><\/div>\n\t\t\t\t\t\t\t\t\t\t\t<div class=\"elementor-gallery-item__overlay\"><\/div>\n\t\t\t\t\t\t\t\t\t\t\t\t\t\t<\/a>\n\t\t\t\t\t\t\t<a class=\"e-gallery-item elementor-gallery-item elementor-animated-content\" href=\"https:\/\/banglob.pl\/wp-content\/uploads\/2023\/08\/EURO-20212-BanGlob-Catering-2.jpg\" data-elementor-open-lightbox=\"yes\" data-elementor-lightbox-slideshow=\"154e805e\" data-elementor-lightbox-title=\"EURO 2012 - BanGlob Catering\" data-elementor-lightbox-description=\"EURO 2012 - BanGlob Catering\" data-e-action-hash=\"#elementor-action%3Aaction%3Dlightbox%26settings%3DeyJpZCI6NTE0MCwidXJsIjoiaHR0cHM6XC9cL2Jhbmdsb2IucGxcL3dwLWNvbnRlbnRcL3VwbG9hZHNcLzIwMjNcLzA4XC9FVVJPLTIwMjEyLUJhbkdsb2ItQ2F0ZXJpbmctMi5qcGciLCJzbGlkZXNob3ciOiIxNTRlODA1ZSJ9\">\n\t\t\t\t\t<div class=\"e-gallery-image elementor-gallery-item__image\" data-thumbnail=\"https:\/\/banglob.pl\/wp-content\/uploads\/2023\/08\/EURO-20212-BanGlob-Catering-2.jpg\" data-width=\"1024\" data-height=\"682\" aria-label=\"EURO 2012 - BanGlob Catering\" role=\"img\" ><\/div>\n\t\t\t\t\t\t\t\t\t\t\t<div class=\"elementor-gallery-item__overlay\"><\/div>\n\t\t\t\t\t\t\t\t\t\t\t\t\t\t<\/a>\n\t\t\t\t\t\t\t<a class=\"e-gallery-item elementor-gallery-item elementor-animated-content\" href=\"https:\/\/banglob.pl\/wp-content\/uploads\/2023\/08\/EURO-20212-BanGlob-Catering-3.jpg\" data-elementor-open-lightbox=\"yes\" data-elementor-lightbox-slideshow=\"154e805e\" data-elementor-lightbox-title=\"EURO 2012 - BanGlob Catering\" data-elementor-lightbox-description=\"EURO 2012 - BanGlob Catering\" data-e-action-hash=\"#elementor-action%3Aaction%3Dlightbox%26settings%3DeyJpZCI6NTE0MSwidXJsIjoiaHR0cHM6XC9cL2Jhbmdsb2IucGxcL3dwLWNvbnRlbnRcL3VwbG9hZHNcLzIwMjNcLzA4XC9FVVJPLTIwMjEyLUJhbkdsb2ItQ2F0ZXJpbmctMy5qcGciLCJzbGlkZXNob3ciOiIxNTRlODA1ZSJ9\">\n\t\t\t\t\t<div class=\"e-gallery-image elementor-gallery-item__image\" data-thumbnail=\"https:\/\/banglob.pl\/wp-content\/uploads\/2023\/08\/EURO-20212-BanGlob-Catering-3.jpg\" data-width=\"1024\" data-height=\"682\" aria-label=\"EURO 2012 - BanGlob Catering\" role=\"img\" ><\/div>\n\t\t\t\t\t\t\t\t\t\t\t<div class=\"elementor-gallery-item__overlay\"><\/div>\n\t\t\t\t\t\t\t\t\t\t\t\t\t\t<\/a>\n\t\t\t\t\t\t\t<a class=\"e-gallery-item elementor-gallery-item elementor-animated-content\" href=\"https:\/\/banglob.pl\/wp-content\/uploads\/2023\/08\/EURO-20212-BanGlob-Catering-4.jpg\" data-elementor-open-lightbox=\"yes\" data-elementor-lightbox-slideshow=\"154e805e\" data-elementor-lightbox-title=\"EURO 2012 - BanGlob Catering\" data-elementor-lightbox-description=\"EURO 2012 - BanGlob Catering\" data-e-action-hash=\"#elementor-action%3Aaction%3Dlightbox%26settings%3DeyJpZCI6NTE0MiwidXJsIjoiaHR0cHM6XC9cL2Jhbmdsb2IucGxcL3dwLWNvbnRlbnRcL3VwbG9hZHNcLzIwMjNcLzA4XC9FVVJPLTIwMjEyLUJhbkdsb2ItQ2F0ZXJpbmctNC5qcGciLCJzbGlkZXNob3ciOiIxNTRlODA1ZSJ9\">\n\t\t\t\t\t<div class=\"e-gallery-image elementor-gallery-item__image\" data-thumbnail=\"https:\/\/banglob.pl\/wp-content\/uploads\/2023\/08\/EURO-20212-BanGlob-Catering-4.jpg\" data-width=\"1024\" data-height=\"682\" aria-label=\"EURO 2012 - BanGlob Catering\" role=\"img\" ><\/div>\n\t\t\t\t\t\t\t\t\t\t\t<div class=\"elementor-gallery-item__overlay\"><\/div>\n\t\t\t\t\t\t\t\t\t\t\t\t\t\t<\/a>\n\t\t\t\t\t\t\t<a class=\"e-gallery-item elementor-gallery-item elementor-animated-content\" href=\"https:\/\/banglob.pl\/wp-content\/uploads\/2023\/08\/EURO-20212-BanGlob-Catering-5.jpg\" data-elementor-open-lightbox=\"yes\" data-elementor-lightbox-slideshow=\"154e805e\" data-elementor-lightbox-title=\"EURO 2012 - BanGlob Catering\" data-elementor-lightbox-description=\"EURO 2012 - BanGlob Catering\" data-e-action-hash=\"#elementor-action%3Aaction%3Dlightbox%26settings%3DeyJpZCI6NTE0MywidXJsIjoiaHR0cHM6XC9cL2Jhbmdsb2IucGxcL3dwLWNvbnRlbnRcL3VwbG9hZHNcLzIwMjNcLzA4XC9FVVJPLTIwMjEyLUJhbkdsb2ItQ2F0ZXJpbmctNS5qcGciLCJzbGlkZXNob3ciOiIxNTRlODA1ZSJ9\">\n\t\t\t\t\t<div class=\"e-gallery-image elementor-gallery-item__image\" data-thumbnail=\"https:\/\/banglob.pl\/wp-content\/uploads\/2023\/08\/EURO-20212-BanGlob-Catering-5.jpg\" data-width=\"1024\" data-height=\"682\" aria-label=\"EURO 2012 - BanGlob Catering\" role=\"img\" ><\/div>\n\t\t\t\t\t\t\t\t\t\t\t<div class=\"elementor-gallery-item__overlay\"><\/div>\n\t\t\t\t\t\t\t\t\t\t\t\t\t\t<\/a>\n\t\t\t\t\t\t\t<a class=\"e-gallery-item elementor-gallery-item elementor-animated-content\" href=\"https:\/\/banglob.pl\/wp-content\/uploads\/2023\/08\/EURO-20212-BanGlob-Catering-6.jpg\" data-elementor-open-lightbox=\"yes\" data-elementor-lightbox-slideshow=\"154e805e\" data-elementor-lightbox-title=\"EURO 2012 - BanGlob Catering\" data-elementor-lightbox-description=\"EURO 2012 - BanGlob Catering\" data-e-action-hash=\"#elementor-action%3Aaction%3Dlightbox%26settings%3DeyJpZCI6NTE0NCwidXJsIjoiaHR0cHM6XC9cL2Jhbmdsb2IucGxcL3dwLWNvbnRlbnRcL3VwbG9hZHNcLzIwMjNcLzA4XC9FVVJPLTIwMjEyLUJhbkdsb2ItQ2F0ZXJpbmctNi5qcGciLCJzbGlkZXNob3ciOiIxNTRlODA1ZSJ9\">\n\t\t\t\t\t<div class=\"e-gallery-image elementor-gallery-item__image\" data-thumbnail=\"https:\/\/banglob.pl\/wp-content\/uploads\/2023\/08\/EURO-20212-BanGlob-Catering-6.jpg\" data-width=\"1024\" data-height=\"682\" aria-label=\"EURO 2012 - BanGlob Catering\" role=\"img\" ><\/div>\n\t\t\t\t\t\t\t\t\t\t\t<div class=\"elementor-gallery-item__overlay\"><\/div>\n\t\t\t\t\t\t\t\t\t\t\t\t\t\t<\/a>\n\t\t\t\t\t<\/div>\n\t\t\t\t\t<\/div>\n\t\t\t\t<\/div>\n\t\t\t\t\t<\/div>\n\t\t<\/div>\n\t\t\t\t\t<\/div>\n\t\t<\/section>\n\t\t\t\t<\/div>\n\t\t","protected":false},"excerpt":{"rendered":"<p>The 2012 UEFA European Football Championship, the fourteenth edition of the men&#8217;s European football championship, was co-hosted by Poland and Ukraine. The event, operating under the official slogan &#8220;Creating History Together&#8221;, served as a catalyst for economic development and significantly boosted the tourism profile of Gda\u0144sk. VIP zone catering The stadium is the fifth-largest football [&hellip;]<\/p>\n","protected":false},"author":3,"featured_media":0,"parent":0,"menu_order":0,"comment_status":"closed","ping_status":"closed","template":"","meta":{"footnotes":""},"class_list":["post-5145","page","type-page","status-publish","hentry"],"yoast_head":"<!-- This site is optimized with the Yoast SEO plugin v27.4 - https:\/\/yoast.com\/product\/yoast-seo-wordpress\/ -->\n<title>EURO 2012 - BanGlob Catering<\/title>\n<meta name=\"description\" content=\"BanGlob na EURO 2012. Poznaj kulisy naszej pracy jako wy\u0142\u0105cznego operatora strefy VIP UEFA w Gda\u0144sku. Zobacz, jak sprostali\u015bmy najwy\u017cszym \u015bwiatowym standardom!\" \/>\n<meta name=\"robots\" content=\"index, follow, max-snippet:-1, max-image-preview:large, max-video-preview:-1\" \/>\n<link rel=\"canonical\" href=\"https:\/\/banglob.pl\/en\/uefa-euro-2012\/\" \/>\n<meta property=\"og:locale\" content=\"en_US\" \/>\n<meta property=\"og:type\" content=\"article\" \/>\n<meta property=\"og:title\" content=\"EURO 2012 - BanGlob Catering\" \/>\n<meta property=\"og:description\" content=\"BanGlob na EURO 2012. Poznaj kulisy naszej pracy jako wy\u0142\u0105cznego operatora strefy VIP UEFA w Gda\u0144sku. Zobacz, jak sprostali\u015bmy najwy\u017cszym \u015bwiatowym standardom!\" \/>\n<meta property=\"og:url\" content=\"https:\/\/banglob.pl\/en\/uefa-euro-2012\/\" \/>\n<meta property=\"og:site_name\" content=\"BanGlob\" \/>\n<meta property=\"article:modified_time\" content=\"2026-04-17T15:01:15+00:00\" \/>\n<meta name=\"twitter:card\" content=\"summary_large_image\" \/>\n<script type=\"application\/ld+json\" class=\"yoast-schema-graph\">{\"@context\":\"https:\\\/\\\/schema.org\",\"@graph\":[{\"@type\":\"WebPage\",\"@id\":\"https:\\\/\\\/banglob.pl\\\/en\\\/uefa-euro-2012\\\/\",\"url\":\"https:\\\/\\\/banglob.pl\\\/en\\\/uefa-euro-2012\\\/\",\"name\":\"EURO 2012 - BanGlob Catering\",\"isPartOf\":{\"@id\":\"https:\\\/\\\/banglob.pl\\\/en\\\/#website\"},\"datePublished\":\"2023-08-30T06:49:52+00:00\",\"dateModified\":\"2026-04-17T15:01:15+00:00\",\"description\":\"BanGlob na EURO 2012. Poznaj kulisy naszej pracy jako wy\u0142\u0105cznego operatora strefy VIP UEFA w Gda\u0144sku. Zobacz, jak sprostali\u015bmy najwy\u017cszym \u015bwiatowym standardom!\",\"breadcrumb\":{\"@id\":\"https:\\\/\\\/banglob.pl\\\/en\\\/uefa-euro-2012\\\/#breadcrumb\"},\"inLanguage\":\"en-US\",\"potentialAction\":[{\"@type\":\"ReadAction\",\"target\":[\"https:\\\/\\\/banglob.pl\\\/en\\\/uefa-euro-2012\\\/\"]}]},{\"@type\":\"BreadcrumbList\",\"@id\":\"https:\\\/\\\/banglob.pl\\\/en\\\/uefa-euro-2012\\\/#breadcrumb\",\"itemListElement\":[{\"@type\":\"ListItem\",\"position\":1,\"name\":\"Strona g\u0142\u00f3wna\",\"item\":\"https:\\\/\\\/banglob.pl\\\/en\\\/\"},{\"@type\":\"ListItem\",\"position\":2,\"name\":\"UEFA EURO 2012\"}]},{\"@type\":\"WebSite\",\"@id\":\"https:\\\/\\\/banglob.pl\\\/en\\\/#website\",\"url\":\"https:\\\/\\\/banglob.pl\\\/en\\\/\",\"name\":\"BanGlob\",\"description\":\"Kolejna witryna WordPress\",\"potentialAction\":[{\"@type\":\"SearchAction\",\"target\":{\"@type\":\"EntryPoint\",\"urlTemplate\":\"https:\\\/\\\/banglob.pl\\\/en\\\/?s={search_term_string}\"},\"query-input\":{\"@type\":\"PropertyValueSpecification\",\"valueRequired\":true,\"valueName\":\"search_term_string\"}}],\"inLanguage\":\"en-US\"}]}<\/script>\n<!-- \/ Yoast SEO plugin. -->","yoast_head_json":{"title":"EURO 2012 - BanGlob Catering","description":"BanGlob na EURO 2012. Poznaj kulisy naszej pracy jako wy\u0142\u0105cznego operatora strefy VIP UEFA w Gda\u0144sku. Zobacz, jak sprostali\u015bmy najwy\u017cszym \u015bwiatowym standardom!","robots":{"index":"index","follow":"follow","max-snippet":"max-snippet:-1","max-image-preview":"max-image-preview:large","max-video-preview":"max-video-preview:-1"},"canonical":"https:\/\/banglob.pl\/en\/uefa-euro-2012\/","og_locale":"en_US","og_type":"article","og_title":"EURO 2012 - BanGlob Catering","og_description":"BanGlob na EURO 2012. Poznaj kulisy naszej pracy jako wy\u0142\u0105cznego operatora strefy VIP UEFA w Gda\u0144sku. Zobacz, jak sprostali\u015bmy najwy\u017cszym \u015bwiatowym standardom!","og_url":"https:\/\/banglob.pl\/en\/uefa-euro-2012\/","og_site_name":"BanGlob","article_modified_time":"2026-04-17T15:01:15+00:00","twitter_card":"summary_large_image","schema":{"@context":"https:\/\/schema.org","@graph":[{"@type":"WebPage","@id":"https:\/\/banglob.pl\/en\/uefa-euro-2012\/","url":"https:\/\/banglob.pl\/en\/uefa-euro-2012\/","name":"EURO 2012 - BanGlob Catering","isPartOf":{"@id":"https:\/\/banglob.pl\/en\/#website"},"datePublished":"2023-08-30T06:49:52+00:00","dateModified":"2026-04-17T15:01:15+00:00","description":"BanGlob na EURO 2012. Poznaj kulisy naszej pracy jako wy\u0142\u0105cznego operatora strefy VIP UEFA w Gda\u0144sku. Zobacz, jak sprostali\u015bmy najwy\u017cszym \u015bwiatowym standardom!","breadcrumb":{"@id":"https:\/\/banglob.pl\/en\/uefa-euro-2012\/#breadcrumb"},"inLanguage":"en-US","potentialAction":[{"@type":"ReadAction","target":["https:\/\/banglob.pl\/en\/uefa-euro-2012\/"]}]},{"@type":"BreadcrumbList","@id":"https:\/\/banglob.pl\/en\/uefa-euro-2012\/#breadcrumb","itemListElement":[{"@type":"ListItem","position":1,"name":"Strona g\u0142\u00f3wna","item":"https:\/\/banglob.pl\/en\/"},{"@type":"ListItem","position":2,"name":"UEFA EURO 2012"}]},{"@type":"WebSite","@id":"https:\/\/banglob.pl\/en\/#website","url":"https:\/\/banglob.pl\/en\/","name":"BanGlob","description":"Kolejna witryna WordPress","potentialAction":[{"@type":"SearchAction","target":{"@type":"EntryPoint","urlTemplate":"https:\/\/banglob.pl\/en\/?s={search_term_string}"},"query-input":{"@type":"PropertyValueSpecification","valueRequired":true,"valueName":"search_term_string"}}],"inLanguage":"en-US"}]}},"_links":{"self":[{"href":"https:\/\/banglob.pl\/en\/wp-json\/wp\/v2\/pages\/5145","targetHints":{"allow":["GET"]}}],"collection":[{"href":"https:\/\/banglob.pl\/en\/wp-json\/wp\/v2\/pages"}],"about":[{"href":"https:\/\/banglob.pl\/en\/wp-json\/wp\/v2\/types\/page"}],"author":[{"embeddable":true,"href":"https:\/\/banglob.pl\/en\/wp-json\/wp\/v2\/users\/3"}],"replies":[{"embeddable":true,"href":"https:\/\/banglob.pl\/en\/wp-json\/wp\/v2\/comments?post=5145"}],"version-history":[{"count":2,"href":"https:\/\/banglob.pl\/en\/wp-json\/wp\/v2\/pages\/5145\/revisions"}],"predecessor-version":[{"id":5575,"href":"https:\/\/banglob.pl\/en\/wp-json\/wp\/v2\/pages\/5145\/revisions\/5575"}],"wp:attachment":[{"href":"https:\/\/banglob.pl\/en\/wp-json\/wp\/v2\/media?parent=5145"}],"curies":[{"name":"wp","href":"https:\/\/api.w.org\/{rel}","templated":true}]}}