{"id":5100,"date":"2025-08-21T13:38:32","date_gmt":"2025-08-21T13:38:32","guid":{"rendered":"https:\/\/banglob.pl\/polish-film-festival-in-gdynia\/"},"modified":"2026-03-22T13:32:02","modified_gmt":"2026-03-22T13:32:02","slug":"polish-film-festival-in-gdynia","status":"publish","type":"page","link":"https:\/\/banglob.pl\/en\/polish-film-festival-in-gdynia\/","title":{"rendered":"Polish Film Festival in Gdynia"},"content":{"rendered":"\t\t<div data-elementor-type=\"wp-page\" data-elementor-id=\"5100\" class=\"elementor elementor-5100 elementor-3945\" data-elementor-post-type=\"page\">\n\t\t\t\t\t\t<section class=\"elementor-section elementor-top-section elementor-element elementor-element-13b315b0 elementor-section-boxed elementor-section-height-default elementor-section-height-default\" data-id=\"13b315b0\" data-element_type=\"section\" data-e-type=\"section\">\n\t\t\t\t\t\t<div class=\"elementor-container elementor-column-gap-default\">\n\t\t\t\t\t<div class=\"elementor-column elementor-col-50 elementor-top-column elementor-element elementor-element-b55e33e\" data-id=\"b55e33e\" data-element_type=\"column\" data-e-type=\"column\">\n\t\t\t<div class=\"elementor-widget-wrap elementor-element-populated\">\n\t\t\t\t\t\t<div class=\"elementor-element elementor-element-5a792dc elementor-widget elementor-widget-image\" data-id=\"5a792dc\" data-element_type=\"widget\" data-e-type=\"widget\" data-widget_type=\"image.default\">\n\t\t\t\t<div class=\"elementor-widget-container\">\n\t\t\t\t\t\t\t\t\t\t\t\t\t\t\t<img decoding=\"async\" width=\"150\" height=\"150\" src=\"https:\/\/banglob.pl\/wp-content\/uploads\/2025\/08\/Festiwal-Polskich-Filmow-Fabularnych-Logo-150x150.png\" class=\"attachment-thumbnail size-thumbnail wp-image-5093\" alt=\"Festiwal Polskich Film\u00f3w Fabularnych w Gdyni Logo\" srcset=\"https:\/\/banglob.pl\/wp-content\/uploads\/2025\/08\/Festiwal-Polskich-Filmow-Fabularnych-Logo-150x150.png 150w, https:\/\/banglob.pl\/wp-content\/uploads\/2025\/08\/Festiwal-Polskich-Filmow-Fabularnych-Logo-300x297.png 300w, https:\/\/banglob.pl\/wp-content\/uploads\/2025\/08\/Festiwal-Polskich-Filmow-Fabularnych-Logo.png 324w\" sizes=\"(max-width: 150px) 100vw, 150px\" \/>\t\t\t\t\t\t\t\t\t\t\t\t\t\t\t<\/div>\n\t\t\t\t<\/div>\n\t\t\t\t<div class=\"elementor-element elementor-element-4d45fa72 elementor-widget elementor-widget-text-editor\" data-id=\"4d45fa72\" data-element_type=\"widget\" data-e-type=\"widget\" data-widget_type=\"text-editor.default\">\n\t\t\t\t<div class=\"elementor-widget-container\">\n\t\t\t\t\t\t\t\t\t<p data-start=\"152\" data-end=\"317\">The Polish Film Festival in Gdynia is the most important event in Polish cinema, attracting filmmakers and audiences from across the country for nearly 50 years.<\/p><p data-start=\"319\" data-end=\"517\">As a festival partner, BanGlob proudly provides the catering for the festival\u2019s accompanying events, ensuring the highest level of service and a sophisticated atmosphere for meetings among artists, producers, and special guests.<\/p><p>\n\n<\/p><p data-start=\"519\" data-end=\"595\"><strong data-start=\"519\" data-end=\"593\">BanGlob \u2013 a trusted partner for Poland&#8217;s largest cultural events.<\/strong><\/p>\t\t\t\t\t\t\t\t<\/div>\n\t\t\t\t<\/div>\n\t\t\t\t<section class=\"elementor-section elementor-inner-section elementor-element elementor-element-e43882b elementor-section-boxed elementor-section-height-default elementor-section-height-default\" data-id=\"e43882b\" data-element_type=\"section\" data-e-type=\"section\">\n\t\t\t\t\t\t<div class=\"elementor-container elementor-column-gap-default\">\n\t\t\t\t\t<div class=\"elementor-column elementor-col-100 elementor-inner-column elementor-element elementor-element-3d63eb82\" data-id=\"3d63eb82\" data-element_type=\"column\" data-e-type=\"column\">\n\t\t\t<div class=\"elementor-widget-wrap elementor-element-populated\">\n\t\t\t\t\t\t<div class=\"elementor-element elementor-element-241c3df0 elementor-icon-list--layout-traditional elementor-list-item-link-full_width elementor-widget elementor-widget-icon-list\" data-id=\"241c3df0\" data-element_type=\"widget\" data-e-type=\"widget\" data-widget_type=\"icon-list.default\">\n\t\t\t\t<div class=\"elementor-widget-container\">\n\t\t\t\t\t\t\t<ul class=\"elementor-icon-list-items\">\n\t\t\t\t\t\t\t<li class=\"elementor-icon-list-item\">\n\t\t\t\t\t\t\t\t\t\t\t<span class=\"elementor-icon-list-icon\">\n\t\t\t\t\t\t\t<i aria-hidden=\"true\" class=\"fas fa-check-circle\"><\/i>\t\t\t\t\t\t<\/span>\n\t\t\t\t\t\t\t\t\t\t<span class=\"elementor-icon-list-text\">Host: The City of Gdynia and industry partners<\/span>\n\t\t\t\t\t\t\t\t\t<\/li>\n\t\t\t\t\t\t\t\t<li class=\"elementor-icon-list-item\">\n\t\t\t\t\t\t\t\t\t\t\t<span class=\"elementor-icon-list-icon\">\n\t\t\t\t\t\t\t<i aria-hidden=\"true\" class=\"fas fa-check-circle\"><\/i>\t\t\t\t\t\t<\/span>\n\t\t\t\t\t\t\t\t\t\t<span class=\"elementor-icon-list-text\">Attendance: approximately 60,000\u201370,000 participants annually<\/span>\n\t\t\t\t\t\t\t\t\t<\/li>\n\t\t\t\t\t\t\t\t<li class=\"elementor-icon-list-item\">\n\t\t\t\t\t\t\t\t\t\t\t<span class=\"elementor-icon-list-icon\">\n\t\t\t\t\t\t\t<i aria-hidden=\"true\" class=\"fas fa-check-circle\"><\/i>\t\t\t\t\t\t<\/span>\n\t\t\t\t\t\t\t\t\t\t<span class=\"elementor-icon-list-text\">50th Anniversary Edition: 22\u201327 September 2025 <\/span>\n\t\t\t\t\t\t\t\t\t<\/li>\n\t\t\t\t\t\t<\/ul>\n\t\t\t\t\t\t<\/div>\n\t\t\t\t<\/div>\n\t\t\t\t\t<\/div>\n\t\t<\/div>\n\t\t\t\t\t<\/div>\n\t\t<\/section>\n\t\t\t\t<div class=\"elementor-element elementor-element-5826fd06 elementor-widget-divider--view-line elementor-widget elementor-widget-divider\" data-id=\"5826fd06\" data-element_type=\"widget\" data-e-type=\"widget\" data-widget_type=\"divider.default\">\n\t\t\t\t<div class=\"elementor-widget-container\">\n\t\t\t\t\t\t\t<div class=\"elementor-divider\">\n\t\t\t<span class=\"elementor-divider-separator\">\n\t\t\t\t\t\t<\/span>\n\t\t<\/div>\n\t\t\t\t\t\t<\/div>\n\t\t\t\t<\/div>\n\t\t\t\t<section class=\"elementor-section elementor-inner-section elementor-element elementor-element-41ad2b29 elementor-section-boxed elementor-section-height-default elementor-section-height-default\" data-id=\"41ad2b29\" data-element_type=\"section\" data-e-type=\"section\">\n\t\t\t\t\t\t<div class=\"elementor-container elementor-column-gap-default\">\n\t\t\t\t\t<div class=\"elementor-column elementor-col-50 elementor-inner-column elementor-element elementor-element-63fc5048\" data-id=\"63fc5048\" data-element_type=\"column\" data-e-type=\"column\">\n\t\t\t<div class=\"elementor-widget-wrap elementor-element-populated\">\n\t\t\t\t\t\t<div class=\"elementor-element elementor-element-3f6c8bf6 elementor-align-left elementor-widget elementor-widget-button\" data-id=\"3f6c8bf6\" data-element_type=\"widget\" data-e-type=\"widget\" data-widget_type=\"button.default\">\n\t\t\t\t<div class=\"elementor-widget-container\">\n\t\t\t\t\t\t\t\t\t<div class=\"elementor-button-wrapper\">\n\t\t\t\t\t<a class=\"elementor-button elementor-button-link elementor-size-lg\" href=\"\/kontakt\">\n\t\t\t\t\t\t<span class=\"elementor-button-content-wrapper\">\n\t\t\t\t\t\t\t\t\t<span class=\"elementor-button-text\">Get in touch<\/span>\n\t\t\t\t\t<\/span>\n\t\t\t\t\t<\/a>\n\t\t\t\t<\/div>\n\t\t\t\t\t\t\t\t<\/div>\n\t\t\t\t<\/div>\n\t\t\t\t\t<\/div>\n\t\t<\/div>\n\t\t\t\t<div class=\"elementor-column elementor-col-50 elementor-inner-column elementor-element elementor-element-31e7e949\" data-id=\"31e7e949\" data-element_type=\"column\" data-e-type=\"column\">\n\t\t\t<div class=\"elementor-widget-wrap elementor-element-populated\">\n\t\t\t\t\t\t<div class=\"elementor-element elementor-element-47efb47f elementor-position-inline-start elementor-view-stacked elementor-shape-circle elementor-mobile-position-block-start elementor-widget elementor-widget-icon-box\" data-id=\"47efb47f\" data-element_type=\"widget\" data-e-type=\"widget\" data-widget_type=\"icon-box.default\">\n\t\t\t\t<div class=\"elementor-widget-container\">\n\t\t\t\t\t\t\t<div class=\"elementor-icon-box-wrapper\">\n\n\t\t\t\t\t\t<div class=\"elementor-icon-box-icon\">\n\t\t\t\t<span  class=\"elementor-icon\">\n\t\t\t\t<i aria-hidden=\"true\" class=\"fas fa-mobile-alt\"><\/i>\t\t\t\t<\/span>\n\t\t\t<\/div>\n\t\t\t\n\t\t\t\t\t\t<div class=\"elementor-icon-box-content\">\n\n\t\t\t\t\t\t\t\t\t<h3 class=\"elementor-icon-box-title\">\n\t\t\t\t\t\t<span  >\n\t\t\t\t\t\t\tCall us\t\t\t\t\t\t<\/span>\n\t\t\t\t\t<\/h3>\n\t\t\t\t\n\t\t\t\t\t\t\t\t\t<p class=\"elementor-icon-box-description\">\n\t\t\t\t\t\t<a href=\"tel:=+48586204329\"><span style=\"color:#222222\">+48 58 620 43 29<\/span><\/a>\t\t\t\t\t<\/p>\n\t\t\t\t\n\t\t\t<\/div>\n\t\t\t\n\t\t<\/div>\n\t\t\t\t\t\t<\/div>\n\t\t\t\t<\/div>\n\t\t\t\t\t<\/div>\n\t\t<\/div>\n\t\t\t\t\t<\/div>\n\t\t<\/section>\n\t\t\t\t\t<\/div>\n\t\t<\/div>\n\t\t\t\t<div class=\"elementor-column elementor-col-50 elementor-top-column elementor-element elementor-element-78bb4ee8\" data-id=\"78bb4ee8\" data-element_type=\"column\" data-e-type=\"column\">\n\t\t\t<div class=\"elementor-widget-wrap elementor-element-populated\">\n\t\t\t\t\t\t<div class=\"elementor-element elementor-element-7d1a5c59 elementor-widget elementor-widget-gallery\" data-id=\"7d1a5c59\" data-element_type=\"widget\" data-e-type=\"widget\" data-settings=\"{&quot;columns&quot;:2,&quot;aspect_ratio&quot;:&quot;1:1&quot;,&quot;lazyload&quot;:&quot;yes&quot;,&quot;gallery_layout&quot;:&quot;grid&quot;,&quot;columns_tablet&quot;:2,&quot;columns_mobile&quot;:1,&quot;gap&quot;:{&quot;unit&quot;:&quot;px&quot;,&quot;size&quot;:10,&quot;sizes&quot;:[]},&quot;gap_tablet&quot;:{&quot;unit&quot;:&quot;px&quot;,&quot;size&quot;:10,&quot;sizes&quot;:[]},&quot;gap_mobile&quot;:{&quot;unit&quot;:&quot;px&quot;,&quot;size&quot;:10,&quot;sizes&quot;:[]},&quot;link_to&quot;:&quot;file&quot;,&quot;overlay_background&quot;:&quot;yes&quot;,&quot;content_hover_animation&quot;:&quot;fade-in&quot;}\" data-widget_type=\"gallery.default\">\n\t\t\t\t<div class=\"elementor-widget-container\">\n\t\t\t\t\t\t\t<div class=\"elementor-gallery__container\">\n\t\t\t\t\t\t\t<a class=\"e-gallery-item elementor-gallery-item elementor-animated-content\" href=\"https:\/\/banglob.pl\/wp-content\/uploads\/2025\/08\/55199f8b-b830-4723-89e2-1a4b9f1b7906.jpg\" data-elementor-open-lightbox=\"yes\" data-elementor-lightbox-slideshow=\"7d1a5c59\" data-elementor-lightbox-title=\"In the photo, from left: Aldona D\u0142ugoki\u0119cka-Ka\u0142u\u017ca, Mayor of Gdynia Aleksandra Kosiorek, and BanGlob President Brygida Hirszler\" data-elementor-lightbox-description=\"BanGlob Festiwal Polskich Film\u00f3w Fabularnych\" data-e-action-hash=\"#elementor-action%3Aaction%3Dlightbox%26settings%3DeyJpZCI6NTA5NCwidXJsIjoiaHR0cHM6XC9cL2Jhbmdsb2IucGxcL3dwLWNvbnRlbnRcL3VwbG9hZHNcLzIwMjVcLzA4XC81NTE5OWY4Yi1iODMwLTQ3MjMtODllMi0xYTRiOWYxYjc5MDYuanBnIiwic2xpZGVzaG93IjoiN2QxYTVjNTkifQ%3D%3D\">\n\t\t\t\t\t<div class=\"e-gallery-image elementor-gallery-item__image\" data-thumbnail=\"https:\/\/banglob.pl\/wp-content\/uploads\/2025\/08\/55199f8b-b830-4723-89e2-1a4b9f1b7906-225x300.jpg\" data-width=\"225\" data-height=\"300\" aria-label=\"BanGlob Festiwal Polskich Film\u00f3w Fabularnych\" role=\"img\" ><\/div>\n\t\t\t\t\t\t\t\t\t\t\t<div class=\"elementor-gallery-item__overlay\"><\/div>\n\t\t\t\t\t\t\t\t\t\t\t\t\t\t<\/a>\n\t\t\t\t\t\t\t<a class=\"e-gallery-item elementor-gallery-item elementor-animated-content\" href=\"https:\/\/banglob.pl\/wp-content\/uploads\/2025\/08\/IMG_3616.jpg\" data-elementor-open-lightbox=\"yes\" data-elementor-lightbox-slideshow=\"7d1a5c59\" data-elementor-lightbox-description=\"BanGlob Festiwal Polskich Film\u00f3w Fabularnych\" data-e-action-hash=\"#elementor-action%3Aaction%3Dlightbox%26settings%3DeyJpZCI6NTA5NSwidXJsIjoiaHR0cHM6XC9cL2Jhbmdsb2IucGxcL3dwLWNvbnRlbnRcL3VwbG9hZHNcLzIwMjVcLzA4XC9JTUdfMzYxNi5qcGciLCJzbGlkZXNob3ciOiI3ZDFhNWM1OSJ9\">\n\t\t\t\t\t<div class=\"e-gallery-image elementor-gallery-item__image\" data-thumbnail=\"https:\/\/banglob.pl\/wp-content\/uploads\/2025\/08\/IMG_3616-300x225.jpg\" data-width=\"300\" data-height=\"225\" aria-label=\"BanGlob Festiwal Polskich Film\u00f3w Fabularnych\" role=\"img\" ><\/div>\n\t\t\t\t\t\t\t\t\t\t\t<div class=\"elementor-gallery-item__overlay\"><\/div>\n\t\t\t\t\t\t\t\t\t\t\t\t\t\t<\/a>\n\t\t\t\t\t\t\t<a class=\"e-gallery-item elementor-gallery-item elementor-animated-content\" href=\"https:\/\/banglob.pl\/wp-content\/uploads\/2025\/08\/2ca796a6-da6d-4db5-9cd5-68ae2e3227d5.jpg\" data-elementor-open-lightbox=\"yes\" data-elementor-lightbox-slideshow=\"7d1a5c59\" data-elementor-lightbox-title=\"In the photo: BanGlob President Brygida Hirszler\" data-elementor-lightbox-description=\"BanGlob Festiwal Polskich Film\u00f3w Fabularnych\" data-e-action-hash=\"#elementor-action%3Aaction%3Dlightbox%26settings%3DeyJpZCI6NTA5NiwidXJsIjoiaHR0cHM6XC9cL2Jhbmdsb2IucGxcL3dwLWNvbnRlbnRcL3VwbG9hZHNcLzIwMjVcLzA4XC8yY2E3OTZhNi1kYTZkLTRkYjUtOWNkNS02OGFlMmUzMjI3ZDUuanBnIiwic2xpZGVzaG93IjoiN2QxYTVjNTkifQ%3D%3D\">\n\t\t\t\t\t<div class=\"e-gallery-image elementor-gallery-item__image\" data-thumbnail=\"https:\/\/banglob.pl\/wp-content\/uploads\/2025\/08\/2ca796a6-da6d-4db5-9cd5-68ae2e3227d5-225x300.jpg\" data-width=\"225\" data-height=\"300\" aria-label=\"BanGlob Festiwal Polskich Film\u00f3w Fabularnych\" role=\"img\" ><\/div>\n\t\t\t\t\t\t\t\t\t\t\t<div class=\"elementor-gallery-item__overlay\"><\/div>\n\t\t\t\t\t\t\t\t\t\t\t\t\t\t<\/a>\n\t\t\t\t\t\t\t<a class=\"e-gallery-item elementor-gallery-item elementor-animated-content\" href=\"https:\/\/banglob.pl\/wp-content\/uploads\/2025\/08\/IMG_3621.jpg\" data-elementor-open-lightbox=\"yes\" data-elementor-lightbox-slideshow=\"7d1a5c59\" data-elementor-lightbox-title=\"IMG_3621\" data-elementor-lightbox-description=\"BanGlob Festiwal Polskich Film\u00f3w Fabularnych\" data-e-action-hash=\"#elementor-action%3Aaction%3Dlightbox%26settings%3DeyJpZCI6NTA5NywidXJsIjoiaHR0cHM6XC9cL2Jhbmdsb2IucGxcL3dwLWNvbnRlbnRcL3VwbG9hZHNcLzIwMjVcLzA4XC9JTUdfMzYyMS5qcGciLCJzbGlkZXNob3ciOiI3ZDFhNWM1OSJ9\">\n\t\t\t\t\t<div class=\"e-gallery-image elementor-gallery-item__image\" data-thumbnail=\"https:\/\/banglob.pl\/wp-content\/uploads\/2025\/08\/IMG_3621-300x225.jpg\" data-width=\"300\" data-height=\"225\" aria-label=\"BanGlob Festiwal Polskich Film\u00f3w Fabularnych\" role=\"img\" ><\/div>\n\t\t\t\t\t\t\t\t\t\t\t<div class=\"elementor-gallery-item__overlay\"><\/div>\n\t\t\t\t\t\t\t\t\t\t\t\t\t\t<\/a>\n\t\t\t\t\t\t\t<a class=\"e-gallery-item elementor-gallery-item elementor-animated-content\" href=\"https:\/\/banglob.pl\/wp-content\/uploads\/2025\/08\/IMG_3624.jpg\" data-elementor-open-lightbox=\"yes\" data-elementor-lightbox-slideshow=\"7d1a5c59\" data-elementor-lightbox-description=\"BanGlob Festiwal Polskich Film\u00f3w Fabularnych\" data-e-action-hash=\"#elementor-action%3Aaction%3Dlightbox%26settings%3DeyJpZCI6NTA5OCwidXJsIjoiaHR0cHM6XC9cL2Jhbmdsb2IucGxcL3dwLWNvbnRlbnRcL3VwbG9hZHNcLzIwMjVcLzA4XC9JTUdfMzYyNC5qcGciLCJzbGlkZXNob3ciOiI3ZDFhNWM1OSJ9\">\n\t\t\t\t\t<div class=\"e-gallery-image elementor-gallery-item__image\" data-thumbnail=\"https:\/\/banglob.pl\/wp-content\/uploads\/2025\/08\/IMG_3624-225x300.jpg\" data-width=\"225\" data-height=\"300\" aria-label=\"BanGlob Festiwal Polskich Film\u00f3w Fabularnych\" role=\"img\" ><\/div>\n\t\t\t\t\t\t\t\t\t\t\t<div class=\"elementor-gallery-item__overlay\"><\/div>\n\t\t\t\t\t\t\t\t\t\t\t\t\t\t<\/a>\n\t\t\t\t\t\t\t<a class=\"e-gallery-item elementor-gallery-item elementor-animated-content\" href=\"https:\/\/banglob.pl\/wp-content\/uploads\/2025\/08\/IMG_3623.jpg\" data-elementor-open-lightbox=\"yes\" data-elementor-lightbox-slideshow=\"7d1a5c59\" data-elementor-lightbox-description=\"BanGlob Festiwal Polskich Film\u00f3w Fabularnych\" data-e-action-hash=\"#elementor-action%3Aaction%3Dlightbox%26settings%3DeyJpZCI6NTA5OSwidXJsIjoiaHR0cHM6XC9cL2Jhbmdsb2IucGxcL3dwLWNvbnRlbnRcL3VwbG9hZHNcLzIwMjVcLzA4XC9JTUdfMzYyMy5qcGciLCJzbGlkZXNob3ciOiI3ZDFhNWM1OSJ9\">\n\t\t\t\t\t<div class=\"e-gallery-image elementor-gallery-item__image\" data-thumbnail=\"https:\/\/banglob.pl\/wp-content\/uploads\/2025\/08\/IMG_3623-225x300.jpg\" data-width=\"225\" data-height=\"300\" aria-label=\"BanGlob Festiwal Polskich Film\u00f3w Fabularnych\" role=\"img\" ><\/div>\n\t\t\t\t\t\t\t\t\t\t\t<div class=\"elementor-gallery-item__overlay\"><\/div>\n\t\t\t\t\t\t\t\t\t\t\t\t\t\t<\/a>\n\t\t\t\t\t<\/div>\n\t\t\t\t\t<\/div>\n\t\t\t\t<\/div>\n\t\t\t\t\t<\/div>\n\t\t<\/div>\n\t\t\t\t\t<\/div>\n\t\t<\/section>\n\t\t\t\t<\/div>\n\t\t","protected":false},"excerpt":{"rendered":"<p>The Polish Film Festival in Gdynia is the most important event in Polish cinema, attracting filmmakers and audiences from across the country for nearly 50 years. As a festival partner, BanGlob proudly provides the catering for the festival\u2019s accompanying events, ensuring the highest level of service and a sophisticated atmosphere for meetings among artists, producers, [&hellip;]<\/p>\n","protected":false},"author":2,"featured_media":0,"parent":0,"menu_order":0,"comment_status":"closed","ping_status":"closed","template":"page-head.php","meta":{"footnotes":""},"class_list":["post-5100","page","type-page","status-publish","hentry"],"yoast_head":"<!-- This site is optimized with the Yoast SEO plugin v27.3 - https:\/\/yoast.com\/product\/yoast-seo-wordpress\/ -->\n<title>Festiwal Polskich Film\u00f3w Fabularnych w Gdyni - BanGlob Catering<\/title>\n<meta name=\"description\" content=\"Jako partner Festiwalu Polskich Film\u00f3w Fabularnych, BanGlob z dum\u0105 tworzy kulinarn\u0105 opraw\u0119 wydarze\u0144 towarzysz\u0105cych i najwy\u017cszy poziom obs\u0142ugi.\" \/>\n<meta name=\"robots\" content=\"index, follow, max-snippet:-1, max-image-preview:large, max-video-preview:-1\" \/>\n<link rel=\"canonical\" href=\"https:\/\/banglob.pl\/en\/polish-film-festival-in-gdynia\/\" \/>\n<meta property=\"og:locale\" content=\"en_US\" \/>\n<meta property=\"og:type\" content=\"article\" \/>\n<meta property=\"og:title\" content=\"Festiwal Polskich Film\u00f3w Fabularnych w Gdyni - BanGlob Catering\" \/>\n<meta property=\"og:description\" content=\"Jako partner Festiwalu Polskich Film\u00f3w Fabularnych, BanGlob z dum\u0105 tworzy kulinarn\u0105 opraw\u0119 wydarze\u0144 towarzysz\u0105cych i najwy\u017cszy poziom obs\u0142ugi.\" \/>\n<meta property=\"og:url\" content=\"https:\/\/banglob.pl\/en\/polish-film-festival-in-gdynia\/\" \/>\n<meta property=\"og:site_name\" content=\"BanGlob\" \/>\n<meta property=\"article:modified_time\" content=\"2026-03-22T13:32:02+00:00\" \/>\n<meta property=\"og:image\" content=\"https:\/\/banglob.pl\/wp-content\/uploads\/2025\/08\/Festiwal-Polskich-Filmow-Fabularnych-Logo.png\" \/>\n\t<meta property=\"og:image:width\" content=\"324\" \/>\n\t<meta property=\"og:image:height\" content=\"321\" \/>\n\t<meta property=\"og:image:type\" content=\"image\/png\" \/>\n<meta name=\"twitter:card\" content=\"summary_large_image\" \/>\n<script type=\"application\/ld+json\" class=\"yoast-schema-graph\">{\"@context\":\"https:\\\/\\\/schema.org\",\"@graph\":[{\"@type\":\"WebPage\",\"@id\":\"https:\\\/\\\/banglob.pl\\\/en\\\/polish-film-festival-in-gdynia\\\/\",\"url\":\"https:\\\/\\\/banglob.pl\\\/en\\\/polish-film-festival-in-gdynia\\\/\",\"name\":\"Festiwal Polskich Film\u00f3w Fabularnych w Gdyni - BanGlob Catering\",\"isPartOf\":{\"@id\":\"https:\\\/\\\/banglob.pl\\\/en\\\/#website\"},\"primaryImageOfPage\":{\"@id\":\"https:\\\/\\\/banglob.pl\\\/en\\\/polish-film-festival-in-gdynia\\\/#primaryimage\"},\"image\":{\"@id\":\"https:\\\/\\\/banglob.pl\\\/en\\\/polish-film-festival-in-gdynia\\\/#primaryimage\"},\"thumbnailUrl\":\"https:\\\/\\\/banglob.pl\\\/wp-content\\\/uploads\\\/2025\\\/08\\\/Festiwal-Polskich-Filmow-Fabularnych-Logo-150x150.png\",\"datePublished\":\"2025-08-21T13:38:32+00:00\",\"dateModified\":\"2026-03-22T13:32:02+00:00\",\"description\":\"Jako partner Festiwalu Polskich Film\u00f3w Fabularnych, BanGlob z dum\u0105 tworzy kulinarn\u0105 opraw\u0119 wydarze\u0144 towarzysz\u0105cych i najwy\u017cszy poziom obs\u0142ugi.\",\"breadcrumb\":{\"@id\":\"https:\\\/\\\/banglob.pl\\\/en\\\/polish-film-festival-in-gdynia\\\/#breadcrumb\"},\"inLanguage\":\"en-US\",\"potentialAction\":[{\"@type\":\"ReadAction\",\"target\":[\"https:\\\/\\\/banglob.pl\\\/en\\\/polish-film-festival-in-gdynia\\\/\"]}]},{\"@type\":\"ImageObject\",\"inLanguage\":\"en-US\",\"@id\":\"https:\\\/\\\/banglob.pl\\\/en\\\/polish-film-festival-in-gdynia\\\/#primaryimage\",\"url\":\"https:\\\/\\\/banglob.pl\\\/wp-content\\\/uploads\\\/2025\\\/08\\\/Festiwal-Polskich-Filmow-Fabularnych-Logo-150x150.png\",\"contentUrl\":\"https:\\\/\\\/banglob.pl\\\/wp-content\\\/uploads\\\/2025\\\/08\\\/Festiwal-Polskich-Filmow-Fabularnych-Logo-150x150.png\"},{\"@type\":\"BreadcrumbList\",\"@id\":\"https:\\\/\\\/banglob.pl\\\/en\\\/polish-film-festival-in-gdynia\\\/#breadcrumb\",\"itemListElement\":[{\"@type\":\"ListItem\",\"position\":1,\"name\":\"Strona g\u0142\u00f3wna\",\"item\":\"https:\\\/\\\/banglob.pl\\\/en\\\/banglob-catering-main-page\\\/\"},{\"@type\":\"ListItem\",\"position\":2,\"name\":\"Polish Film Festival in Gdynia\"}]},{\"@type\":\"WebSite\",\"@id\":\"https:\\\/\\\/banglob.pl\\\/en\\\/#website\",\"url\":\"https:\\\/\\\/banglob.pl\\\/en\\\/\",\"name\":\"BanGlob\",\"description\":\"Kolejna witryna WordPress\",\"potentialAction\":[{\"@type\":\"SearchAction\",\"target\":{\"@type\":\"EntryPoint\",\"urlTemplate\":\"https:\\\/\\\/banglob.pl\\\/en\\\/?s={search_term_string}\"},\"query-input\":{\"@type\":\"PropertyValueSpecification\",\"valueRequired\":true,\"valueName\":\"search_term_string\"}}],\"inLanguage\":\"en-US\"}]}<\/script>\n<!-- \/ Yoast SEO plugin. -->","yoast_head_json":{"title":"Festiwal Polskich Film\u00f3w Fabularnych w Gdyni - BanGlob Catering","description":"Jako partner Festiwalu Polskich Film\u00f3w Fabularnych, BanGlob z dum\u0105 tworzy kulinarn\u0105 opraw\u0119 wydarze\u0144 towarzysz\u0105cych i najwy\u017cszy poziom obs\u0142ugi.","robots":{"index":"index","follow":"follow","max-snippet":"max-snippet:-1","max-image-preview":"max-image-preview:large","max-video-preview":"max-video-preview:-1"},"canonical":"https:\/\/banglob.pl\/en\/polish-film-festival-in-gdynia\/","og_locale":"en_US","og_type":"article","og_title":"Festiwal Polskich Film\u00f3w Fabularnych w Gdyni - BanGlob Catering","og_description":"Jako partner Festiwalu Polskich Film\u00f3w Fabularnych, BanGlob z dum\u0105 tworzy kulinarn\u0105 opraw\u0119 wydarze\u0144 towarzysz\u0105cych i najwy\u017cszy poziom obs\u0142ugi.","og_url":"https:\/\/banglob.pl\/en\/polish-film-festival-in-gdynia\/","og_site_name":"BanGlob","article_modified_time":"2026-03-22T13:32:02+00:00","og_image":[{"width":324,"height":321,"url":"https:\/\/banglob.pl\/wp-content\/uploads\/2025\/08\/Festiwal-Polskich-Filmow-Fabularnych-Logo.png","type":"image\/png"}],"twitter_card":"summary_large_image","schema":{"@context":"https:\/\/schema.org","@graph":[{"@type":"WebPage","@id":"https:\/\/banglob.pl\/en\/polish-film-festival-in-gdynia\/","url":"https:\/\/banglob.pl\/en\/polish-film-festival-in-gdynia\/","name":"Festiwal Polskich Film\u00f3w Fabularnych w Gdyni - BanGlob Catering","isPartOf":{"@id":"https:\/\/banglob.pl\/en\/#website"},"primaryImageOfPage":{"@id":"https:\/\/banglob.pl\/en\/polish-film-festival-in-gdynia\/#primaryimage"},"image":{"@id":"https:\/\/banglob.pl\/en\/polish-film-festival-in-gdynia\/#primaryimage"},"thumbnailUrl":"https:\/\/banglob.pl\/wp-content\/uploads\/2025\/08\/Festiwal-Polskich-Filmow-Fabularnych-Logo-150x150.png","datePublished":"2025-08-21T13:38:32+00:00","dateModified":"2026-03-22T13:32:02+00:00","description":"Jako partner Festiwalu Polskich Film\u00f3w Fabularnych, BanGlob z dum\u0105 tworzy kulinarn\u0105 opraw\u0119 wydarze\u0144 towarzysz\u0105cych i najwy\u017cszy poziom obs\u0142ugi.","breadcrumb":{"@id":"https:\/\/banglob.pl\/en\/polish-film-festival-in-gdynia\/#breadcrumb"},"inLanguage":"en-US","potentialAction":[{"@type":"ReadAction","target":["https:\/\/banglob.pl\/en\/polish-film-festival-in-gdynia\/"]}]},{"@type":"ImageObject","inLanguage":"en-US","@id":"https:\/\/banglob.pl\/en\/polish-film-festival-in-gdynia\/#primaryimage","url":"https:\/\/banglob.pl\/wp-content\/uploads\/2025\/08\/Festiwal-Polskich-Filmow-Fabularnych-Logo-150x150.png","contentUrl":"https:\/\/banglob.pl\/wp-content\/uploads\/2025\/08\/Festiwal-Polskich-Filmow-Fabularnych-Logo-150x150.png"},{"@type":"BreadcrumbList","@id":"https:\/\/banglob.pl\/en\/polish-film-festival-in-gdynia\/#breadcrumb","itemListElement":[{"@type":"ListItem","position":1,"name":"Strona g\u0142\u00f3wna","item":"https:\/\/banglob.pl\/en\/banglob-catering-main-page\/"},{"@type":"ListItem","position":2,"name":"Polish Film Festival in Gdynia"}]},{"@type":"WebSite","@id":"https:\/\/banglob.pl\/en\/#website","url":"https:\/\/banglob.pl\/en\/","name":"BanGlob","description":"Kolejna witryna WordPress","potentialAction":[{"@type":"SearchAction","target":{"@type":"EntryPoint","urlTemplate":"https:\/\/banglob.pl\/en\/?s={search_term_string}"},"query-input":{"@type":"PropertyValueSpecification","valueRequired":true,"valueName":"search_term_string"}}],"inLanguage":"en-US"}]}},"_links":{"self":[{"href":"https:\/\/banglob.pl\/en\/wp-json\/wp\/v2\/pages\/5100","targetHints":{"allow":["GET"]}}],"collection":[{"href":"https:\/\/banglob.pl\/en\/wp-json\/wp\/v2\/pages"}],"about":[{"href":"https:\/\/banglob.pl\/en\/wp-json\/wp\/v2\/types\/page"}],"author":[{"embeddable":true,"href":"https:\/\/banglob.pl\/en\/wp-json\/wp\/v2\/users\/2"}],"replies":[{"embeddable":true,"href":"https:\/\/banglob.pl\/en\/wp-json\/wp\/v2\/comments?post=5100"}],"version-history":[{"count":1,"href":"https:\/\/banglob.pl\/en\/wp-json\/wp\/v2\/pages\/5100\/revisions"}],"predecessor-version":[{"id":5101,"href":"https:\/\/banglob.pl\/en\/wp-json\/wp\/v2\/pages\/5100\/revisions\/5101"}],"wp:attachment":[{"href":"https:\/\/banglob.pl\/en\/wp-json\/wp\/v2\/media?parent=5100"}],"curies":[{"name":"wp","href":"https:\/\/api.w.org\/{rel}","templated":true}]}}