{"id":5091,"date":"2023-08-25T12:54:38","date_gmt":"2023-08-25T12:54:38","guid":{"rendered":"https:\/\/banglob.pl\/wspolna-kaczka\/"},"modified":"2026-04-28T13:17:22","modified_gmt":"2026-04-28T13:17:22","slug":"wspolna-kaczka","status":"publish","type":"page","link":"https:\/\/banglob.pl\/en\/wspolna-kaczka\/","title":{"rendered":"WSP\u00d3LNA KACZKA"},"content":{"rendered":"\t\t<div data-elementor-type=\"wp-page\" data-elementor-id=\"5091\" class=\"elementor elementor-5091 elementor-903\" data-elementor-post-type=\"page\">\n\t\t\t\t\t\t<section class=\"elementor-section elementor-top-section elementor-element elementor-element-6803d38c elementor-section-boxed elementor-section-height-default elementor-section-height-default\" data-id=\"6803d38c\" data-element_type=\"section\" data-e-type=\"section\">\n\t\t\t\t\t\t<div class=\"elementor-container elementor-column-gap-default\">\n\t\t\t\t\t<div class=\"elementor-column elementor-col-50 elementor-top-column elementor-element elementor-element-2e073f1c\" data-id=\"2e073f1c\" data-element_type=\"column\" data-e-type=\"column\">\n\t\t\t<div class=\"elementor-widget-wrap elementor-element-populated\">\n\t\t\t\t\t\t<div class=\"elementor-element elementor-element-2c9b0af5 elementor-widget elementor-widget-text-editor\" data-id=\"2c9b0af5\" data-element_type=\"widget\" data-e-type=\"widget\" data-widget_type=\"text-editor.default\">\n\t\t\t\t<div class=\"elementor-widget-container\">\n\t\t\t\t\t\t\t\t\t<p><b>Duck Meeting (&#8216;Wsp\u00f3lna Kaczka\u2019) is an annual banquet and gala dinner for over 2,100 guests, held as part of the Maritime Economy Forum. For years, it has gathered key managers from the maritime industry. BanGlob has been providing comprehensive catering services for this event for 25 years. The refined setting makes it an ideal event for relationship-building and networking.<\/b><\/p>\t\t\t\t\t\t\t\t<\/div>\n\t\t\t\t<\/div>\n\t\t\t\t<div class=\"elementor-element elementor-element-61927510 elementor-icon-list--layout-traditional elementor-list-item-link-full_width elementor-widget elementor-widget-icon-list\" data-id=\"61927510\" data-element_type=\"widget\" data-e-type=\"widget\" data-widget_type=\"icon-list.default\">\n\t\t\t\t<div class=\"elementor-widget-container\">\n\t\t\t\t\t\t\t<ul class=\"elementor-icon-list-items\">\n\t\t\t\t\t\t\t<li class=\"elementor-icon-list-item\">\n\t\t\t\t\t\t\t\t\t\t\t<span class=\"elementor-icon-list-icon\">\n\t\t\t\t\t\t\t<i aria-hidden=\"true\" class=\"fas fa-check-circle\"><\/i>\t\t\t\t\t\t<\/span>\n\t\t\t\t\t\t\t\t\t\t<span class=\"elementor-icon-list-text\">Over 2,000 guests<\/span>\n\t\t\t\t\t\t\t\t\t<\/li>\n\t\t\t\t\t\t\t\t<li class=\"elementor-icon-list-item\">\n\t\t\t\t\t\t\t\t\t\t\t<span class=\"elementor-icon-list-icon\">\n\t\t\t\t\t\t\t<i aria-hidden=\"true\" class=\"fas fa-check-circle\"><\/i>\t\t\t\t\t\t<\/span>\n\t\t\t\t\t\t\t\t\t\t<span class=\"elementor-icon-list-text\">Banquet with a plated dinner<\/span>\n\t\t\t\t\t\t\t\t\t<\/li>\n\t\t\t\t\t\t\t\t<li class=\"elementor-icon-list-item\">\n\t\t\t\t\t\t\t\t\t\t\t<span class=\"elementor-icon-list-icon\">\n\t\t\t\t\t\t\t<i aria-hidden=\"true\" class=\"fas fa-check-circle\"><\/i>\t\t\t\t\t\t<\/span>\n\t\t\t\t\t\t\t\t\t\t<span class=\"elementor-icon-list-text\">Annual maritime business meeting<\/span>\n\t\t\t\t\t\t\t\t\t<\/li>\n\t\t\t\t\t\t\t\t<li class=\"elementor-icon-list-item\">\n\t\t\t\t\t\t\t\t\t\t\t<span class=\"elementor-icon-list-icon\">\n\t\t\t\t\t\t\t<i aria-hidden=\"true\" class=\"fas fa-check-circle\"><\/i>\t\t\t\t\t\t<\/span>\n\t\t\t\t\t\t\t\t\t\t<span class=\"elementor-icon-list-text\">Polsat Plus Arena Gdynia<\/span>\n\t\t\t\t\t\t\t\t\t<\/li>\n\t\t\t\t\t\t<\/ul>\n\t\t\t\t\t\t<\/div>\n\t\t\t\t<\/div>\n\t\t\t\t<div class=\"elementor-element elementor-element-1e20489d elementor-widget-divider--view-line elementor-widget elementor-widget-divider\" data-id=\"1e20489d\" data-element_type=\"widget\" data-e-type=\"widget\" data-widget_type=\"divider.default\">\n\t\t\t\t<div class=\"elementor-widget-container\">\n\t\t\t\t\t\t\t<div class=\"elementor-divider\">\n\t\t\t<span class=\"elementor-divider-separator\">\n\t\t\t\t\t\t<\/span>\n\t\t<\/div>\n\t\t\t\t\t\t<\/div>\n\t\t\t\t<\/div>\n\t\t\t\t<section class=\"elementor-section elementor-inner-section elementor-element elementor-element-24241fd9 elementor-section-boxed elementor-section-height-default elementor-section-height-default\" data-id=\"24241fd9\" data-element_type=\"section\" data-e-type=\"section\">\n\t\t\t\t\t\t<div class=\"elementor-container elementor-column-gap-default\">\n\t\t\t\t\t<div class=\"elementor-column elementor-col-50 elementor-inner-column elementor-element elementor-element-27fd59e6\" data-id=\"27fd59e6\" data-element_type=\"column\" data-e-type=\"column\">\n\t\t\t<div class=\"elementor-widget-wrap elementor-element-populated\">\n\t\t\t\t\t\t<div class=\"elementor-element elementor-element-36ecc037 elementor-align-left elementor-widget elementor-widget-button\" data-id=\"36ecc037\" data-element_type=\"widget\" data-e-type=\"widget\" data-widget_type=\"button.default\">\n\t\t\t\t<div class=\"elementor-widget-container\">\n\t\t\t\t\t\t\t\t\t<div class=\"elementor-button-wrapper\">\n\t\t\t\t\t<a class=\"elementor-button elementor-button-link elementor-size-lg\" href=\"https:\/\/banglob.pl\/en\/contact\/\">\n\t\t\t\t\t\t<span class=\"elementor-button-content-wrapper\">\n\t\t\t\t\t\t\t\t\t<span class=\"elementor-button-text\">Get in touch<\/span>\n\t\t\t\t\t<\/span>\n\t\t\t\t\t<\/a>\n\t\t\t\t<\/div>\n\t\t\t\t\t\t\t\t<\/div>\n\t\t\t\t<\/div>\n\t\t\t\t\t<\/div>\n\t\t<\/div>\n\t\t\t\t<div class=\"elementor-column elementor-col-50 elementor-inner-column elementor-element elementor-element-62e7a0cc\" data-id=\"62e7a0cc\" data-element_type=\"column\" data-e-type=\"column\">\n\t\t\t<div class=\"elementor-widget-wrap elementor-element-populated\">\n\t\t\t\t\t\t<div class=\"elementor-element elementor-element-b8dad1a elementor-position-inline-start elementor-view-stacked elementor-shape-circle elementor-mobile-position-block-start elementor-widget elementor-widget-icon-box\" data-id=\"b8dad1a\" data-element_type=\"widget\" data-e-type=\"widget\" data-widget_type=\"icon-box.default\">\n\t\t\t\t<div class=\"elementor-widget-container\">\n\t\t\t\t\t\t\t<div class=\"elementor-icon-box-wrapper\">\n\n\t\t\t\t\t\t<div class=\"elementor-icon-box-icon\">\n\t\t\t\t<span  class=\"elementor-icon\">\n\t\t\t\t<i aria-hidden=\"true\" class=\"fas fa-mobile-alt\"><\/i>\t\t\t\t<\/span>\n\t\t\t<\/div>\n\t\t\t\n\t\t\t\t\t\t<div class=\"elementor-icon-box-content\">\n\n\t\t\t\t\t\t\t\t\t<h3 class=\"elementor-icon-box-title\">\n\t\t\t\t\t\t<span  >\n\t\t\t\t\t\t\tCall us\t\t\t\t\t\t<\/span>\n\t\t\t\t\t<\/h3>\n\t\t\t\t\n\t\t\t\t\t\t\t\t\t<p class=\"elementor-icon-box-description\">\n\t\t\t\t\t\t<a href=\"tel:=+48586204329\"><span style=\"color:#222222\">+48 58 620 43 29<\/span><\/a>\t\t\t\t\t<\/p>\n\t\t\t\t\n\t\t\t<\/div>\n\t\t\t\n\t\t<\/div>\n\t\t\t\t\t\t<\/div>\n\t\t\t\t<\/div>\n\t\t\t\t\t<\/div>\n\t\t<\/div>\n\t\t\t\t\t<\/div>\n\t\t<\/section>\n\t\t\t\t\t<\/div>\n\t\t<\/div>\n\t\t\t\t<div class=\"elementor-column elementor-col-50 elementor-top-column elementor-element elementor-element-3fd3f1b5\" data-id=\"3fd3f1b5\" data-element_type=\"column\" data-e-type=\"column\">\n\t\t\t<div class=\"elementor-widget-wrap elementor-element-populated\">\n\t\t\t\t\t\t<div class=\"elementor-element elementor-element-2c862d3d elementor-widget elementor-widget-gallery\" data-id=\"2c862d3d\" data-element_type=\"widget\" data-e-type=\"widget\" data-settings=\"{&quot;columns&quot;:2,&quot;lazyload&quot;:&quot;yes&quot;,&quot;gallery_layout&quot;:&quot;grid&quot;,&quot;columns_tablet&quot;:2,&quot;columns_mobile&quot;:1,&quot;gap&quot;:{&quot;unit&quot;:&quot;px&quot;,&quot;size&quot;:10,&quot;sizes&quot;:[]},&quot;gap_tablet&quot;:{&quot;unit&quot;:&quot;px&quot;,&quot;size&quot;:10,&quot;sizes&quot;:[]},&quot;gap_mobile&quot;:{&quot;unit&quot;:&quot;px&quot;,&quot;size&quot;:10,&quot;sizes&quot;:[]},&quot;link_to&quot;:&quot;file&quot;,&quot;aspect_ratio&quot;:&quot;3:2&quot;,&quot;overlay_background&quot;:&quot;yes&quot;,&quot;content_hover_animation&quot;:&quot;fade-in&quot;}\" data-widget_type=\"gallery.default\">\n\t\t\t\t<div class=\"elementor-widget-container\">\n\t\t\t\t\t\t\t<div class=\"elementor-gallery__container\">\n\t\t\t\t\t\t\t<a class=\"e-gallery-item elementor-gallery-item elementor-animated-content\" href=\"https:\/\/banglob.pl\/wp-content\/uploads\/2025\/08\/wspolna_kaczka_24_foto_wojtek_rojek_0439-1.jpg\" data-elementor-open-lightbox=\"yes\" data-elementor-lightbox-slideshow=\"2c862d3d\" data-e-action-hash=\"#elementor-action%3Aaction%3Dlightbox%26settings%3DeyJpZCI6NTA4MiwidXJsIjoiaHR0cHM6XC9cL2Jhbmdsb2IucGxcL3dwLWNvbnRlbnRcL3VwbG9hZHNcLzIwMjVcLzA4XC93c3BvbG5hX2thY3prYV8yNF9mb3RvX3dvanRla19yb2pla18wNDM5LTEuanBnIiwic2xpZGVzaG93IjoiMmM4NjJkM2QifQ%3D%3D\">\n\t\t\t\t\t<div class=\"e-gallery-image elementor-gallery-item__image\" data-thumbnail=\"https:\/\/banglob.pl\/wp-content\/uploads\/2025\/08\/wspolna_kaczka_24_foto_wojtek_rojek_0439-1.jpg\" data-width=\"2048\" data-height=\"1365\" aria-label=\"Wsp\u00f3lna Kaczka 2025\" role=\"img\" ><\/div>\n\t\t\t\t\t\t\t\t\t\t\t<div class=\"elementor-gallery-item__overlay\"><\/div>\n\t\t\t\t\t\t\t\t\t\t\t\t\t\t<\/a>\n\t\t\t\t\t\t\t<a class=\"e-gallery-item elementor-gallery-item elementor-animated-content\" href=\"https:\/\/banglob.pl\/wp-content\/uploads\/2025\/08\/wspolna_kaczka_24_foto_wojtek_rojek_0099-1.jpg\" data-elementor-open-lightbox=\"yes\" data-elementor-lightbox-slideshow=\"2c862d3d\" data-e-action-hash=\"#elementor-action%3Aaction%3Dlightbox%26settings%3DeyJpZCI6NTA4MywidXJsIjoiaHR0cHM6XC9cL2Jhbmdsb2IucGxcL3dwLWNvbnRlbnRcL3VwbG9hZHNcLzIwMjVcLzA4XC93c3BvbG5hX2thY3prYV8yNF9mb3RvX3dvanRla19yb2pla18wMDk5LTEuanBnIiwic2xpZGVzaG93IjoiMmM4NjJkM2QifQ%3D%3D\">\n\t\t\t\t\t<div class=\"e-gallery-image elementor-gallery-item__image\" data-thumbnail=\"https:\/\/banglob.pl\/wp-content\/uploads\/2025\/08\/wspolna_kaczka_24_foto_wojtek_rojek_0099-1.jpg\" data-width=\"2048\" data-height=\"1365\" aria-label=\"Wsp\u00f3lna Kaczka 2025\" role=\"img\" ><\/div>\n\t\t\t\t\t\t\t\t\t\t\t<div class=\"elementor-gallery-item__overlay\"><\/div>\n\t\t\t\t\t\t\t\t\t\t\t\t\t\t<\/a>\n\t\t\t\t\t\t\t<a class=\"e-gallery-item elementor-gallery-item elementor-animated-content\" href=\"https:\/\/banglob.pl\/wp-content\/uploads\/2025\/08\/wspolna_kaczka_24_foto_wojtek_rojek_0174-1.jpg\" data-elementor-open-lightbox=\"yes\" data-elementor-lightbox-slideshow=\"2c862d3d\" data-e-action-hash=\"#elementor-action%3Aaction%3Dlightbox%26settings%3DeyJpZCI6NTA4NCwidXJsIjoiaHR0cHM6XC9cL2Jhbmdsb2IucGxcL3dwLWNvbnRlbnRcL3VwbG9hZHNcLzIwMjVcLzA4XC93c3BvbG5hX2thY3prYV8yNF9mb3RvX3dvanRla19yb2pla18wMTc0LTEuanBnIiwic2xpZGVzaG93IjoiMmM4NjJkM2QifQ%3D%3D\">\n\t\t\t\t\t<div class=\"e-gallery-image elementor-gallery-item__image\" data-thumbnail=\"https:\/\/banglob.pl\/wp-content\/uploads\/2025\/08\/wspolna_kaczka_24_foto_wojtek_rojek_0174-1.jpg\" data-width=\"2048\" data-height=\"1365\" aria-label=\"Wsp\u00f3lna Kaczka 2025\" role=\"img\" ><\/div>\n\t\t\t\t\t\t\t\t\t\t\t<div class=\"elementor-gallery-item__overlay\"><\/div>\n\t\t\t\t\t\t\t\t\t\t\t\t\t\t<\/a>\n\t\t\t\t\t\t\t<a class=\"e-gallery-item elementor-gallery-item elementor-animated-content\" href=\"https:\/\/banglob.pl\/wp-content\/uploads\/2025\/08\/wspolna_kaczka_24_foto_wojtek_rojek_0121-1.jpg\" data-elementor-open-lightbox=\"yes\" data-elementor-lightbox-slideshow=\"2c862d3d\" data-e-action-hash=\"#elementor-action%3Aaction%3Dlightbox%26settings%3DeyJpZCI6NTA4NSwidXJsIjoiaHR0cHM6XC9cL2Jhbmdsb2IucGxcL3dwLWNvbnRlbnRcL3VwbG9hZHNcLzIwMjVcLzA4XC93c3BvbG5hX2thY3prYV8yNF9mb3RvX3dvanRla19yb2pla18wMTIxLTEuanBnIiwic2xpZGVzaG93IjoiMmM4NjJkM2QifQ%3D%3D\">\n\t\t\t\t\t<div class=\"e-gallery-image elementor-gallery-item__image\" data-thumbnail=\"https:\/\/banglob.pl\/wp-content\/uploads\/2025\/08\/wspolna_kaczka_24_foto_wojtek_rojek_0121-1.jpg\" data-width=\"2048\" data-height=\"1365\" aria-label=\"Wsp\u00f3lna Kaczka 2025\" role=\"img\" ><\/div>\n\t\t\t\t\t\t\t\t\t\t\t<div class=\"elementor-gallery-item__overlay\"><\/div>\n\t\t\t\t\t\t\t\t\t\t\t\t\t\t<\/a>\n\t\t\t\t\t<\/div>\n\t\t\t\t\t<\/div>\n\t\t\t\t<\/div>\n\t\t\t\t\t<\/div>\n\t\t<\/div>\n\t\t\t\t\t<\/div>\n\t\t<\/section>\n\t\t\t\t<section class=\"elementor-section elementor-top-section elementor-element elementor-element-04e053d elementor-section-boxed elementor-section-height-default elementor-section-height-default\" data-id=\"04e053d\" data-element_type=\"section\" data-e-type=\"section\">\n\t\t\t\t\t\t<div class=\"elementor-container elementor-column-gap-default\">\n\t\t\t\t\t<div class=\"elementor-column elementor-col-100 elementor-top-column elementor-element elementor-element-80f4be1\" data-id=\"80f4be1\" data-element_type=\"column\" data-e-type=\"column\">\n\t\t\t<div class=\"elementor-widget-wrap elementor-element-populated\">\n\t\t\t\t\t\t<div class=\"elementor-element elementor-element-2daff89 elementor-widget elementor-widget-gallery\" data-id=\"2daff89\" data-element_type=\"widget\" data-e-type=\"widget\" data-settings=\"{&quot;gallery_layout&quot;:&quot;justified&quot;,&quot;ideal_row_height&quot;:{&quot;unit&quot;:&quot;px&quot;,&quot;size&quot;:314,&quot;sizes&quot;:[]},&quot;lazyload&quot;:&quot;yes&quot;,&quot;ideal_row_height_tablet&quot;:{&quot;unit&quot;:&quot;px&quot;,&quot;size&quot;:150,&quot;sizes&quot;:[]},&quot;ideal_row_height_mobile&quot;:{&quot;unit&quot;:&quot;px&quot;,&quot;size&quot;:150,&quot;sizes&quot;:[]},&quot;gap&quot;:{&quot;unit&quot;:&quot;px&quot;,&quot;size&quot;:10,&quot;sizes&quot;:[]},&quot;gap_tablet&quot;:{&quot;unit&quot;:&quot;px&quot;,&quot;size&quot;:10,&quot;sizes&quot;:[]},&quot;gap_mobile&quot;:{&quot;unit&quot;:&quot;px&quot;,&quot;size&quot;:10,&quot;sizes&quot;:[]},&quot;link_to&quot;:&quot;file&quot;,&quot;overlay_background&quot;:&quot;yes&quot;,&quot;content_hover_animation&quot;:&quot;fade-in&quot;}\" data-widget_type=\"gallery.default\">\n\t\t\t\t<div class=\"elementor-widget-container\">\n\t\t\t\t\t\t\t<div class=\"elementor-gallery__container\">\n\t\t\t\t\t\t\t<a class=\"e-gallery-item elementor-gallery-item elementor-animated-content\" href=\"https:\/\/banglob.pl\/wp-content\/uploads\/2025\/08\/wspolna_kaczka_24_foto_wojtek_rojek_0378.jpg\" data-elementor-open-lightbox=\"yes\" data-elementor-lightbox-slideshow=\"2daff89\" data-e-action-hash=\"#elementor-action%3Aaction%3Dlightbox%26settings%3DeyJpZCI6NTA4NiwidXJsIjoiaHR0cHM6XC9cL2Jhbmdsb2IucGxcL3dwLWNvbnRlbnRcL3VwbG9hZHNcLzIwMjVcLzA4XC93c3BvbG5hX2thY3prYV8yNF9mb3RvX3dvanRla19yb2pla18wMzc4LmpwZyIsInNsaWRlc2hvdyI6IjJkYWZmODkifQ%3D%3D\">\n\t\t\t\t\t<div class=\"e-gallery-image elementor-gallery-item__image\" data-thumbnail=\"https:\/\/banglob.pl\/wp-content\/uploads\/2025\/08\/wspolna_kaczka_24_foto_wojtek_rojek_0378-300x200.jpg\" data-width=\"300\" data-height=\"200\" aria-label=\"Wsp\u00f3lna Kaczka 2025\" role=\"img\" ><\/div>\n\t\t\t\t\t\t\t\t\t\t\t<div class=\"elementor-gallery-item__overlay\"><\/div>\n\t\t\t\t\t\t\t\t\t\t\t\t\t\t<\/a>\n\t\t\t\t\t\t\t<a class=\"e-gallery-item elementor-gallery-item elementor-animated-content\" href=\"https:\/\/banglob.pl\/wp-content\/uploads\/2025\/08\/wspolna_kaczka_24_foto_wojtek_rojek_0266-1.jpg\" data-elementor-open-lightbox=\"yes\" data-elementor-lightbox-slideshow=\"2daff89\" data-e-action-hash=\"#elementor-action%3Aaction%3Dlightbox%26settings%3DeyJpZCI6NTA4NywidXJsIjoiaHR0cHM6XC9cL2Jhbmdsb2IucGxcL3dwLWNvbnRlbnRcL3VwbG9hZHNcLzIwMjVcLzA4XC93c3BvbG5hX2thY3prYV8yNF9mb3RvX3dvanRla19yb2pla18wMjY2LTEuanBnIiwic2xpZGVzaG93IjoiMmRhZmY4OSJ9\">\n\t\t\t\t\t<div class=\"e-gallery-image elementor-gallery-item__image\" data-thumbnail=\"https:\/\/banglob.pl\/wp-content\/uploads\/2025\/08\/wspolna_kaczka_24_foto_wojtek_rojek_0266-1-200x300.jpg\" data-width=\"200\" data-height=\"300\" aria-label=\"Wsp\u00f3lna Kaczka 2025\" role=\"img\" ><\/div>\n\t\t\t\t\t\t\t\t\t\t\t<div class=\"elementor-gallery-item__overlay\"><\/div>\n\t\t\t\t\t\t\t\t\t\t\t\t\t\t<\/a>\n\t\t\t\t\t\t\t<a class=\"e-gallery-item elementor-gallery-item elementor-animated-content\" href=\"https:\/\/banglob.pl\/wp-content\/uploads\/2025\/08\/wspolna_kaczka_24_foto_wojtek_rojek_0142-1.jpg\" data-elementor-open-lightbox=\"yes\" data-elementor-lightbox-slideshow=\"2daff89\" data-e-action-hash=\"#elementor-action%3Aaction%3Dlightbox%26settings%3DeyJpZCI6NTA4OCwidXJsIjoiaHR0cHM6XC9cL2Jhbmdsb2IucGxcL3dwLWNvbnRlbnRcL3VwbG9hZHNcLzIwMjVcLzA4XC93c3BvbG5hX2thY3prYV8yNF9mb3RvX3dvanRla19yb2pla18wMTQyLTEuanBnIiwic2xpZGVzaG93IjoiMmRhZmY4OSJ9\">\n\t\t\t\t\t<div class=\"e-gallery-image elementor-gallery-item__image\" data-thumbnail=\"https:\/\/banglob.pl\/wp-content\/uploads\/2025\/08\/wspolna_kaczka_24_foto_wojtek_rojek_0142-1-300x200.jpg\" data-width=\"300\" data-height=\"200\" aria-label=\"Wsp\u00f3lna Kaczka 2025\" role=\"img\" ><\/div>\n\t\t\t\t\t\t\t\t\t\t\t<div class=\"elementor-gallery-item__overlay\"><\/div>\n\t\t\t\t\t\t\t\t\t\t\t\t\t\t<\/a>\n\t\t\t\t\t\t\t<a class=\"e-gallery-item elementor-gallery-item elementor-animated-content\" href=\"https:\/\/banglob.pl\/wp-content\/uploads\/2025\/08\/wspolna_kaczka_24_foto_wojtek_rojek_0182-1.jpg\" data-elementor-open-lightbox=\"yes\" data-elementor-lightbox-slideshow=\"2daff89\" data-e-action-hash=\"#elementor-action%3Aaction%3Dlightbox%26settings%3DeyJpZCI6NTA4OSwidXJsIjoiaHR0cHM6XC9cL2Jhbmdsb2IucGxcL3dwLWNvbnRlbnRcL3VwbG9hZHNcLzIwMjVcLzA4XC93c3BvbG5hX2thY3prYV8yNF9mb3RvX3dvanRla19yb2pla18wMTgyLTEuanBnIiwic2xpZGVzaG93IjoiMmRhZmY4OSJ9\">\n\t\t\t\t\t<div class=\"e-gallery-image elementor-gallery-item__image\" data-thumbnail=\"https:\/\/banglob.pl\/wp-content\/uploads\/2025\/08\/wspolna_kaczka_24_foto_wojtek_rojek_0182-1-200x300.jpg\" data-width=\"200\" data-height=\"300\" aria-label=\"Wsp\u00f3lna Kaczka 2025\" role=\"img\" ><\/div>\n\t\t\t\t\t\t\t\t\t\t\t<div class=\"elementor-gallery-item__overlay\"><\/div>\n\t\t\t\t\t\t\t\t\t\t\t\t\t\t<\/a>\n\t\t\t\t\t<\/div>\n\t\t\t\t\t<\/div>\n\t\t\t\t<\/div>\n\t\t\t\t\t<\/div>\n\t\t<\/div>\n\t\t\t\t\t<\/div>\n\t\t<\/section>\n\t\t\t\t<\/div>\n\t\t","protected":false},"excerpt":{"rendered":"<p>Duck Meeting (&#8216;Wsp\u00f3lna Kaczka\u2019) is an annual banquet and gala dinner for over 2,100 guests, held as part of the Maritime Economy Forum. For years, it has gathered key managers from the maritime industry. BanGlob has been providing comprehensive catering services for this event for 25 years. The refined setting makes it an ideal event [&hellip;]<\/p>\n","protected":false},"author":3,"featured_media":5090,"parent":0,"menu_order":0,"comment_status":"closed","ping_status":"closed","template":"page-head.php","meta":{"footnotes":""},"class_list":["post-5091","page","type-page","status-publish","has-post-thumbnail","hentry"],"yoast_head":"<!-- This site is optimized with the Yoast SEO plugin v27.5 - https:\/\/yoast.com\/product\/yoast-seo-wordpress\/ -->\n<title>Duck Meeting - BanGlob Catering<\/title>\n<meta name=\"description\" content=\"Wsp\u00f3lna Kaczka to presti\u017cowy, coroczny bankiet z uroczyst\u0105 kolacj\u0105. BanGlob od kilkudziesi\u0119ciu lat przygotowuje kompleksow\u0105 obs\u0142ug\u0119 cateringow\u0105 tego wydarzenia.\" \/>\n<meta name=\"robots\" content=\"index, follow, max-snippet:-1, max-image-preview:large, max-video-preview:-1\" \/>\n<link rel=\"canonical\" href=\"https:\/\/banglob.pl\/en\/wspolna-kaczka\/\" \/>\n<meta property=\"og:locale\" content=\"en_US\" \/>\n<meta property=\"og:type\" content=\"article\" \/>\n<meta property=\"og:title\" content=\"Duck Meeting - BanGlob Catering\" \/>\n<meta property=\"og:description\" content=\"Wsp\u00f3lna Kaczka to presti\u017cowy, coroczny bankiet z uroczyst\u0105 kolacj\u0105. BanGlob od kilkudziesi\u0119ciu lat przygotowuje kompleksow\u0105 obs\u0142ug\u0119 cateringow\u0105 tego wydarzenia.\" \/>\n<meta property=\"og:url\" content=\"https:\/\/banglob.pl\/en\/wspolna-kaczka\/\" \/>\n<meta property=\"og:site_name\" content=\"BanGlob\" \/>\n<meta property=\"article:modified_time\" content=\"2026-04-28T13:17:22+00:00\" \/>\n<meta property=\"og:image\" content=\"https:\/\/banglob.pl\/wp-content\/uploads\/2025\/08\/kaczka_speed_foto_wojtek_rojek_0059.jpg\" \/>\n\t<meta property=\"og:image:width\" content=\"2048\" \/>\n\t<meta property=\"og:image:height\" content=\"1365\" \/>\n\t<meta property=\"og:image:type\" content=\"image\/jpeg\" \/>\n<meta name=\"twitter:card\" content=\"summary_large_image\" \/>\n<script type=\"application\/ld+json\" class=\"yoast-schema-graph\">{\"@context\":\"https:\\\/\\\/schema.org\",\"@graph\":[{\"@type\":\"WebPage\",\"@id\":\"https:\\\/\\\/banglob.pl\\\/en\\\/wspolna-kaczka\\\/\",\"url\":\"https:\\\/\\\/banglob.pl\\\/en\\\/wspolna-kaczka\\\/\",\"name\":\"Duck Meeting - BanGlob Catering\",\"isPartOf\":{\"@id\":\"https:\\\/\\\/banglob.pl\\\/en\\\/#website\"},\"primaryImageOfPage\":{\"@id\":\"https:\\\/\\\/banglob.pl\\\/en\\\/wspolna-kaczka\\\/#primaryimage\"},\"image\":{\"@id\":\"https:\\\/\\\/banglob.pl\\\/en\\\/wspolna-kaczka\\\/#primaryimage\"},\"thumbnailUrl\":\"https:\\\/\\\/banglob.pl\\\/wp-content\\\/uploads\\\/2025\\\/08\\\/kaczka_speed_foto_wojtek_rojek_0059.jpg\",\"datePublished\":\"2023-08-25T12:54:38+00:00\",\"dateModified\":\"2026-04-28T13:17:22+00:00\",\"description\":\"Wsp\u00f3lna Kaczka to presti\u017cowy, coroczny bankiet z uroczyst\u0105 kolacj\u0105. BanGlob od kilkudziesi\u0119ciu lat przygotowuje kompleksow\u0105 obs\u0142ug\u0119 cateringow\u0105 tego wydarzenia.\",\"breadcrumb\":{\"@id\":\"https:\\\/\\\/banglob.pl\\\/en\\\/wspolna-kaczka\\\/#breadcrumb\"},\"inLanguage\":\"en-US\",\"potentialAction\":[{\"@type\":\"ReadAction\",\"target\":[\"https:\\\/\\\/banglob.pl\\\/en\\\/wspolna-kaczka\\\/\"]}]},{\"@type\":\"ImageObject\",\"inLanguage\":\"en-US\",\"@id\":\"https:\\\/\\\/banglob.pl\\\/en\\\/wspolna-kaczka\\\/#primaryimage\",\"url\":\"https:\\\/\\\/banglob.pl\\\/wp-content\\\/uploads\\\/2025\\\/08\\\/kaczka_speed_foto_wojtek_rojek_0059.jpg\",\"contentUrl\":\"https:\\\/\\\/banglob.pl\\\/wp-content\\\/uploads\\\/2025\\\/08\\\/kaczka_speed_foto_wojtek_rojek_0059.jpg\",\"width\":2048,\"height\":1365,\"caption\":\"Oferta biznesowa - BanGlob\"},{\"@type\":\"BreadcrumbList\",\"@id\":\"https:\\\/\\\/banglob.pl\\\/en\\\/wspolna-kaczka\\\/#breadcrumb\",\"itemListElement\":[{\"@type\":\"ListItem\",\"position\":1,\"name\":\"Strona g\u0142\u00f3wna\",\"item\":\"https:\\\/\\\/banglob.pl\\\/en\\\/\"},{\"@type\":\"ListItem\",\"position\":2,\"name\":\"WSP\u00d3LNA KACZKA\"}]},{\"@type\":\"WebSite\",\"@id\":\"https:\\\/\\\/banglob.pl\\\/en\\\/#website\",\"url\":\"https:\\\/\\\/banglob.pl\\\/en\\\/\",\"name\":\"BanGlob\",\"description\":\"Kolejna witryna WordPress\",\"potentialAction\":[{\"@type\":\"SearchAction\",\"target\":{\"@type\":\"EntryPoint\",\"urlTemplate\":\"https:\\\/\\\/banglob.pl\\\/en\\\/?s={search_term_string}\"},\"query-input\":{\"@type\":\"PropertyValueSpecification\",\"valueRequired\":true,\"valueName\":\"search_term_string\"}}],\"inLanguage\":\"en-US\"}]}<\/script>\n<!-- \/ Yoast SEO plugin. -->","yoast_head_json":{"title":"Duck Meeting - BanGlob Catering","description":"Wsp\u00f3lna Kaczka to presti\u017cowy, coroczny bankiet z uroczyst\u0105 kolacj\u0105. BanGlob od kilkudziesi\u0119ciu lat przygotowuje kompleksow\u0105 obs\u0142ug\u0119 cateringow\u0105 tego wydarzenia.","robots":{"index":"index","follow":"follow","max-snippet":"max-snippet:-1","max-image-preview":"max-image-preview:large","max-video-preview":"max-video-preview:-1"},"canonical":"https:\/\/banglob.pl\/en\/wspolna-kaczka\/","og_locale":"en_US","og_type":"article","og_title":"Duck Meeting - BanGlob Catering","og_description":"Wsp\u00f3lna Kaczka to presti\u017cowy, coroczny bankiet z uroczyst\u0105 kolacj\u0105. BanGlob od kilkudziesi\u0119ciu lat przygotowuje kompleksow\u0105 obs\u0142ug\u0119 cateringow\u0105 tego wydarzenia.","og_url":"https:\/\/banglob.pl\/en\/wspolna-kaczka\/","og_site_name":"BanGlob","article_modified_time":"2026-04-28T13:17:22+00:00","og_image":[{"width":2048,"height":1365,"url":"https:\/\/banglob.pl\/wp-content\/uploads\/2025\/08\/kaczka_speed_foto_wojtek_rojek_0059.jpg","type":"image\/jpeg"}],"twitter_card":"summary_large_image","schema":{"@context":"https:\/\/schema.org","@graph":[{"@type":"WebPage","@id":"https:\/\/banglob.pl\/en\/wspolna-kaczka\/","url":"https:\/\/banglob.pl\/en\/wspolna-kaczka\/","name":"Duck Meeting - BanGlob Catering","isPartOf":{"@id":"https:\/\/banglob.pl\/en\/#website"},"primaryImageOfPage":{"@id":"https:\/\/banglob.pl\/en\/wspolna-kaczka\/#primaryimage"},"image":{"@id":"https:\/\/banglob.pl\/en\/wspolna-kaczka\/#primaryimage"},"thumbnailUrl":"https:\/\/banglob.pl\/wp-content\/uploads\/2025\/08\/kaczka_speed_foto_wojtek_rojek_0059.jpg","datePublished":"2023-08-25T12:54:38+00:00","dateModified":"2026-04-28T13:17:22+00:00","description":"Wsp\u00f3lna Kaczka to presti\u017cowy, coroczny bankiet z uroczyst\u0105 kolacj\u0105. BanGlob od kilkudziesi\u0119ciu lat przygotowuje kompleksow\u0105 obs\u0142ug\u0119 cateringow\u0105 tego wydarzenia.","breadcrumb":{"@id":"https:\/\/banglob.pl\/en\/wspolna-kaczka\/#breadcrumb"},"inLanguage":"en-US","potentialAction":[{"@type":"ReadAction","target":["https:\/\/banglob.pl\/en\/wspolna-kaczka\/"]}]},{"@type":"ImageObject","inLanguage":"en-US","@id":"https:\/\/banglob.pl\/en\/wspolna-kaczka\/#primaryimage","url":"https:\/\/banglob.pl\/wp-content\/uploads\/2025\/08\/kaczka_speed_foto_wojtek_rojek_0059.jpg","contentUrl":"https:\/\/banglob.pl\/wp-content\/uploads\/2025\/08\/kaczka_speed_foto_wojtek_rojek_0059.jpg","width":2048,"height":1365,"caption":"Oferta biznesowa - BanGlob"},{"@type":"BreadcrumbList","@id":"https:\/\/banglob.pl\/en\/wspolna-kaczka\/#breadcrumb","itemListElement":[{"@type":"ListItem","position":1,"name":"Strona g\u0142\u00f3wna","item":"https:\/\/banglob.pl\/en\/"},{"@type":"ListItem","position":2,"name":"WSP\u00d3LNA KACZKA"}]},{"@type":"WebSite","@id":"https:\/\/banglob.pl\/en\/#website","url":"https:\/\/banglob.pl\/en\/","name":"BanGlob","description":"Kolejna witryna WordPress","potentialAction":[{"@type":"SearchAction","target":{"@type":"EntryPoint","urlTemplate":"https:\/\/banglob.pl\/en\/?s={search_term_string}"},"query-input":{"@type":"PropertyValueSpecification","valueRequired":true,"valueName":"search_term_string"}}],"inLanguage":"en-US"}]}},"_links":{"self":[{"href":"https:\/\/banglob.pl\/en\/wp-json\/wp\/v2\/pages\/5091","targetHints":{"allow":["GET"]}}],"collection":[{"href":"https:\/\/banglob.pl\/en\/wp-json\/wp\/v2\/pages"}],"about":[{"href":"https:\/\/banglob.pl\/en\/wp-json\/wp\/v2\/types\/page"}],"author":[{"embeddable":true,"href":"https:\/\/banglob.pl\/en\/wp-json\/wp\/v2\/users\/3"}],"replies":[{"embeddable":true,"href":"https:\/\/banglob.pl\/en\/wp-json\/wp\/v2\/comments?post=5091"}],"version-history":[{"count":7,"href":"https:\/\/banglob.pl\/en\/wp-json\/wp\/v2\/pages\/5091\/revisions"}],"predecessor-version":[{"id":5646,"href":"https:\/\/banglob.pl\/en\/wp-json\/wp\/v2\/pages\/5091\/revisions\/5646"}],"wp:featuredmedia":[{"embeddable":true,"href":"https:\/\/banglob.pl\/en\/wp-json\/wp\/v2\/media\/5090"}],"wp:attachment":[{"href":"https:\/\/banglob.pl\/en\/wp-json\/wp\/v2\/media?parent=5091"}],"curies":[{"name":"wp","href":"https:\/\/api.w.org\/{rel}","templated":true}]}}