{"id":5074,"date":"2023-08-25T08:01:21","date_gmt":"2023-08-25T08:01:21","guid":{"rendered":"https:\/\/banglob.pl\/our-portfolio\/"},"modified":"2026-04-17T12:54:40","modified_gmt":"2026-04-17T12:54:40","slug":"our-portfolio","status":"publish","type":"page","link":"https:\/\/banglob.pl\/en\/our-portfolio\/","title":{"rendered":"OUR PORTFOLIO"},"content":{"rendered":"\t\t<div data-elementor-type=\"wp-page\" data-elementor-id=\"5074\" class=\"elementor elementor-5074 elementor-815\" data-elementor-post-type=\"page\">\n\t\t\t\t\t\t<section class=\"elementor-section elementor-top-section elementor-element elementor-element-745c2bda elementor-section-boxed elementor-section-height-default elementor-section-height-default\" data-id=\"745c2bda\" data-element_type=\"section\" data-e-type=\"section\">\n\t\t\t\t\t\t<div class=\"elementor-container elementor-column-gap-default\">\n\t\t\t\t\t<div class=\"elementor-column elementor-col-50 elementor-top-column elementor-element elementor-element-242cbf41\" data-id=\"242cbf41\" data-element_type=\"column\" data-e-type=\"column\">\n\t\t\t<div class=\"elementor-widget-wrap elementor-element-populated\">\n\t\t\t\t\t\t<div class=\"elementor-element elementor-element-4e0b7ac elementor-widget elementor-widget-heading\" data-id=\"4e0b7ac\" data-element_type=\"widget\" data-e-type=\"widget\" data-widget_type=\"heading.default\">\n\t\t\t\t<div class=\"elementor-widget-container\">\n\t\t\t\t\t<h2 class=\"elementor-heading-title elementor-size-default\">WSP\u00d3LNA KACZKA<\/h2>\t\t\t\t<\/div>\n\t\t\t\t<\/div>\n\t\t\t\t<div class=\"elementor-element elementor-element-2f4801f9 elementor-widget elementor-widget-text-editor\" data-id=\"2f4801f9\" data-element_type=\"widget\" data-e-type=\"widget\" data-widget_type=\"text-editor.default\">\n\t\t\t\t<div class=\"elementor-widget-container\">\n\t\t\t\t\t\t\t\t\t<p>\u2018Wsp\u00f3lna Kaczka\u2019 <b> <\/b>is an annual banquet and gala dinner for over 2,100 guests, held as part of the Maritime Economy Forum. For years, it has gathered key managers from the maritime industry. BanGlob has been providing comprehensive catering services for this event for 25 years. The refined setting makes it an ideal event for relationship-building and networking.<\/p>\t\t\t\t\t\t\t\t<\/div>\n\t\t\t\t<\/div>\n\t\t\t\t<div class=\"elementor-element elementor-element-7474a439 elementor-align-left elementor-widget elementor-widget-button\" data-id=\"7474a439\" data-element_type=\"widget\" data-e-type=\"widget\" data-widget_type=\"button.default\">\n\t\t\t\t<div class=\"elementor-widget-container\">\n\t\t\t\t\t\t\t\t\t<div class=\"elementor-button-wrapper\">\n\t\t\t\t\t<a class=\"elementor-button elementor-button-link elementor-size-lg\" href=\"https:\/\/banglob.pl\/en\/wspolna-kaczka\/\">\n\t\t\t\t\t\t<span class=\"elementor-button-content-wrapper\">\n\t\t\t\t\t\t\t\t\t<span class=\"elementor-button-text\">View details<\/span>\n\t\t\t\t\t<\/span>\n\t\t\t\t\t<\/a>\n\t\t\t\t<\/div>\n\t\t\t\t\t\t\t\t<\/div>\n\t\t\t\t<\/div>\n\t\t\t\t\t<\/div>\n\t\t<\/div>\n\t\t\t\t<div class=\"elementor-column elementor-col-50 elementor-top-column elementor-element elementor-element-6fb0eab4\" data-id=\"6fb0eab4\" data-element_type=\"column\" data-e-type=\"column\">\n\t\t\t<div class=\"elementor-widget-wrap elementor-element-populated\">\n\t\t\t\t\t\t<div class=\"elementor-element elementor-element-80dd1fe elementor-widget elementor-widget-image\" data-id=\"80dd1fe\" data-element_type=\"widget\" data-e-type=\"widget\" data-widget_type=\"image.default\">\n\t\t\t\t<div class=\"elementor-widget-container\">\n\t\t\t\t\t\t\t\t\t\t\t\t\t\t\t<img fetchpriority=\"high\" decoding=\"async\" width=\"1024\" height=\"682\" src=\"https:\/\/banglob.pl\/wp-content\/uploads\/2025\/08\/wspolna_kaczka_24_foto_wojtek_rojek_0374.jpg\" class=\"attachment-large size-large wp-image-5071\" alt=\"Wsp\u00f3lna Kaczka 2025\" srcset=\"https:\/\/banglob.pl\/wp-content\/uploads\/2025\/08\/wspolna_kaczka_24_foto_wojtek_rojek_0374.jpg 1024w, https:\/\/banglob.pl\/wp-content\/uploads\/2025\/08\/wspolna_kaczka_24_foto_wojtek_rojek_0374-300x200.jpg 300w, https:\/\/banglob.pl\/wp-content\/uploads\/2025\/08\/wspolna_kaczka_24_foto_wojtek_rojek_0374-768x512.jpg 768w, https:\/\/banglob.pl\/wp-content\/uploads\/2025\/08\/wspolna_kaczka_24_foto_wojtek_rojek_0374-710x473.jpg 710w\" sizes=\"(max-width: 1024px) 100vw, 1024px\" \/>\t\t\t\t\t\t\t\t\t\t\t\t\t\t\t<\/div>\n\t\t\t\t<\/div>\n\t\t\t\t\t<\/div>\n\t\t<\/div>\n\t\t\t\t\t<\/div>\n\t\t<\/section>\n\t\t\t\t<section class=\"elementor-section elementor-top-section elementor-element elementor-element-7e09254 elementor-reverse-mobile elementor-section-boxed elementor-section-height-default elementor-section-height-default\" data-id=\"7e09254\" data-element_type=\"section\" data-e-type=\"section\">\n\t\t\t\t\t\t<div class=\"elementor-container elementor-column-gap-default\">\n\t\t\t\t\t<div class=\"elementor-column elementor-col-50 elementor-top-column elementor-element elementor-element-55b1bb1\" data-id=\"55b1bb1\" data-element_type=\"column\" data-e-type=\"column\">\n\t\t\t<div class=\"elementor-widget-wrap elementor-element-populated\">\n\t\t\t\t\t\t<div class=\"elementor-element elementor-element-3443023 elementor-widget elementor-widget-image\" data-id=\"3443023\" data-element_type=\"widget\" data-e-type=\"widget\" data-widget_type=\"image.default\">\n\t\t\t\t<div class=\"elementor-widget-container\">\n\t\t\t\t\t\t\t\t\t\t\t\t\t\t\t<img decoding=\"async\" width=\"1024\" height=\"768\" src=\"https:\/\/banglob.pl\/wp-content\/uploads\/2025\/08\/1632721574823-1-1024x768.jpg\" class=\"attachment-large size-large wp-image-5072\" alt=\"Festiwal Polskich Film\u00f3w Fabularnych w Gdyni\" srcset=\"https:\/\/banglob.pl\/wp-content\/uploads\/2025\/08\/1632721574823-1-1024x768.jpg 1024w, https:\/\/banglob.pl\/wp-content\/uploads\/2025\/08\/1632721574823-1-300x225.jpg 300w, https:\/\/banglob.pl\/wp-content\/uploads\/2025\/08\/1632721574823-1-768x576.jpg 768w, https:\/\/banglob.pl\/wp-content\/uploads\/2025\/08\/1632721574823-1-1536x1152.jpg 1536w, https:\/\/banglob.pl\/wp-content\/uploads\/2025\/08\/1632721574823-1-631x473.jpg 631w, https:\/\/banglob.pl\/wp-content\/uploads\/2025\/08\/1632721574823-1.jpg 2048w\" sizes=\"(max-width: 1024px) 100vw, 1024px\" \/>\t\t\t\t\t\t\t\t\t\t\t\t\t\t\t<\/div>\n\t\t\t\t<\/div>\n\t\t\t\t\t<\/div>\n\t\t<\/div>\n\t\t\t\t<div class=\"elementor-column elementor-col-50 elementor-top-column elementor-element elementor-element-dde14f7\" data-id=\"dde14f7\" data-element_type=\"column\" data-e-type=\"column\">\n\t\t\t<div class=\"elementor-widget-wrap elementor-element-populated\">\n\t\t\t\t\t\t<div class=\"elementor-element elementor-element-7f7d372 elementor-widget elementor-widget-heading\" data-id=\"7f7d372\" data-element_type=\"widget\" data-e-type=\"widget\" data-widget_type=\"heading.default\">\n\t\t\t\t<div class=\"elementor-widget-container\">\n\t\t\t\t\t<h2 class=\"elementor-heading-title elementor-size-default\">POLISH FILM FESTIVAL<\/h2>\t\t\t\t<\/div>\n\t\t\t\t<\/div>\n\t\t\t\t<div class=\"elementor-element elementor-element-cb4006d elementor-widget elementor-widget-text-editor\" data-id=\"cb4006d\" data-element_type=\"widget\" data-e-type=\"widget\" data-widget_type=\"text-editor.default\">\n\t\t\t\t<div class=\"elementor-widget-container\">\n\t\t\t\t\t\t\t\t\t<p data-start=\"152\" data-end=\"317\">The Polish Film Festival in Gdynia is the most important event in Polish cinema, attracting filmmakers and audiences from across the country for nearly 50 years. As a festival partner, BanGlob proudly provides the catering for the festival\u2019s accompanying events, ensuring the highest level of service and a sophisticated atmosphere for meetings among artists, producers, and special guests.<\/p>\t\t\t\t\t\t\t\t<\/div>\n\t\t\t\t<\/div>\n\t\t\t\t<div class=\"elementor-element elementor-element-d1b27ec elementor-align-left elementor-widget elementor-widget-button\" data-id=\"d1b27ec\" data-element_type=\"widget\" data-e-type=\"widget\" data-widget_type=\"button.default\">\n\t\t\t\t<div class=\"elementor-widget-container\">\n\t\t\t\t\t\t\t\t\t<div class=\"elementor-button-wrapper\">\n\t\t\t\t\t<a class=\"elementor-button elementor-button-link elementor-size-lg\" href=\"https:\/\/banglob.pl\/en\/polish-film-festival-in-gdynia\/\">\n\t\t\t\t\t\t<span class=\"elementor-button-content-wrapper\">\n\t\t\t\t\t\t\t\t\t<span class=\"elementor-button-text\">View details<\/span>\n\t\t\t\t\t<\/span>\n\t\t\t\t\t<\/a>\n\t\t\t\t<\/div>\n\t\t\t\t\t\t\t\t<\/div>\n\t\t\t\t<\/div>\n\t\t\t\t\t<\/div>\n\t\t<\/div>\n\t\t\t\t\t<\/div>\n\t\t<\/section>\n\t\t\t\t<section class=\"elementor-section elementor-top-section elementor-element elementor-element-b141a62 elementor-section-boxed elementor-section-height-default elementor-section-height-default\" data-id=\"b141a62\" data-element_type=\"section\" data-e-type=\"section\">\n\t\t\t\t\t\t<div class=\"elementor-container elementor-column-gap-default\">\n\t\t\t\t\t<div class=\"elementor-column elementor-col-50 elementor-top-column elementor-element elementor-element-d12c1ff\" data-id=\"d12c1ff\" data-element_type=\"column\" data-e-type=\"column\">\n\t\t\t<div class=\"elementor-widget-wrap elementor-element-populated\">\n\t\t\t\t\t\t<div class=\"elementor-element elementor-element-fd05264 elementor-widget elementor-widget-heading\" data-id=\"fd05264\" data-element_type=\"widget\" data-e-type=\"widget\" data-widget_type=\"heading.default\">\n\t\t\t\t<div class=\"elementor-widget-container\">\n\t\t\t\t\t<h2 class=\"elementor-heading-title elementor-size-default\">RED BULL<\/h2>\t\t\t\t<\/div>\n\t\t\t\t<\/div>\n\t\t\t\t<div class=\"elementor-element elementor-element-293abc0 elementor-widget elementor-widget-text-editor\" data-id=\"293abc0\" data-element_type=\"widget\" data-e-type=\"widget\" data-widget_type=\"text-editor.default\">\n\t\t\t\t<div class=\"elementor-widget-container\">\n\t\t\t\t\t\t\t\t\t<h6><span style=\"font-size: 15px; font-weight: 400;\">During the Red Bull Flugtag in Gdynia, we provided comprehensive catering services for 5,000 guests across the VIP and standard zones. Odpowiadali\u015bmy za przygotowanie i serwis zr\u00f3\u017cnicowanego menu, dostosowanego do charakteru wydarzenia i oczekiwa\u0144 uczestnik\u00f3w, logistyk\u0119 i p\u0142ynno\u015b\u0107 obs\u0142ugi, tak aby go\u015bcie mogli w pe\u0142ni cieszy\u0107 si\u0119 wyj\u0105tkowym widowiskiem.<\/span><\/h6>\t\t\t\t\t\t\t\t<\/div>\n\t\t\t\t<\/div>\n\t\t\t\t<div class=\"elementor-element elementor-element-19e7d19 elementor-align-left elementor-widget elementor-widget-button\" data-id=\"19e7d19\" data-element_type=\"widget\" data-e-type=\"widget\" data-widget_type=\"button.default\">\n\t\t\t\t<div class=\"elementor-widget-container\">\n\t\t\t\t\t\t\t\t\t<div class=\"elementor-button-wrapper\">\n\t\t\t\t\t<a class=\"elementor-button elementor-button-link elementor-size-lg\" href=\"https:\/\/banglob.pl\/en\/red-bull-flugtag\/\">\n\t\t\t\t\t\t<span class=\"elementor-button-content-wrapper\">\n\t\t\t\t\t\t\t\t\t<span class=\"elementor-button-text\">View details<\/span>\n\t\t\t\t\t<\/span>\n\t\t\t\t\t<\/a>\n\t\t\t\t<\/div>\n\t\t\t\t\t\t\t\t<\/div>\n\t\t\t\t<\/div>\n\t\t\t\t\t<\/div>\n\t\t<\/div>\n\t\t\t\t<div class=\"elementor-column elementor-col-50 elementor-top-column elementor-element elementor-element-267a8dc\" data-id=\"267a8dc\" data-element_type=\"column\" data-e-type=\"column\">\n\t\t\t<div class=\"elementor-widget-wrap elementor-element-populated\">\n\t\t\t\t\t\t<div class=\"elementor-element elementor-element-0870653 elementor-widget elementor-widget-image\" data-id=\"0870653\" data-element_type=\"widget\" data-e-type=\"widget\" data-widget_type=\"image.default\">\n\t\t\t\t<div class=\"elementor-widget-container\">\n\t\t\t\t\t\t\t\t\t\t\t\t\t\t\t<img decoding=\"async\" width=\"1024\" height=\"768\" src=\"https:\/\/banglob.pl\/wp-content\/uploads\/2025\/08\/redbull-banglob.jpg\" class=\"attachment-large size-large wp-image-5073\" alt=\"Red Bull - BanGlob\" srcset=\"https:\/\/banglob.pl\/wp-content\/uploads\/2025\/08\/redbull-banglob.jpg 1024w, https:\/\/banglob.pl\/wp-content\/uploads\/2025\/08\/redbull-banglob-300x225.jpg 300w, https:\/\/banglob.pl\/wp-content\/uploads\/2025\/08\/redbull-banglob-768x576.jpg 768w, https:\/\/banglob.pl\/wp-content\/uploads\/2025\/08\/redbull-banglob-631x473.jpg 631w\" sizes=\"(max-width: 1024px) 100vw, 1024px\" \/>\t\t\t\t\t\t\t\t\t\t\t\t\t\t\t<\/div>\n\t\t\t\t<\/div>\n\t\t\t\t\t<\/div>\n\t\t<\/div>\n\t\t\t\t\t<\/div>\n\t\t<\/section>\n\t\t\t\t<\/div>\n\t\t","protected":false},"excerpt":{"rendered":"<p>WSP\u00d3LNA KACZKA \u2018Wsp\u00f3lna Kaczka\u2019 is an annual banquet and gala dinner for over 2,100 guests, held as part of the Maritime Economy Forum. For years, it has gathered key managers from the maritime industry. BanGlob has been providing comprehensive catering services for this event for 25 years. The refined setting makes it an ideal event [&hellip;]<\/p>\n","protected":false},"author":3,"featured_media":0,"parent":0,"menu_order":0,"comment_status":"closed","ping_status":"closed","template":"","meta":{"footnotes":""},"class_list":["post-5074","page","type-page","status-publish","hentry"],"yoast_head":"<!-- This site is optimized with the Yoast SEO plugin v27.5 - https:\/\/yoast.com\/product\/yoast-seo-wordpress\/ -->\n<title>Realizacje - BanGlob Catering<\/title>\n<meta name=\"description\" content=\"Portfolio i case studies BanGlob Catering. Zobacz, dlaczego zaufali nam organizatorzy najwi\u0119kszych event\u00f3w. Zdj\u0119cia i opisy z naszych najlepszych realizacji.\" \/>\n<meta name=\"robots\" content=\"index, follow, max-snippet:-1, max-image-preview:large, max-video-preview:-1\" \/>\n<link rel=\"canonical\" href=\"https:\/\/banglob.pl\/en\/our-portfolio\/\" \/>\n<meta property=\"og:locale\" content=\"en_US\" \/>\n<meta property=\"og:type\" content=\"article\" \/>\n<meta property=\"og:title\" content=\"Realizacje - BanGlob Catering\" \/>\n<meta property=\"og:description\" content=\"Portfolio i case studies BanGlob Catering. Zobacz, dlaczego zaufali nam organizatorzy najwi\u0119kszych event\u00f3w. Zdj\u0119cia i opisy z naszych najlepszych realizacji.\" \/>\n<meta property=\"og:url\" content=\"https:\/\/banglob.pl\/en\/our-portfolio\/\" \/>\n<meta property=\"og:site_name\" content=\"BanGlob\" \/>\n<meta property=\"article:modified_time\" content=\"2026-04-17T12:54:40+00:00\" \/>\n<meta property=\"og:image\" content=\"https:\/\/banglob.pl\/wp-content\/uploads\/2025\/08\/wspolna_kaczka_24_foto_wojtek_rojek_0374.jpg\" \/>\n\t<meta property=\"og:image:width\" content=\"1024\" \/>\n\t<meta property=\"og:image:height\" content=\"682\" \/>\n\t<meta property=\"og:image:type\" content=\"image\/jpeg\" \/>\n<meta name=\"twitter:card\" content=\"summary_large_image\" \/>\n<meta name=\"twitter:label1\" content=\"Est. reading time\" \/>\n\t<meta name=\"twitter:data1\" content=\"1 minute\" \/>\n<script type=\"application\/ld+json\" class=\"yoast-schema-graph\">{\"@context\":\"https:\\\/\\\/schema.org\",\"@graph\":[{\"@type\":\"WebPage\",\"@id\":\"https:\\\/\\\/banglob.pl\\\/en\\\/our-portfolio\\\/\",\"url\":\"https:\\\/\\\/banglob.pl\\\/en\\\/our-portfolio\\\/\",\"name\":\"Realizacje - BanGlob Catering\",\"isPartOf\":{\"@id\":\"https:\\\/\\\/banglob.pl\\\/en\\\/#website\"},\"primaryImageOfPage\":{\"@id\":\"https:\\\/\\\/banglob.pl\\\/en\\\/our-portfolio\\\/#primaryimage\"},\"image\":{\"@id\":\"https:\\\/\\\/banglob.pl\\\/en\\\/our-portfolio\\\/#primaryimage\"},\"thumbnailUrl\":\"https:\\\/\\\/banglob.pl\\\/wp-content\\\/uploads\\\/2025\\\/08\\\/wspolna_kaczka_24_foto_wojtek_rojek_0374.jpg\",\"datePublished\":\"2023-08-25T08:01:21+00:00\",\"dateModified\":\"2026-04-17T12:54:40+00:00\",\"description\":\"Portfolio i case studies BanGlob Catering. Zobacz, dlaczego zaufali nam organizatorzy najwi\u0119kszych event\u00f3w. Zdj\u0119cia i opisy z naszych najlepszych realizacji.\",\"breadcrumb\":{\"@id\":\"https:\\\/\\\/banglob.pl\\\/en\\\/our-portfolio\\\/#breadcrumb\"},\"inLanguage\":\"en-US\",\"potentialAction\":[{\"@type\":\"ReadAction\",\"target\":[\"https:\\\/\\\/banglob.pl\\\/en\\\/our-portfolio\\\/\"]}]},{\"@type\":\"ImageObject\",\"inLanguage\":\"en-US\",\"@id\":\"https:\\\/\\\/banglob.pl\\\/en\\\/our-portfolio\\\/#primaryimage\",\"url\":\"https:\\\/\\\/banglob.pl\\\/wp-content\\\/uploads\\\/2025\\\/08\\\/wspolna_kaczka_24_foto_wojtek_rojek_0374.jpg\",\"contentUrl\":\"https:\\\/\\\/banglob.pl\\\/wp-content\\\/uploads\\\/2025\\\/08\\\/wspolna_kaczka_24_foto_wojtek_rojek_0374.jpg\"},{\"@type\":\"BreadcrumbList\",\"@id\":\"https:\\\/\\\/banglob.pl\\\/en\\\/our-portfolio\\\/#breadcrumb\",\"itemListElement\":[{\"@type\":\"ListItem\",\"position\":1,\"name\":\"Strona g\u0142\u00f3wna\",\"item\":\"https:\\\/\\\/banglob.pl\\\/en\\\/\"},{\"@type\":\"ListItem\",\"position\":2,\"name\":\"OUR PORTFOLIO\"}]},{\"@type\":\"WebSite\",\"@id\":\"https:\\\/\\\/banglob.pl\\\/en\\\/#website\",\"url\":\"https:\\\/\\\/banglob.pl\\\/en\\\/\",\"name\":\"BanGlob\",\"description\":\"Kolejna witryna WordPress\",\"potentialAction\":[{\"@type\":\"SearchAction\",\"target\":{\"@type\":\"EntryPoint\",\"urlTemplate\":\"https:\\\/\\\/banglob.pl\\\/en\\\/?s={search_term_string}\"},\"query-input\":{\"@type\":\"PropertyValueSpecification\",\"valueRequired\":true,\"valueName\":\"search_term_string\"}}],\"inLanguage\":\"en-US\"}]}<\/script>\n<!-- \/ Yoast SEO plugin. -->","yoast_head_json":{"title":"Realizacje - BanGlob Catering","description":"Portfolio i case studies BanGlob Catering. Zobacz, dlaczego zaufali nam organizatorzy najwi\u0119kszych event\u00f3w. Zdj\u0119cia i opisy z naszych najlepszych realizacji.","robots":{"index":"index","follow":"follow","max-snippet":"max-snippet:-1","max-image-preview":"max-image-preview:large","max-video-preview":"max-video-preview:-1"},"canonical":"https:\/\/banglob.pl\/en\/our-portfolio\/","og_locale":"en_US","og_type":"article","og_title":"Realizacje - BanGlob Catering","og_description":"Portfolio i case studies BanGlob Catering. Zobacz, dlaczego zaufali nam organizatorzy najwi\u0119kszych event\u00f3w. Zdj\u0119cia i opisy z naszych najlepszych realizacji.","og_url":"https:\/\/banglob.pl\/en\/our-portfolio\/","og_site_name":"BanGlob","article_modified_time":"2026-04-17T12:54:40+00:00","og_image":[{"width":1024,"height":682,"url":"https:\/\/banglob.pl\/wp-content\/uploads\/2025\/08\/wspolna_kaczka_24_foto_wojtek_rojek_0374.jpg","type":"image\/jpeg"}],"twitter_card":"summary_large_image","twitter_misc":{"Est. reading time":"1 minute"},"schema":{"@context":"https:\/\/schema.org","@graph":[{"@type":"WebPage","@id":"https:\/\/banglob.pl\/en\/our-portfolio\/","url":"https:\/\/banglob.pl\/en\/our-portfolio\/","name":"Realizacje - BanGlob Catering","isPartOf":{"@id":"https:\/\/banglob.pl\/en\/#website"},"primaryImageOfPage":{"@id":"https:\/\/banglob.pl\/en\/our-portfolio\/#primaryimage"},"image":{"@id":"https:\/\/banglob.pl\/en\/our-portfolio\/#primaryimage"},"thumbnailUrl":"https:\/\/banglob.pl\/wp-content\/uploads\/2025\/08\/wspolna_kaczka_24_foto_wojtek_rojek_0374.jpg","datePublished":"2023-08-25T08:01:21+00:00","dateModified":"2026-04-17T12:54:40+00:00","description":"Portfolio i case studies BanGlob Catering. Zobacz, dlaczego zaufali nam organizatorzy najwi\u0119kszych event\u00f3w. Zdj\u0119cia i opisy z naszych najlepszych realizacji.","breadcrumb":{"@id":"https:\/\/banglob.pl\/en\/our-portfolio\/#breadcrumb"},"inLanguage":"en-US","potentialAction":[{"@type":"ReadAction","target":["https:\/\/banglob.pl\/en\/our-portfolio\/"]}]},{"@type":"ImageObject","inLanguage":"en-US","@id":"https:\/\/banglob.pl\/en\/our-portfolio\/#primaryimage","url":"https:\/\/banglob.pl\/wp-content\/uploads\/2025\/08\/wspolna_kaczka_24_foto_wojtek_rojek_0374.jpg","contentUrl":"https:\/\/banglob.pl\/wp-content\/uploads\/2025\/08\/wspolna_kaczka_24_foto_wojtek_rojek_0374.jpg"},{"@type":"BreadcrumbList","@id":"https:\/\/banglob.pl\/en\/our-portfolio\/#breadcrumb","itemListElement":[{"@type":"ListItem","position":1,"name":"Strona g\u0142\u00f3wna","item":"https:\/\/banglob.pl\/en\/"},{"@type":"ListItem","position":2,"name":"OUR PORTFOLIO"}]},{"@type":"WebSite","@id":"https:\/\/banglob.pl\/en\/#website","url":"https:\/\/banglob.pl\/en\/","name":"BanGlob","description":"Kolejna witryna WordPress","potentialAction":[{"@type":"SearchAction","target":{"@type":"EntryPoint","urlTemplate":"https:\/\/banglob.pl\/en\/?s={search_term_string}"},"query-input":{"@type":"PropertyValueSpecification","valueRequired":true,"valueName":"search_term_string"}}],"inLanguage":"en-US"}]}},"_links":{"self":[{"href":"https:\/\/banglob.pl\/en\/wp-json\/wp\/v2\/pages\/5074","targetHints":{"allow":["GET"]}}],"collection":[{"href":"https:\/\/banglob.pl\/en\/wp-json\/wp\/v2\/pages"}],"about":[{"href":"https:\/\/banglob.pl\/en\/wp-json\/wp\/v2\/types\/page"}],"author":[{"embeddable":true,"href":"https:\/\/banglob.pl\/en\/wp-json\/wp\/v2\/users\/3"}],"replies":[{"embeddable":true,"href":"https:\/\/banglob.pl\/en\/wp-json\/wp\/v2\/comments?post=5074"}],"version-history":[{"count":4,"href":"https:\/\/banglob.pl\/en\/wp-json\/wp\/v2\/pages\/5074\/revisions"}],"predecessor-version":[{"id":5445,"href":"https:\/\/banglob.pl\/en\/wp-json\/wp\/v2\/pages\/5074\/revisions\/5445"}],"wp:attachment":[{"href":"https:\/\/banglob.pl\/en\/wp-json\/wp\/v2\/media?parent=5074"}],"curies":[{"name":"wp","href":"https:\/\/api.w.org\/{rel}","templated":true}]}}