{"id":5046,"date":"2023-08-25T08:00:30","date_gmt":"2023-08-25T08:00:30","guid":{"rendered":"https:\/\/banglob.pl\/naval-museum-in-gdynia\/"},"modified":"2026-04-17T14:22:39","modified_gmt":"2026-04-17T14:22:39","slug":"naval-museum-in-gdynia","status":"publish","type":"page","link":"https:\/\/banglob.pl\/en\/naval-museum-in-gdynia\/","title":{"rendered":"Naval Museum in Gdynia"},"content":{"rendered":"\t\t<div data-elementor-type=\"wp-page\" data-elementor-id=\"5046\" class=\"elementor elementor-5046 elementor-809\" data-elementor-post-type=\"page\">\n\t\t\t\t\t\t<section class=\"elementor-section elementor-top-section elementor-element elementor-element-30b82faa elementor-section-boxed elementor-section-height-default elementor-section-height-default\" data-id=\"30b82faa\" data-element_type=\"section\" data-e-type=\"section\">\n\t\t\t\t\t\t<div class=\"elementor-container elementor-column-gap-default\">\n\t\t\t\t\t<div class=\"elementor-column elementor-col-50 elementor-top-column elementor-element elementor-element-66931ea7\" data-id=\"66931ea7\" data-element_type=\"column\" data-e-type=\"column\">\n\t\t\t<div class=\"elementor-widget-wrap elementor-element-populated\">\n\t\t\t\t\t\t<div class=\"elementor-element elementor-element-461ea3f2 elementor-widget elementor-widget-image\" data-id=\"461ea3f2\" data-element_type=\"widget\" data-e-type=\"widget\" data-widget_type=\"image.default\">\n\t\t\t\t<div class=\"elementor-widget-container\">\n\t\t\t\t\t\t\t\t\t\t\t\t\t\t\t<img decoding=\"async\" width=\"150\" height=\"150\" src=\"https:\/\/banglob.pl\/wp-content\/uploads\/2024\/10\/logo-3-150x150.png\" class=\"attachment-thumbnail size-thumbnail wp-image-5040\" alt=\"\" srcset=\"https:\/\/banglob.pl\/wp-content\/uploads\/2024\/10\/logo-3-150x150.png 150w, https:\/\/banglob.pl\/wp-content\/uploads\/2024\/10\/logo-3.png 250w\" sizes=\"(max-width: 150px) 100vw, 150px\" \/>\t\t\t\t\t\t\t\t\t\t\t\t\t\t\t<\/div>\n\t\t\t\t<\/div>\n\t\t\t\t<div class=\"elementor-element elementor-element-56fc26e8 elementor-widget elementor-widget-text-editor\" data-id=\"56fc26e8\" data-element_type=\"widget\" data-e-type=\"widget\" data-widget_type=\"text-editor.default\">\n\t\t\t\t<div class=\"elementor-widget-container\">\n\t\t\t\t\t\t\t\t\t<p>The Naval Museum in Gdynia is a place that not only preserves and presents the history of the Polish Navy but also serves as an ideal location for organising conferences, training sessions, meetings, and workshops.<\/p>\n<p>By working with us, every event can be enhanced with comprehensive catering services, offering a diverse menu perfectly tailored to your attendees&#8217; needs. We create unforgettable moments in a truly unique setting, combining a passion for history with exquisite cuisine.&nbsp;The picturesque surroundings, featuring the impressive silhouette of the historic &#8220;B\u0142yskawica&#8221; destroyer and the Outdoor Exhibition of Naval Weaponry, provide a one-of-a-kind atmosphere that fosters creativity and team integration.<\/p>\t\t\t\t\t\t\t\t<\/div>\n\t\t\t\t<\/div>\n\t\t\t\t<section class=\"elementor-section elementor-inner-section elementor-element elementor-element-50f9f54f elementor-section-boxed elementor-section-height-default elementor-section-height-default\" data-id=\"50f9f54f\" data-element_type=\"section\" data-e-type=\"section\">\n\t\t\t\t\t\t<div class=\"elementor-container elementor-column-gap-default\">\n\t\t\t\t\t<div class=\"elementor-column elementor-col-100 elementor-inner-column elementor-element elementor-element-6dc3cb6c\" data-id=\"6dc3cb6c\" data-element_type=\"column\" data-e-type=\"column\">\n\t\t\t<div class=\"elementor-widget-wrap elementor-element-populated\">\n\t\t\t\t\t\t<div class=\"elementor-element elementor-element-1199a327 elementor-icon-list--layout-traditional elementor-list-item-link-full_width elementor-widget elementor-widget-icon-list\" data-id=\"1199a327\" data-element_type=\"widget\" data-e-type=\"widget\" data-widget_type=\"icon-list.default\">\n\t\t\t\t<div class=\"elementor-widget-container\">\n\t\t\t\t\t\t\t<ul class=\"elementor-icon-list-items\">\n\t\t\t\t\t\t\t<li class=\"elementor-icon-list-item\">\n\t\t\t\t\t\t\t\t\t\t\t<span class=\"elementor-icon-list-icon\">\n\t\t\t\t\t\t\t<i aria-hidden=\"true\" class=\"fas fa-check-circle\"><\/i>\t\t\t\t\t\t<\/span>\n\t\t\t\t\t\t\t\t\t\t<span class=\"elementor-icon-list-text\">We provide full audiovisual and catering facilities.<\/span>\n\t\t\t\t\t\t\t\t\t<\/li>\n\t\t\t\t\t\t\t\t<li class=\"elementor-icon-list-item\">\n\t\t\t\t\t\t\t\t\t\t\t<span class=\"elementor-icon-list-icon\">\n\t\t\t\t\t\t\t<i aria-hidden=\"true\" class=\"fas fa-check-circle\"><\/i>\t\t\t\t\t\t<\/span>\n\t\t\t\t\t\t\t\t\t\t<span class=\"elementor-icon-list-text\">We prepare and style the space in line with your event concept.<\/span>\n\t\t\t\t\t\t\t\t\t<\/li>\n\t\t\t\t\t\t\t\t<li class=\"elementor-icon-list-item\">\n\t\t\t\t\t\t\t\t\t\t\t<span class=\"elementor-icon-list-icon\">\n\t\t\t\t\t\t\t<i aria-hidden=\"true\" class=\"fas fa-check-circle\"><\/i>\t\t\t\t\t\t<\/span>\n\t\t\t\t\t\t\t\t\t\t<span class=\"elementor-icon-list-text\">We offer support with entertainment booking and artist management.<\/span>\n\t\t\t\t\t\t\t\t\t<\/li>\n\t\t\t\t\t\t\t\t<li class=\"elementor-icon-list-item\">\n\t\t\t\t\t\t\t\t\t\t\t<span class=\"elementor-icon-list-icon\">\n\t\t\t\t\t\t\t<i aria-hidden=\"true\" class=\"fas fa-check-circle\"><\/i>\t\t\t\t\t\t<\/span>\n\t\t\t\t\t\t\t\t\t\t<span class=\"elementor-icon-list-text\">Tailored solutions designed around your needs.<\/span>\n\t\t\t\t\t\t\t\t\t<\/li>\n\t\t\t\t\t\t<\/ul>\n\t\t\t\t\t\t<\/div>\n\t\t\t\t<\/div>\n\t\t\t\t\t<\/div>\n\t\t<\/div>\n\t\t\t\t\t<\/div>\n\t\t<\/section>\n\t\t\t\t<div class=\"elementor-element elementor-element-1ff09218 elementor-widget-divider--view-line elementor-widget elementor-widget-divider\" data-id=\"1ff09218\" data-element_type=\"widget\" data-e-type=\"widget\" data-widget_type=\"divider.default\">\n\t\t\t\t<div class=\"elementor-widget-container\">\n\t\t\t\t\t\t\t<div class=\"elementor-divider\">\n\t\t\t<span class=\"elementor-divider-separator\">\n\t\t\t\t\t\t<\/span>\n\t\t<\/div>\n\t\t\t\t\t\t<\/div>\n\t\t\t\t<\/div>\n\t\t\t\t<section class=\"elementor-section elementor-inner-section elementor-element elementor-element-407f920e elementor-section-boxed elementor-section-height-default elementor-section-height-default\" data-id=\"407f920e\" data-element_type=\"section\" data-e-type=\"section\">\n\t\t\t\t\t\t<div class=\"elementor-container elementor-column-gap-default\">\n\t\t\t\t\t<div class=\"elementor-column elementor-col-50 elementor-inner-column elementor-element elementor-element-55b0bfe6\" data-id=\"55b0bfe6\" data-element_type=\"column\" data-e-type=\"column\">\n\t\t\t<div class=\"elementor-widget-wrap elementor-element-populated\">\n\t\t\t\t\t\t<div class=\"elementor-element elementor-element-56e04017 elementor-align-left elementor-widget elementor-widget-button\" data-id=\"56e04017\" data-element_type=\"widget\" data-e-type=\"widget\" data-widget_type=\"button.default\">\n\t\t\t\t<div class=\"elementor-widget-container\">\n\t\t\t\t\t\t\t\t\t<div class=\"elementor-button-wrapper\">\n\t\t\t\t\t<a class=\"elementor-button elementor-button-link elementor-size-lg\" href=\"https:\/\/banglob.pl\/en\/contact\/\">\n\t\t\t\t\t\t<span class=\"elementor-button-content-wrapper\">\n\t\t\t\t\t\t\t\t\t<span class=\"elementor-button-text\">Get in touch<\/span>\n\t\t\t\t\t<\/span>\n\t\t\t\t\t<\/a>\n\t\t\t\t<\/div>\n\t\t\t\t\t\t\t\t<\/div>\n\t\t\t\t<\/div>\n\t\t\t\t\t<\/div>\n\t\t<\/div>\n\t\t\t\t<div class=\"elementor-column elementor-col-50 elementor-inner-column elementor-element elementor-element-4d35a258\" data-id=\"4d35a258\" data-element_type=\"column\" data-e-type=\"column\">\n\t\t\t<div class=\"elementor-widget-wrap elementor-element-populated\">\n\t\t\t\t\t\t<div class=\"elementor-element elementor-element-4e8e4738 elementor-position-inline-start elementor-view-stacked elementor-shape-circle elementor-mobile-position-block-start elementor-widget elementor-widget-icon-box\" data-id=\"4e8e4738\" data-element_type=\"widget\" data-e-type=\"widget\" data-widget_type=\"icon-box.default\">\n\t\t\t\t<div class=\"elementor-widget-container\">\n\t\t\t\t\t\t\t<div class=\"elementor-icon-box-wrapper\">\n\n\t\t\t\t\t\t<div class=\"elementor-icon-box-icon\">\n\t\t\t\t<span  class=\"elementor-icon\">\n\t\t\t\t<i aria-hidden=\"true\" class=\"fas fa-mobile-alt\"><\/i>\t\t\t\t<\/span>\n\t\t\t<\/div>\n\t\t\t\n\t\t\t\t\t\t<div class=\"elementor-icon-box-content\">\n\n\t\t\t\t\t\t\t\t\t<h3 class=\"elementor-icon-box-title\">\n\t\t\t\t\t\t<span  >\n\t\t\t\t\t\t\tCall us\t\t\t\t\t\t<\/span>\n\t\t\t\t\t<\/h3>\n\t\t\t\t\n\t\t\t\t\t\t\t\t\t<p class=\"elementor-icon-box-description\">\n\t\t\t\t\t\t<a href=\"tel:=+48586204329\"><span style=\"color:#222222\">+48 58 620 43 29<\/span><\/a>\t\t\t\t\t<\/p>\n\t\t\t\t\n\t\t\t<\/div>\n\t\t\t\n\t\t<\/div>\n\t\t\t\t\t\t<\/div>\n\t\t\t\t<\/div>\n\t\t\t\t\t<\/div>\n\t\t<\/div>\n\t\t\t\t\t<\/div>\n\t\t<\/section>\n\t\t\t\t<div class=\"elementor-element elementor-element-22b39f9a elementor-widget elementor-widget-shortcode\" data-id=\"22b39f9a\" data-element_type=\"widget\" data-e-type=\"widget\" data-widget_type=\"shortcode.default\">\n\t\t\t\t<div class=\"elementor-widget-container\">\n\t\t\t\t\t\t\t<div class=\"elementor-shortcode\">\n<div class=\"wpcf7 no-js\" id=\"wpcf7-f5428-o1\" lang=\"en-US\" dir=\"ltr\" data-wpcf7-id=\"5428\">\n<div class=\"screen-reader-response\"><p role=\"status\" aria-live=\"polite\" aria-atomic=\"true\"><\/p> <ul><\/ul><\/div>\n<form action=\"\/en\/wp-json\/wp\/v2\/pages\/5046#wpcf7-f5428-o1\" method=\"post\" class=\"wpcf7-form init\" aria-label=\"Contact form\" novalidate=\"novalidate\" data-status=\"init\">\n<fieldset class=\"hidden-fields-container\"><input type=\"hidden\" name=\"_wpcf7\" value=\"5428\" \/><input type=\"hidden\" name=\"_wpcf7_version\" value=\"6.1.5\" \/><input type=\"hidden\" name=\"_wpcf7_locale\" value=\"en_US\" \/><input type=\"hidden\" name=\"_wpcf7_unit_tag\" value=\"wpcf7-f5428-o1\" \/><input type=\"hidden\" name=\"_wpcf7_container_post\" value=\"0\" \/><input type=\"hidden\" name=\"_wpcf7_posted_data_hash\" value=\"\" \/><input type=\"hidden\" name=\"_wpcf7_recaptcha_response\" value=\"\" \/>\n<\/fieldset>\n<div class=\"contact-all\">\n\t<div class=\"contact-group\">\n\t\t<p><span class=\"wpcf7-form-control-wrap\" data-name=\"opiekun-nazwa\"><input size=\"40\" maxlength=\"400\" class=\"wpcf7-form-control wpcf7-text wpcf7-validates-as-required contact-input\" aria-required=\"true\" aria-invalid=\"false\" placeholder=\"Full name *\" value=\"\" type=\"text\" name=\"opiekun-nazwa\" \/><\/span>\n\t\t<\/p>\n\t<\/div>\n\t<div class=\"contact-group\">\n\t\t<p><span class=\"wpcf7-form-control-wrap\" data-name=\"your-email\"><input size=\"40\" maxlength=\"400\" class=\"wpcf7-form-control wpcf7-email wpcf7-validates-as-required wpcf7-text wpcf7-validates-as-email contact-input\" aria-required=\"true\" aria-invalid=\"false\" placeholder=\"E-mail *\" value=\"\" type=\"email\" name=\"your-email\" \/><\/span>\n\t\t<\/p>\n\t<\/div>\n\t<div class=\"contact-group\">\n\t\t<p><span class=\"wpcf7-form-control-wrap\" data-name=\"your-phone\"><input size=\"40\" maxlength=\"400\" class=\"wpcf7-form-control wpcf7-tel wpcf7-validates-as-required wpcf7-text wpcf7-validates-as-tel contact-input\" aria-required=\"true\" aria-invalid=\"false\" placeholder=\"Phone *\" value=\"\" type=\"tel\" name=\"your-phone\" \/><\/span>\n\t\t<\/p>\n\t<\/div>\n\t<div class=\"contact-group\">\n\t\t<p><span class=\"wpcf7-form-control-wrap\" data-name=\"textarea-938\"><textarea cols=\"40\" rows=\"10\" maxlength=\"2000\" class=\"wpcf7-form-control wpcf7-textarea\" aria-invalid=\"false\" placeholder=\"Your message\" name=\"textarea-938\"><\/textarea><\/span>\n\t\t<\/p>\n\t<\/div>\n\t<div class=\"contact-group\">\n\t\t<p><span class=\"wpcf7-form-control-wrap\" data-name=\"acceptance-653\"><span class=\"wpcf7-form-control wpcf7-acceptance\"><span class=\"wpcf7-list-item\"><label><input type=\"checkbox\" name=\"acceptance-653\" value=\"1\" aria-invalid=\"false\" \/><span class=\"wpcf7-list-item-label\">I have read and accept the terms set out in the <a href=\"https:\/\/banglob.pl\/polityka-prywatnosci\/\"><span style=\"color:#000000\">privacy policy<\/span><\/a>*<\/span><\/label><\/span><\/span><\/span>\n\t\t<\/p>\n\t<\/div>\n\t<div class=\"contact-group button\">\n\t\t<p><input class=\"wpcf7-form-control wpcf7-submit has-spinner\" type=\"submit\" value=\"Send\" \/>\n\t\t<\/p>\n\t<\/div>\n<\/div><input type='hidden' class='wpcf7-pum' value='{\"closepopup\":false,\"closedelay\":0,\"openpopup\":false,\"openpopup_id\":0}' \/><div class=\"wpcf7-response-output\" aria-hidden=\"true\"><\/div>\n<\/form>\n<\/div>\n<\/div>\n\t\t\t\t\t\t<\/div>\n\t\t\t\t<\/div>\n\t\t\t\t\t<\/div>\n\t\t<\/div>\n\t\t\t\t<div class=\"elementor-column elementor-col-50 elementor-top-column elementor-element elementor-element-17bfcfe7\" data-id=\"17bfcfe7\" data-element_type=\"column\" data-e-type=\"column\">\n\t\t\t<div class=\"elementor-widget-wrap elementor-element-populated\">\n\t\t\t\t\t\t<div class=\"elementor-element elementor-element-64f79035 elementor-widget elementor-widget-gallery\" data-id=\"64f79035\" data-element_type=\"widget\" data-e-type=\"widget\" data-settings=\"{&quot;columns&quot;:2,&quot;lazyload&quot;:&quot;yes&quot;,&quot;gallery_layout&quot;:&quot;grid&quot;,&quot;columns_tablet&quot;:2,&quot;columns_mobile&quot;:1,&quot;gap&quot;:{&quot;unit&quot;:&quot;px&quot;,&quot;size&quot;:10,&quot;sizes&quot;:[]},&quot;gap_tablet&quot;:{&quot;unit&quot;:&quot;px&quot;,&quot;size&quot;:10,&quot;sizes&quot;:[]},&quot;gap_mobile&quot;:{&quot;unit&quot;:&quot;px&quot;,&quot;size&quot;:10,&quot;sizes&quot;:[]},&quot;link_to&quot;:&quot;file&quot;,&quot;aspect_ratio&quot;:&quot;3:2&quot;,&quot;overlay_background&quot;:&quot;yes&quot;,&quot;content_hover_animation&quot;:&quot;fade-in&quot;}\" data-widget_type=\"gallery.default\">\n\t\t\t\t<div class=\"elementor-widget-container\">\n\t\t\t\t\t\t\t<div class=\"elementor-gallery__container\">\n\t\t\t\t\t\t\t<a class=\"e-gallery-item elementor-gallery-item elementor-animated-content\" href=\"https:\/\/banglob.pl\/wp-content\/uploads\/2024\/10\/01d9c328-e6fc-4de7-a365-dfbf3e0e4c65.jpg\" data-elementor-open-lightbox=\"yes\" data-elementor-lightbox-slideshow=\"64f79035\" data-e-action-hash=\"#elementor-action%3Aaction%3Dlightbox%26settings%3DeyJpZCI6NTA0MSwidXJsIjoiaHR0cHM6XC9cL2Jhbmdsb2IucGxcL3dwLWNvbnRlbnRcL3VwbG9hZHNcLzIwMjRcLzEwXC8wMWQ5YzMyOC1lNmZjLTRkZTctYTM2NS1kZmJmM2UwZTRjNjUuanBnIiwic2xpZGVzaG93IjoiNjRmNzkwMzUifQ%3D%3D\">\n\t\t\t\t\t<div class=\"e-gallery-image elementor-gallery-item__image\" data-thumbnail=\"https:\/\/banglob.pl\/wp-content\/uploads\/2024\/10\/01d9c328-e6fc-4de7-a365-dfbf3e0e4c65.jpg\" data-width=\"1920\" data-height=\"1080\" aria-label=\"\" role=\"img\" ><\/div>\n\t\t\t\t\t\t\t\t\t\t\t<div class=\"elementor-gallery-item__overlay\"><\/div>\n\t\t\t\t\t\t\t\t\t\t\t\t\t\t<\/a>\n\t\t\t\t\t\t\t<a class=\"e-gallery-item elementor-gallery-item elementor-animated-content\" href=\"https:\/\/banglob.pl\/wp-content\/uploads\/2024\/10\/2-scaled.jpg\" data-elementor-open-lightbox=\"yes\" data-elementor-lightbox-slideshow=\"64f79035\" data-e-action-hash=\"#elementor-action%3Aaction%3Dlightbox%26settings%3DeyJpZCI6NTA0MiwidXJsIjoiaHR0cHM6XC9cL2Jhbmdsb2IucGxcL3dwLWNvbnRlbnRcL3VwbG9hZHNcLzIwMjRcLzEwXC8yLXNjYWxlZC5qcGciLCJzbGlkZXNob3ciOiI2NGY3OTAzNSJ9\">\n\t\t\t\t\t<div class=\"e-gallery-image elementor-gallery-item__image\" data-thumbnail=\"https:\/\/banglob.pl\/wp-content\/uploads\/2024\/10\/2-scaled.jpg\" data-width=\"2560\" data-height=\"1892\" aria-label=\"\" role=\"img\" ><\/div>\n\t\t\t\t\t\t\t\t\t\t\t<div class=\"elementor-gallery-item__overlay\"><\/div>\n\t\t\t\t\t\t\t\t\t\t\t\t\t\t<\/a>\n\t\t\t\t\t\t\t<a class=\"e-gallery-item elementor-gallery-item elementor-animated-content\" href=\"https:\/\/banglob.pl\/wp-content\/uploads\/2025\/04\/IMG_3005.jpg\" data-elementor-open-lightbox=\"yes\" data-elementor-lightbox-slideshow=\"64f79035\" data-elementor-lightbox-title=\"IMG_3005\" data-e-action-hash=\"#elementor-action%3Aaction%3Dlightbox%26settings%3DeyJpZCI6NTA0MywidXJsIjoiaHR0cHM6XC9cL2Jhbmdsb2IucGxcL3dwLWNvbnRlbnRcL3VwbG9hZHNcLzIwMjVcLzA0XC9JTUdfMzAwNS5qcGciLCJzbGlkZXNob3ciOiI2NGY3OTAzNSJ9\">\n\t\t\t\t\t<div class=\"e-gallery-image elementor-gallery-item__image\" data-thumbnail=\"https:\/\/banglob.pl\/wp-content\/uploads\/2025\/04\/IMG_3005.jpg\" data-width=\"2048\" data-height=\"1365\" aria-label=\"\" role=\"img\" ><\/div>\n\t\t\t\t\t\t\t\t\t\t\t<div class=\"elementor-gallery-item__overlay\"><\/div>\n\t\t\t\t\t\t\t\t\t\t\t\t\t\t<\/a>\n\t\t\t\t\t\t\t<a class=\"e-gallery-item elementor-gallery-item elementor-animated-content\" href=\"https:\/\/banglob.pl\/wp-content\/uploads\/2024\/10\/3.jpg\" data-elementor-open-lightbox=\"yes\" data-elementor-lightbox-slideshow=\"64f79035\" data-e-action-hash=\"#elementor-action%3Aaction%3Dlightbox%26settings%3DeyJpZCI6NTA0NCwidXJsIjoiaHR0cHM6XC9cL2Jhbmdsb2IucGxcL3dwLWNvbnRlbnRcL3VwbG9hZHNcLzIwMjRcLzEwXC8zLmpwZyIsInNsaWRlc2hvdyI6IjY0Zjc5MDM1In0%3D\">\n\t\t\t\t\t<div class=\"e-gallery-image elementor-gallery-item__image\" data-thumbnail=\"https:\/\/banglob.pl\/wp-content\/uploads\/2024\/10\/3.jpg\" data-width=\"1000\" data-height=\"666\" aria-label=\"\" role=\"img\" ><\/div>\n\t\t\t\t\t\t\t\t\t\t\t<div class=\"elementor-gallery-item__overlay\"><\/div>\n\t\t\t\t\t\t\t\t\t\t\t\t\t\t<\/a>\n\t\t\t\t\t<\/div>\n\t\t\t\t\t<\/div>\n\t\t\t\t<\/div>\n\t\t\t\t<div class=\"elementor-element elementor-element-305683e2 elementor-widget elementor-widget-google_maps\" data-id=\"305683e2\" data-element_type=\"widget\" data-e-type=\"widget\" data-widget_type=\"google_maps.default\">\n\t\t\t\t<div class=\"elementor-widget-container\">\n\t\t\t\t\t\t\t<div class=\"elementor-custom-embed\">\n\t\t\t<iframe loading=\"lazy\"\n\t\t\t\t\tsrc=\"https:\/\/maps.google.com\/maps?q=muzeum%20marynarki&#038;t=m&#038;z=15&#038;output=embed&#038;iwloc=near\"\n\t\t\t\t\ttitle=\"muzeum marynarki\"\n\t\t\t\t\taria-label=\"muzeum marynarki\"\n\t\t\t><\/iframe>\n\t\t<\/div>\n\t\t\t\t\t\t<\/div>\n\t\t\t\t<\/div>\n\t\t\t\t\t<\/div>\n\t\t<\/div>\n\t\t\t\t\t<\/div>\n\t\t<\/section>\n\t\t\t\t<\/div>\n\t\t","protected":false},"excerpt":{"rendered":"<p>The Naval Museum in Gdynia is a place that not only preserves and presents the history of the Polish Navy but also serves as an ideal location for organising conferences, training sessions, meetings, and workshops. By working with us, every event can be enhanced with comprehensive catering services, offering a diverse menu perfectly tailored to [&hellip;]<\/p>\n","protected":false},"author":3,"featured_media":5045,"parent":0,"menu_order":0,"comment_status":"closed","ping_status":"closed","template":"page-head.php","meta":{"footnotes":""},"class_list":["post-5046","page","type-page","status-publish","has-post-thumbnail","hentry"],"yoast_head":"<!-- This site is optimized with the Yoast SEO plugin v27.5 - https:\/\/yoast.com\/product\/yoast-seo-wordpress\/ -->\n<title>Muzeum Marynarki Wojennej w Gdyni - BanGlob Catering<\/title>\n<meta name=\"description\" content=\"Muzeum Marynarki Wojennej w Gdyni to idealna lokalizacja do organizacji konferencji, szkole\u0144, spotka\u0144 czy warsztat\u00f3w.\" \/>\n<meta name=\"robots\" content=\"index, follow, max-snippet:-1, max-image-preview:large, max-video-preview:-1\" \/>\n<link rel=\"canonical\" href=\"https:\/\/banglob.pl\/en\/naval-museum-in-gdynia\/\" \/>\n<meta property=\"og:locale\" content=\"en_US\" \/>\n<meta property=\"og:type\" content=\"article\" \/>\n<meta property=\"og:title\" content=\"Muzeum Marynarki Wojennej w Gdyni - BanGlob Catering\" \/>\n<meta property=\"og:description\" content=\"Muzeum Marynarki Wojennej w Gdyni to idealna lokalizacja do organizacji konferencji, szkole\u0144, spotka\u0144 czy warsztat\u00f3w.\" \/>\n<meta property=\"og:url\" content=\"https:\/\/banglob.pl\/en\/naval-museum-in-gdynia\/\" \/>\n<meta property=\"og:site_name\" content=\"BanGlob\" \/>\n<meta property=\"article:modified_time\" content=\"2026-04-17T14:22:39+00:00\" \/>\n<meta property=\"og:image\" content=\"https:\/\/banglob.pl\/wp-content\/uploads\/2024\/10\/1-2.jpg\" \/>\n\t<meta property=\"og:image:width\" content=\"1920\" \/>\n\t<meta property=\"og:image:height\" content=\"1167\" \/>\n\t<meta property=\"og:image:type\" content=\"image\/jpeg\" \/>\n<meta name=\"twitter:card\" content=\"summary_large_image\" \/>\n<meta name=\"twitter:label1\" content=\"Est. reading time\" \/>\n\t<meta name=\"twitter:data1\" content=\"1 minute\" \/>\n<script type=\"application\/ld+json\" class=\"yoast-schema-graph\">{\"@context\":\"https:\\\/\\\/schema.org\",\"@graph\":[{\"@type\":\"WebPage\",\"@id\":\"https:\\\/\\\/banglob.pl\\\/en\\\/naval-museum-in-gdynia\\\/\",\"url\":\"https:\\\/\\\/banglob.pl\\\/en\\\/naval-museum-in-gdynia\\\/\",\"name\":\"Muzeum Marynarki Wojennej w Gdyni - BanGlob Catering\",\"isPartOf\":{\"@id\":\"https:\\\/\\\/banglob.pl\\\/en\\\/#website\"},\"primaryImageOfPage\":{\"@id\":\"https:\\\/\\\/banglob.pl\\\/en\\\/naval-museum-in-gdynia\\\/#primaryimage\"},\"image\":{\"@id\":\"https:\\\/\\\/banglob.pl\\\/en\\\/naval-museum-in-gdynia\\\/#primaryimage\"},\"thumbnailUrl\":\"https:\\\/\\\/banglob.pl\\\/wp-content\\\/uploads\\\/2024\\\/10\\\/1-2.jpg\",\"datePublished\":\"2023-08-25T08:00:30+00:00\",\"dateModified\":\"2026-04-17T14:22:39+00:00\",\"description\":\"Muzeum Marynarki Wojennej w Gdyni to idealna lokalizacja do organizacji konferencji, szkole\u0144, spotka\u0144 czy warsztat\u00f3w.\",\"breadcrumb\":{\"@id\":\"https:\\\/\\\/banglob.pl\\\/en\\\/naval-museum-in-gdynia\\\/#breadcrumb\"},\"inLanguage\":\"en-US\",\"potentialAction\":[{\"@type\":\"ReadAction\",\"target\":[\"https:\\\/\\\/banglob.pl\\\/en\\\/naval-museum-in-gdynia\\\/\"]}]},{\"@type\":\"ImageObject\",\"inLanguage\":\"en-US\",\"@id\":\"https:\\\/\\\/banglob.pl\\\/en\\\/naval-museum-in-gdynia\\\/#primaryimage\",\"url\":\"https:\\\/\\\/banglob.pl\\\/wp-content\\\/uploads\\\/2024\\\/10\\\/1-2.jpg\",\"contentUrl\":\"https:\\\/\\\/banglob.pl\\\/wp-content\\\/uploads\\\/2024\\\/10\\\/1-2.jpg\",\"width\":1920,\"height\":1167},{\"@type\":\"BreadcrumbList\",\"@id\":\"https:\\\/\\\/banglob.pl\\\/en\\\/naval-museum-in-gdynia\\\/#breadcrumb\",\"itemListElement\":[{\"@type\":\"ListItem\",\"position\":1,\"name\":\"Strona g\u0142\u00f3wna\",\"item\":\"https:\\\/\\\/banglob.pl\\\/en\\\/\"},{\"@type\":\"ListItem\",\"position\":2,\"name\":\"Naval Museum in Gdynia\"}]},{\"@type\":\"WebSite\",\"@id\":\"https:\\\/\\\/banglob.pl\\\/en\\\/#website\",\"url\":\"https:\\\/\\\/banglob.pl\\\/en\\\/\",\"name\":\"BanGlob\",\"description\":\"Kolejna witryna WordPress\",\"potentialAction\":[{\"@type\":\"SearchAction\",\"target\":{\"@type\":\"EntryPoint\",\"urlTemplate\":\"https:\\\/\\\/banglob.pl\\\/en\\\/?s={search_term_string}\"},\"query-input\":{\"@type\":\"PropertyValueSpecification\",\"valueRequired\":true,\"valueName\":\"search_term_string\"}}],\"inLanguage\":\"en-US\"}]}<\/script>\n<!-- \/ Yoast SEO plugin. -->","yoast_head_json":{"title":"Muzeum Marynarki Wojennej w Gdyni - BanGlob Catering","description":"Muzeum Marynarki Wojennej w Gdyni to idealna lokalizacja do organizacji konferencji, szkole\u0144, spotka\u0144 czy warsztat\u00f3w.","robots":{"index":"index","follow":"follow","max-snippet":"max-snippet:-1","max-image-preview":"max-image-preview:large","max-video-preview":"max-video-preview:-1"},"canonical":"https:\/\/banglob.pl\/en\/naval-museum-in-gdynia\/","og_locale":"en_US","og_type":"article","og_title":"Muzeum Marynarki Wojennej w Gdyni - BanGlob Catering","og_description":"Muzeum Marynarki Wojennej w Gdyni to idealna lokalizacja do organizacji konferencji, szkole\u0144, spotka\u0144 czy warsztat\u00f3w.","og_url":"https:\/\/banglob.pl\/en\/naval-museum-in-gdynia\/","og_site_name":"BanGlob","article_modified_time":"2026-04-17T14:22:39+00:00","og_image":[{"width":1920,"height":1167,"url":"https:\/\/banglob.pl\/wp-content\/uploads\/2024\/10\/1-2.jpg","type":"image\/jpeg"}],"twitter_card":"summary_large_image","twitter_misc":{"Est. reading time":"1 minute"},"schema":{"@context":"https:\/\/schema.org","@graph":[{"@type":"WebPage","@id":"https:\/\/banglob.pl\/en\/naval-museum-in-gdynia\/","url":"https:\/\/banglob.pl\/en\/naval-museum-in-gdynia\/","name":"Muzeum Marynarki Wojennej w Gdyni - BanGlob Catering","isPartOf":{"@id":"https:\/\/banglob.pl\/en\/#website"},"primaryImageOfPage":{"@id":"https:\/\/banglob.pl\/en\/naval-museum-in-gdynia\/#primaryimage"},"image":{"@id":"https:\/\/banglob.pl\/en\/naval-museum-in-gdynia\/#primaryimage"},"thumbnailUrl":"https:\/\/banglob.pl\/wp-content\/uploads\/2024\/10\/1-2.jpg","datePublished":"2023-08-25T08:00:30+00:00","dateModified":"2026-04-17T14:22:39+00:00","description":"Muzeum Marynarki Wojennej w Gdyni to idealna lokalizacja do organizacji konferencji, szkole\u0144, spotka\u0144 czy warsztat\u00f3w.","breadcrumb":{"@id":"https:\/\/banglob.pl\/en\/naval-museum-in-gdynia\/#breadcrumb"},"inLanguage":"en-US","potentialAction":[{"@type":"ReadAction","target":["https:\/\/banglob.pl\/en\/naval-museum-in-gdynia\/"]}]},{"@type":"ImageObject","inLanguage":"en-US","@id":"https:\/\/banglob.pl\/en\/naval-museum-in-gdynia\/#primaryimage","url":"https:\/\/banglob.pl\/wp-content\/uploads\/2024\/10\/1-2.jpg","contentUrl":"https:\/\/banglob.pl\/wp-content\/uploads\/2024\/10\/1-2.jpg","width":1920,"height":1167},{"@type":"BreadcrumbList","@id":"https:\/\/banglob.pl\/en\/naval-museum-in-gdynia\/#breadcrumb","itemListElement":[{"@type":"ListItem","position":1,"name":"Strona g\u0142\u00f3wna","item":"https:\/\/banglob.pl\/en\/"},{"@type":"ListItem","position":2,"name":"Naval Museum in Gdynia"}]},{"@type":"WebSite","@id":"https:\/\/banglob.pl\/en\/#website","url":"https:\/\/banglob.pl\/en\/","name":"BanGlob","description":"Kolejna witryna WordPress","potentialAction":[{"@type":"SearchAction","target":{"@type":"EntryPoint","urlTemplate":"https:\/\/banglob.pl\/en\/?s={search_term_string}"},"query-input":{"@type":"PropertyValueSpecification","valueRequired":true,"valueName":"search_term_string"}}],"inLanguage":"en-US"}]}},"_links":{"self":[{"href":"https:\/\/banglob.pl\/en\/wp-json\/wp\/v2\/pages\/5046","targetHints":{"allow":["GET"]}}],"collection":[{"href":"https:\/\/banglob.pl\/en\/wp-json\/wp\/v2\/pages"}],"about":[{"href":"https:\/\/banglob.pl\/en\/wp-json\/wp\/v2\/types\/page"}],"author":[{"embeddable":true,"href":"https:\/\/banglob.pl\/en\/wp-json\/wp\/v2\/users\/3"}],"replies":[{"embeddable":true,"href":"https:\/\/banglob.pl\/en\/wp-json\/wp\/v2\/comments?post=5046"}],"version-history":[{"count":2,"href":"https:\/\/banglob.pl\/en\/wp-json\/wp\/v2\/pages\/5046\/revisions"}],"predecessor-version":[{"id":5546,"href":"https:\/\/banglob.pl\/en\/wp-json\/wp\/v2\/pages\/5046\/revisions\/5546"}],"wp:featuredmedia":[{"embeddable":true,"href":"https:\/\/banglob.pl\/en\/wp-json\/wp\/v2\/media\/5045"}],"wp:attachment":[{"href":"https:\/\/banglob.pl\/en\/wp-json\/wp\/v2\/media?parent=5046"}],"curies":[{"name":"wp","href":"https:\/\/api.w.org\/{rel}","templated":true}]}}