{"id":5011,"date":"2024-10-02T12:42:26","date_gmt":"2024-10-02T12:42:26","guid":{"rendered":"https:\/\/banglob.pl\/european-solidarity-centre\/"},"modified":"2026-04-17T14:10:54","modified_gmt":"2026-04-17T14:10:54","slug":"european-solidarity-centre","status":"publish","type":"page","link":"https:\/\/banglob.pl\/en\/european-solidarity-centre\/","title":{"rendered":"European Solidarity Centre"},"content":{"rendered":"\t\t<div data-elementor-type=\"wp-page\" data-elementor-id=\"5011\" class=\"elementor elementor-5011 elementor-2399\" data-elementor-post-type=\"page\">\n\t\t\t\t\t\t<section class=\"elementor-section elementor-top-section elementor-element elementor-element-2d5185b2 elementor-section-boxed elementor-section-height-default elementor-section-height-default\" data-id=\"2d5185b2\" data-element_type=\"section\" data-e-type=\"section\">\n\t\t\t\t\t\t<div class=\"elementor-container elementor-column-gap-default\">\n\t\t\t\t\t<div class=\"elementor-column elementor-col-50 elementor-top-column elementor-element elementor-element-7acc4d75\" data-id=\"7acc4d75\" data-element_type=\"column\" data-e-type=\"column\">\n\t\t\t<div class=\"elementor-widget-wrap elementor-element-populated\">\n\t\t\t\t\t\t<div class=\"elementor-element elementor-element-5597edbf elementor-widget elementor-widget-image\" data-id=\"5597edbf\" data-element_type=\"widget\" data-e-type=\"widget\" data-widget_type=\"image.default\">\n\t\t\t\t<div class=\"elementor-widget-container\">\n\t\t\t\t\t\t\t\t\t\t\t\t\t\t\t<img decoding=\"async\" width=\"300\" height=\"133\" src=\"https:\/\/banglob.pl\/wp-content\/uploads\/2024\/10\/logo_ECS_podstawowe_kontra-300x133.png\" class=\"attachment-medium size-medium wp-image-5005\" alt=\"\" srcset=\"https:\/\/banglob.pl\/wp-content\/uploads\/2024\/10\/logo_ECS_podstawowe_kontra-300x133.png 300w, https:\/\/banglob.pl\/wp-content\/uploads\/2024\/10\/logo_ECS_podstawowe_kontra-1024x454.png 1024w, https:\/\/banglob.pl\/wp-content\/uploads\/2024\/10\/logo_ECS_podstawowe_kontra-768x340.png 768w, https:\/\/banglob.pl\/wp-content\/uploads\/2024\/10\/logo_ECS_podstawowe_kontra-1536x681.png 1536w, https:\/\/banglob.pl\/wp-content\/uploads\/2024\/10\/logo_ECS_podstawowe_kontra-2048x908.png 2048w, https:\/\/banglob.pl\/wp-content\/uploads\/2024\/10\/logo_ECS_podstawowe_kontra-840x372.png 840w\" sizes=\"(max-width: 300px) 100vw, 300px\" \/>\t\t\t\t\t\t\t\t\t\t\t\t\t\t\t<\/div>\n\t\t\t\t<\/div>\n\t\t\t\t<div class=\"elementor-element elementor-element-625ca664 elementor-widget elementor-widget-text-editor\" data-id=\"625ca664\" data-element_type=\"widget\" data-e-type=\"widget\" data-widget_type=\"text-editor.default\">\n\t\t\t\t<div class=\"elementor-widget-container\">\n\t\t\t\t\t\t\t\t\t<p><strong>The European Solidarity Centre is a modern cultural institution and an open urban space where people, values, and ideas meet. It was established to commemorate Poland&#8217;s peaceful Solidarity revolution, which reshaped post-war Europe.<\/strong><\/p><p>The building at Solidarity Square opened its doors in August 2014.  <\/p>\t\t\t\t\t\t\t\t<\/div>\n\t\t\t\t<\/div>\n\t\t\t\t<section class=\"elementor-section elementor-inner-section elementor-element elementor-element-21655e31 elementor-section-boxed elementor-section-height-default elementor-section-height-default\" data-id=\"21655e31\" data-element_type=\"section\" data-e-type=\"section\">\n\t\t\t\t\t\t<div class=\"elementor-container elementor-column-gap-default\">\n\t\t\t\t\t<div class=\"elementor-column elementor-col-100 elementor-inner-column elementor-element elementor-element-40e756c4\" data-id=\"40e756c4\" data-element_type=\"column\" data-e-type=\"column\">\n\t\t\t<div class=\"elementor-widget-wrap elementor-element-populated\">\n\t\t\t\t\t\t<div class=\"elementor-element elementor-element-10c1137c elementor-icon-list--layout-traditional elementor-list-item-link-full_width elementor-widget elementor-widget-icon-list\" data-id=\"10c1137c\" data-element_type=\"widget\" data-e-type=\"widget\" data-widget_type=\"icon-list.default\">\n\t\t\t\t<div class=\"elementor-widget-container\">\n\t\t\t\t\t\t\t<ul class=\"elementor-icon-list-items\">\n\t\t\t\t\t\t\t<li class=\"elementor-icon-list-item\">\n\t\t\t\t\t\t\t\t\t\t\t<span class=\"elementor-icon-list-icon\">\n\t\t\t\t\t\t\t<i aria-hidden=\"true\" class=\"fas fa-check-circle\"><\/i>\t\t\t\t\t\t<\/span>\n\t\t\t\t\t\t\t\t\t\t<span class=\"elementor-icon-list-text\">We provide full audiovisual and catering facilities.<\/span>\n\t\t\t\t\t\t\t\t\t<\/li>\n\t\t\t\t\t\t\t\t<li class=\"elementor-icon-list-item\">\n\t\t\t\t\t\t\t\t\t\t\t<span class=\"elementor-icon-list-icon\">\n\t\t\t\t\t\t\t<i aria-hidden=\"true\" class=\"fas fa-check-circle\"><\/i>\t\t\t\t\t\t<\/span>\n\t\t\t\t\t\t\t\t\t\t<span class=\"elementor-icon-list-text\">We prepare and style the space in line with your event concept.<\/span>\n\t\t\t\t\t\t\t\t\t<\/li>\n\t\t\t\t\t\t\t\t<li class=\"elementor-icon-list-item\">\n\t\t\t\t\t\t\t\t\t\t\t<span class=\"elementor-icon-list-icon\">\n\t\t\t\t\t\t\t<i aria-hidden=\"true\" class=\"fas fa-check-circle\"><\/i>\t\t\t\t\t\t<\/span>\n\t\t\t\t\t\t\t\t\t\t<span class=\"elementor-icon-list-text\">We offer support with entertainment booking and artist management.<\/span>\n\t\t\t\t\t\t\t\t\t<\/li>\n\t\t\t\t\t\t\t\t<li class=\"elementor-icon-list-item\">\n\t\t\t\t\t\t\t\t\t\t\t<span class=\"elementor-icon-list-icon\">\n\t\t\t\t\t\t\t<i aria-hidden=\"true\" class=\"fas fa-check-circle\"><\/i>\t\t\t\t\t\t<\/span>\n\t\t\t\t\t\t\t\t\t\t<span class=\"elementor-icon-list-text\">Tailored solutions designed around your needs.<\/span>\n\t\t\t\t\t\t\t\t\t<\/li>\n\t\t\t\t\t\t<\/ul>\n\t\t\t\t\t\t<\/div>\n\t\t\t\t<\/div>\n\t\t\t\t\t<\/div>\n\t\t<\/div>\n\t\t\t\t\t<\/div>\n\t\t<\/section>\n\t\t\t\t<div class=\"elementor-element elementor-element-4587b82e elementor-widget-divider--view-line elementor-widget elementor-widget-divider\" data-id=\"4587b82e\" data-element_type=\"widget\" data-e-type=\"widget\" data-widget_type=\"divider.default\">\n\t\t\t\t<div class=\"elementor-widget-container\">\n\t\t\t\t\t\t\t<div class=\"elementor-divider\">\n\t\t\t<span class=\"elementor-divider-separator\">\n\t\t\t\t\t\t<\/span>\n\t\t<\/div>\n\t\t\t\t\t\t<\/div>\n\t\t\t\t<\/div>\n\t\t\t\t<section class=\"elementor-section elementor-inner-section elementor-element elementor-element-798344ca elementor-section-boxed elementor-section-height-default elementor-section-height-default\" data-id=\"798344ca\" data-element_type=\"section\" data-e-type=\"section\">\n\t\t\t\t\t\t<div class=\"elementor-container elementor-column-gap-default\">\n\t\t\t\t\t<div class=\"elementor-column elementor-col-50 elementor-inner-column elementor-element elementor-element-1aa87e23\" data-id=\"1aa87e23\" data-element_type=\"column\" data-e-type=\"column\">\n\t\t\t<div class=\"elementor-widget-wrap elementor-element-populated\">\n\t\t\t\t\t\t<div class=\"elementor-element elementor-element-386875b1 elementor-align-left elementor-widget elementor-widget-button\" data-id=\"386875b1\" data-element_type=\"widget\" data-e-type=\"widget\" data-widget_type=\"button.default\">\n\t\t\t\t<div class=\"elementor-widget-container\">\n\t\t\t\t\t\t\t\t\t<div class=\"elementor-button-wrapper\">\n\t\t\t\t\t<a class=\"elementor-button elementor-button-link elementor-size-lg\" href=\"https:\/\/banglob.pl\/en\/contact\/\">\n\t\t\t\t\t\t<span class=\"elementor-button-content-wrapper\">\n\t\t\t\t\t\t\t\t\t<span class=\"elementor-button-text\">Get in touch<\/span>\n\t\t\t\t\t<\/span>\n\t\t\t\t\t<\/a>\n\t\t\t\t<\/div>\n\t\t\t\t\t\t\t\t<\/div>\n\t\t\t\t<\/div>\n\t\t\t\t\t<\/div>\n\t\t<\/div>\n\t\t\t\t<div class=\"elementor-column elementor-col-50 elementor-inner-column elementor-element elementor-element-6c5ec0ee\" data-id=\"6c5ec0ee\" data-element_type=\"column\" data-e-type=\"column\">\n\t\t\t<div class=\"elementor-widget-wrap elementor-element-populated\">\n\t\t\t\t\t\t<div class=\"elementor-element elementor-element-3d0a890f elementor-position-inline-start elementor-view-stacked elementor-shape-circle elementor-mobile-position-block-start elementor-widget elementor-widget-icon-box\" data-id=\"3d0a890f\" data-element_type=\"widget\" data-e-type=\"widget\" data-widget_type=\"icon-box.default\">\n\t\t\t\t<div class=\"elementor-widget-container\">\n\t\t\t\t\t\t\t<div class=\"elementor-icon-box-wrapper\">\n\n\t\t\t\t\t\t<div class=\"elementor-icon-box-icon\">\n\t\t\t\t<span  class=\"elementor-icon\">\n\t\t\t\t<i aria-hidden=\"true\" class=\"fas fa-mobile-alt\"><\/i>\t\t\t\t<\/span>\n\t\t\t<\/div>\n\t\t\t\n\t\t\t\t\t\t<div class=\"elementor-icon-box-content\">\n\n\t\t\t\t\t\t\t\t\t<h3 class=\"elementor-icon-box-title\">\n\t\t\t\t\t\t<span  >\n\t\t\t\t\t\t\tCall us\t\t\t\t\t\t<\/span>\n\t\t\t\t\t<\/h3>\n\t\t\t\t\n\t\t\t\t\t\t\t\t\t<p class=\"elementor-icon-box-description\">\n\t\t\t\t\t\t<a href=\"tel:=+48586204329\"><span style=\"color:#222222\">+48 58 620 43 29<\/span><\/a>\t\t\t\t\t<\/p>\n\t\t\t\t\n\t\t\t<\/div>\n\t\t\t\n\t\t<\/div>\n\t\t\t\t\t\t<\/div>\n\t\t\t\t<\/div>\n\t\t\t\t\t<\/div>\n\t\t<\/div>\n\t\t\t\t\t<\/div>\n\t\t<\/section>\n\t\t\t\t<div class=\"elementor-element elementor-element-51948216 elementor-widget elementor-widget-shortcode\" data-id=\"51948216\" data-element_type=\"widget\" data-e-type=\"widget\" data-widget_type=\"shortcode.default\">\n\t\t\t\t<div class=\"elementor-widget-container\">\n\t\t\t\t\t\t\t<div class=\"elementor-shortcode\">\n<div class=\"wpcf7 no-js\" id=\"wpcf7-f5428-o1\" lang=\"en-US\" dir=\"ltr\" data-wpcf7-id=\"5428\">\n<div class=\"screen-reader-response\"><p role=\"status\" aria-live=\"polite\" aria-atomic=\"true\"><\/p> <ul><\/ul><\/div>\n<form action=\"\/en\/wp-json\/wp\/v2\/pages\/5011#wpcf7-f5428-o1\" method=\"post\" class=\"wpcf7-form init\" aria-label=\"Contact form\" novalidate=\"novalidate\" data-status=\"init\">\n<fieldset class=\"hidden-fields-container\"><input type=\"hidden\" name=\"_wpcf7\" value=\"5428\" \/><input type=\"hidden\" name=\"_wpcf7_version\" value=\"6.1.5\" \/><input type=\"hidden\" name=\"_wpcf7_locale\" value=\"en_US\" \/><input type=\"hidden\" name=\"_wpcf7_unit_tag\" value=\"wpcf7-f5428-o1\" \/><input type=\"hidden\" name=\"_wpcf7_container_post\" value=\"0\" \/><input type=\"hidden\" name=\"_wpcf7_posted_data_hash\" value=\"\" \/><input type=\"hidden\" name=\"_wpcf7_recaptcha_response\" value=\"\" \/>\n<\/fieldset>\n<div class=\"contact-all\">\n\t<div class=\"contact-group\">\n\t\t<p><span class=\"wpcf7-form-control-wrap\" data-name=\"opiekun-nazwa\"><input size=\"40\" maxlength=\"400\" class=\"wpcf7-form-control wpcf7-text wpcf7-validates-as-required contact-input\" aria-required=\"true\" aria-invalid=\"false\" placeholder=\"Full name *\" value=\"\" type=\"text\" name=\"opiekun-nazwa\" \/><\/span>\n\t\t<\/p>\n\t<\/div>\n\t<div class=\"contact-group\">\n\t\t<p><span class=\"wpcf7-form-control-wrap\" data-name=\"your-email\"><input size=\"40\" maxlength=\"400\" class=\"wpcf7-form-control wpcf7-email wpcf7-validates-as-required wpcf7-text wpcf7-validates-as-email contact-input\" aria-required=\"true\" aria-invalid=\"false\" placeholder=\"E-mail *\" value=\"\" type=\"email\" name=\"your-email\" \/><\/span>\n\t\t<\/p>\n\t<\/div>\n\t<div class=\"contact-group\">\n\t\t<p><span class=\"wpcf7-form-control-wrap\" data-name=\"your-phone\"><input size=\"40\" maxlength=\"400\" class=\"wpcf7-form-control wpcf7-tel wpcf7-validates-as-required wpcf7-text wpcf7-validates-as-tel contact-input\" aria-required=\"true\" aria-invalid=\"false\" placeholder=\"Phone *\" value=\"\" type=\"tel\" name=\"your-phone\" \/><\/span>\n\t\t<\/p>\n\t<\/div>\n\t<div class=\"contact-group\">\n\t\t<p><span class=\"wpcf7-form-control-wrap\" data-name=\"textarea-938\"><textarea cols=\"40\" rows=\"10\" maxlength=\"2000\" class=\"wpcf7-form-control wpcf7-textarea\" aria-invalid=\"false\" placeholder=\"Your message\" name=\"textarea-938\"><\/textarea><\/span>\n\t\t<\/p>\n\t<\/div>\n\t<div class=\"contact-group\">\n\t\t<p><span class=\"wpcf7-form-control-wrap\" data-name=\"acceptance-653\"><span class=\"wpcf7-form-control wpcf7-acceptance\"><span class=\"wpcf7-list-item\"><label><input type=\"checkbox\" name=\"acceptance-653\" value=\"1\" aria-invalid=\"false\" \/><span class=\"wpcf7-list-item-label\">I have read and accept the terms set out in the <a href=\"https:\/\/banglob.pl\/polityka-prywatnosci\/\"><span style=\"color:#000000\">privacy policy<\/span><\/a>*<\/span><\/label><\/span><\/span><\/span>\n\t\t<\/p>\n\t<\/div>\n\t<div class=\"contact-group button\">\n\t\t<p><input class=\"wpcf7-form-control wpcf7-submit has-spinner\" type=\"submit\" value=\"Send\" \/>\n\t\t<\/p>\n\t<\/div>\n<\/div><input type='hidden' class='wpcf7-pum' value='{\"closepopup\":false,\"closedelay\":0,\"openpopup\":false,\"openpopup_id\":0}' \/><div class=\"wpcf7-response-output\" aria-hidden=\"true\"><\/div>\n<\/form>\n<\/div>\n<\/div>\n\t\t\t\t\t\t<\/div>\n\t\t\t\t<\/div>\n\t\t\t\t\t<\/div>\n\t\t<\/div>\n\t\t\t\t<div class=\"elementor-column elementor-col-50 elementor-top-column elementor-element elementor-element-523c937b\" data-id=\"523c937b\" data-element_type=\"column\" data-e-type=\"column\">\n\t\t\t<div class=\"elementor-widget-wrap elementor-element-populated\">\n\t\t\t\t\t\t<div class=\"elementor-element elementor-element-da3076a elementor-widget elementor-widget-gallery\" data-id=\"da3076a\" data-element_type=\"widget\" data-e-type=\"widget\" data-settings=\"{&quot;columns&quot;:2,&quot;aspect_ratio&quot;:&quot;1:1&quot;,&quot;lazyload&quot;:&quot;yes&quot;,&quot;gallery_layout&quot;:&quot;grid&quot;,&quot;columns_tablet&quot;:2,&quot;columns_mobile&quot;:1,&quot;gap&quot;:{&quot;unit&quot;:&quot;px&quot;,&quot;size&quot;:10,&quot;sizes&quot;:[]},&quot;gap_tablet&quot;:{&quot;unit&quot;:&quot;px&quot;,&quot;size&quot;:10,&quot;sizes&quot;:[]},&quot;gap_mobile&quot;:{&quot;unit&quot;:&quot;px&quot;,&quot;size&quot;:10,&quot;sizes&quot;:[]},&quot;link_to&quot;:&quot;file&quot;,&quot;overlay_background&quot;:&quot;yes&quot;,&quot;content_hover_animation&quot;:&quot;fade-in&quot;}\" data-widget_type=\"gallery.default\">\n\t\t\t\t<div class=\"elementor-widget-container\">\n\t\t\t\t\t\t\t<div class=\"elementor-gallery__container\">\n\t\t\t\t\t\t\t<a class=\"e-gallery-item elementor-gallery-item elementor-animated-content\" href=\"https:\/\/banglob.pl\/wp-content\/uploads\/2024\/10\/IMG_8515.png\" data-elementor-open-lightbox=\"yes\" data-elementor-lightbox-slideshow=\"da3076a\" data-e-action-hash=\"#elementor-action%3Aaction%3Dlightbox%26settings%3DeyJpZCI6NTAwNiwidXJsIjoiaHR0cHM6XC9cL2Jhbmdsb2IucGxcL3dwLWNvbnRlbnRcL3VwbG9hZHNcLzIwMjRcLzEwXC9JTUdfODUxNS5wbmciLCJzbGlkZXNob3ciOiJkYTMwNzZhIn0%3D\">\n\t\t\t\t\t<div class=\"e-gallery-image elementor-gallery-item__image\" data-thumbnail=\"https:\/\/banglob.pl\/wp-content\/uploads\/2024\/10\/IMG_8515.png\" data-width=\"756\" data-height=\"1008\" aria-label=\"\" role=\"img\" ><\/div>\n\t\t\t\t\t\t\t\t\t\t\t<div class=\"elementor-gallery-item__overlay\"><\/div>\n\t\t\t\t\t\t\t\t\t\t\t\t\t\t<\/a>\n\t\t\t\t\t\t\t<a class=\"e-gallery-item elementor-gallery-item elementor-animated-content\" href=\"https:\/\/banglob.pl\/wp-content\/uploads\/2025\/04\/IMG_6137.jpeg\" data-elementor-open-lightbox=\"yes\" data-elementor-lightbox-slideshow=\"da3076a\" data-elementor-lightbox-title=\"IMG_6137\" data-e-action-hash=\"#elementor-action%3Aaction%3Dlightbox%26settings%3DeyJpZCI6NTAwNywidXJsIjoiaHR0cHM6XC9cL2Jhbmdsb2IucGxcL3dwLWNvbnRlbnRcL3VwbG9hZHNcLzIwMjVcLzA0XC9JTUdfNjEzNy5qcGVnIiwic2xpZGVzaG93IjoiZGEzMDc2YSJ9\">\n\t\t\t\t\t<div class=\"e-gallery-image elementor-gallery-item__image\" data-thumbnail=\"https:\/\/banglob.pl\/wp-content\/uploads\/2025\/04\/IMG_6137.jpeg\" data-width=\"1536\" data-height=\"2048\" aria-label=\"\" role=\"img\" ><\/div>\n\t\t\t\t\t\t\t\t\t\t\t<div class=\"elementor-gallery-item__overlay\"><\/div>\n\t\t\t\t\t\t\t\t\t\t\t\t\t\t<\/a>\n\t\t\t\t\t\t\t<a class=\"e-gallery-item elementor-gallery-item elementor-animated-content\" href=\"https:\/\/banglob.pl\/wp-content\/uploads\/2025\/04\/IMG_6136.jpeg\" data-elementor-open-lightbox=\"yes\" data-elementor-lightbox-slideshow=\"da3076a\" data-elementor-lightbox-title=\"IMG_6136\" data-e-action-hash=\"#elementor-action%3Aaction%3Dlightbox%26settings%3DeyJpZCI6NTAwOCwidXJsIjoiaHR0cHM6XC9cL2Jhbmdsb2IucGxcL3dwLWNvbnRlbnRcL3VwbG9hZHNcLzIwMjVcLzA0XC9JTUdfNjEzNi5qcGVnIiwic2xpZGVzaG93IjoiZGEzMDc2YSJ9\">\n\t\t\t\t\t<div class=\"e-gallery-image elementor-gallery-item__image\" data-thumbnail=\"https:\/\/banglob.pl\/wp-content\/uploads\/2025\/04\/IMG_6136.jpeg\" data-width=\"1536\" data-height=\"2048\" aria-label=\"\" role=\"img\" ><\/div>\n\t\t\t\t\t\t\t\t\t\t\t<div class=\"elementor-gallery-item__overlay\"><\/div>\n\t\t\t\t\t\t\t\t\t\t\t\t\t\t<\/a>\n\t\t\t\t\t\t\t<a class=\"e-gallery-item elementor-gallery-item elementor-animated-content\" href=\"https:\/\/banglob.pl\/wp-content\/uploads\/2024\/10\/30.09.2023-80.-Urodziny-Lecha-Walesy.jpg\" data-elementor-open-lightbox=\"yes\" data-elementor-lightbox-slideshow=\"da3076a\" data-e-action-hash=\"#elementor-action%3Aaction%3Dlightbox%26settings%3DeyJpZCI6NTAwOSwidXJsIjoiaHR0cHM6XC9cL2Jhbmdsb2IucGxcL3dwLWNvbnRlbnRcL3VwbG9hZHNcLzIwMjRcLzEwXC8zMC4wOS4yMDIzLTgwLi1Vcm9kemlueS1MZWNoYS1XYWxlc3kuanBnIiwic2xpZGVzaG93IjoiZGEzMDc2YSJ9\">\n\t\t\t\t\t<div class=\"e-gallery-image elementor-gallery-item__image\" data-thumbnail=\"https:\/\/banglob.pl\/wp-content\/uploads\/2024\/10\/30.09.2023-80.-Urodziny-Lecha-Walesy.jpg\" data-width=\"789\" data-height=\"576\" aria-label=\"\" role=\"img\" ><\/div>\n\t\t\t\t\t\t\t\t\t\t\t<div class=\"elementor-gallery-item__overlay\"><\/div>\n\t\t\t\t\t\t\t\t\t\t\t\t\t\t<\/a>\n\t\t\t\t\t<\/div>\n\t\t\t\t\t<\/div>\n\t\t\t\t<\/div>\n\t\t\t\t<div class=\"elementor-element elementor-element-4be07e4a elementor-widget elementor-widget-google_maps\" data-id=\"4be07e4a\" data-element_type=\"widget\" data-e-type=\"widget\" data-widget_type=\"google_maps.default\">\n\t\t\t\t<div class=\"elementor-widget-container\">\n\t\t\t\t\t\t\t<div class=\"elementor-custom-embed\">\n\t\t\t<iframe loading=\"lazy\"\n\t\t\t\t\tsrc=\"https:\/\/maps.google.com\/maps?q=europejskie%20centrum%20solida&#038;t=m&#038;z=15&#038;output=embed&#038;iwloc=near\"\n\t\t\t\t\ttitle=\"europejskie centrum solida\"\n\t\t\t\t\taria-label=\"europejskie centrum solida\"\n\t\t\t><\/iframe>\n\t\t<\/div>\n\t\t\t\t\t\t<\/div>\n\t\t\t\t<\/div>\n\t\t\t\t\t<\/div>\n\t\t<\/div>\n\t\t\t\t\t<\/div>\n\t\t<\/section>\n\t\t\t\t<\/div>\n\t\t","protected":false},"excerpt":{"rendered":"<p>The European Solidarity Centre is a modern cultural institution and an open urban space where people, values, and ideas meet. It was established to commemorate Poland&#8217;s peaceful Solidarity revolution, which reshaped post-war Europe. The building at Solidarity Square opened its doors in August 2014. We provide full audiovisual and catering facilities. We prepare and style [&hellip;]<\/p>\n","protected":false},"author":2,"featured_media":5010,"parent":0,"menu_order":0,"comment_status":"closed","ping_status":"closed","template":"page-head.php","meta":{"footnotes":""},"class_list":["post-5011","page","type-page","status-publish","has-post-thumbnail","hentry"],"yoast_head":"<!-- This site is optimized with the Yoast SEO plugin v27.5 - https:\/\/yoast.com\/product\/yoast-seo-wordpress\/ -->\n<title>Europejskie Centrum Solidarno\u015bci - BanGlob Catering<\/title>\n<meta name=\"description\" content=\"Organizacja gali lub konferencji w Europejskim Centrum Solidarno\u015bci? BanGlob Catering zapewnia presti\u017cow\u0105 opraw\u0119 gastronomiczn\u0105 w tej wyj\u0105tkowej lokalizacji w Gda\u0144sku.\" \/>\n<meta name=\"robots\" content=\"index, follow, max-snippet:-1, max-image-preview:large, max-video-preview:-1\" \/>\n<link rel=\"canonical\" href=\"https:\/\/banglob.pl\/en\/european-solidarity-centre\/\" \/>\n<meta property=\"og:locale\" content=\"en_US\" \/>\n<meta property=\"og:type\" content=\"article\" \/>\n<meta property=\"og:title\" content=\"Europejskie Centrum Solidarno\u015bci - BanGlob Catering\" \/>\n<meta property=\"og:description\" content=\"Organizacja gali lub konferencji w Europejskim Centrum Solidarno\u015bci? BanGlob Catering zapewnia presti\u017cow\u0105 opraw\u0119 gastronomiczn\u0105 w tej wyj\u0105tkowej lokalizacji w Gda\u0144sku.\" \/>\n<meta property=\"og:url\" content=\"https:\/\/banglob.pl\/en\/european-solidarity-centre\/\" \/>\n<meta property=\"og:site_name\" content=\"BanGlob\" \/>\n<meta property=\"article:modified_time\" content=\"2026-04-17T14:10:54+00:00\" \/>\n<meta property=\"og:image\" content=\"https:\/\/banglob.pl\/wp-content\/uploads\/2024\/10\/zapraszamy.jpg\" \/>\n\t<meta property=\"og:image:width\" content=\"1920\" \/>\n\t<meta property=\"og:image:height\" content=\"1080\" \/>\n\t<meta property=\"og:image:type\" content=\"image\/jpeg\" \/>\n<meta name=\"twitter:card\" content=\"summary_large_image\" \/>\n<script type=\"application\/ld+json\" class=\"yoast-schema-graph\">{\"@context\":\"https:\\\/\\\/schema.org\",\"@graph\":[{\"@type\":\"WebPage\",\"@id\":\"https:\\\/\\\/banglob.pl\\\/en\\\/european-solidarity-centre\\\/\",\"url\":\"https:\\\/\\\/banglob.pl\\\/en\\\/european-solidarity-centre\\\/\",\"name\":\"Europejskie Centrum Solidarno\u015bci - BanGlob Catering\",\"isPartOf\":{\"@id\":\"https:\\\/\\\/banglob.pl\\\/en\\\/#website\"},\"primaryImageOfPage\":{\"@id\":\"https:\\\/\\\/banglob.pl\\\/en\\\/european-solidarity-centre\\\/#primaryimage\"},\"image\":{\"@id\":\"https:\\\/\\\/banglob.pl\\\/en\\\/european-solidarity-centre\\\/#primaryimage\"},\"thumbnailUrl\":\"https:\\\/\\\/banglob.pl\\\/wp-content\\\/uploads\\\/2024\\\/10\\\/zapraszamy.jpg\",\"datePublished\":\"2024-10-02T12:42:26+00:00\",\"dateModified\":\"2026-04-17T14:10:54+00:00\",\"description\":\"Organizacja gali lub konferencji w Europejskim Centrum Solidarno\u015bci? BanGlob Catering zapewnia presti\u017cow\u0105 opraw\u0119 gastronomiczn\u0105 w tej wyj\u0105tkowej lokalizacji w Gda\u0144sku.\",\"breadcrumb\":{\"@id\":\"https:\\\/\\\/banglob.pl\\\/en\\\/european-solidarity-centre\\\/#breadcrumb\"},\"inLanguage\":\"en-US\",\"potentialAction\":[{\"@type\":\"ReadAction\",\"target\":[\"https:\\\/\\\/banglob.pl\\\/en\\\/european-solidarity-centre\\\/\"]}]},{\"@type\":\"ImageObject\",\"inLanguage\":\"en-US\",\"@id\":\"https:\\\/\\\/banglob.pl\\\/en\\\/european-solidarity-centre\\\/#primaryimage\",\"url\":\"https:\\\/\\\/banglob.pl\\\/wp-content\\\/uploads\\\/2024\\\/10\\\/zapraszamy.jpg\",\"contentUrl\":\"https:\\\/\\\/banglob.pl\\\/wp-content\\\/uploads\\\/2024\\\/10\\\/zapraszamy.jpg\",\"width\":1920,\"height\":1080},{\"@type\":\"BreadcrumbList\",\"@id\":\"https:\\\/\\\/banglob.pl\\\/en\\\/european-solidarity-centre\\\/#breadcrumb\",\"itemListElement\":[{\"@type\":\"ListItem\",\"position\":1,\"name\":\"Strona g\u0142\u00f3wna\",\"item\":\"https:\\\/\\\/banglob.pl\\\/en\\\/\"},{\"@type\":\"ListItem\",\"position\":2,\"name\":\"European Solidarity Centre\"}]},{\"@type\":\"WebSite\",\"@id\":\"https:\\\/\\\/banglob.pl\\\/en\\\/#website\",\"url\":\"https:\\\/\\\/banglob.pl\\\/en\\\/\",\"name\":\"BanGlob\",\"description\":\"Kolejna witryna WordPress\",\"potentialAction\":[{\"@type\":\"SearchAction\",\"target\":{\"@type\":\"EntryPoint\",\"urlTemplate\":\"https:\\\/\\\/banglob.pl\\\/en\\\/?s={search_term_string}\"},\"query-input\":{\"@type\":\"PropertyValueSpecification\",\"valueRequired\":true,\"valueName\":\"search_term_string\"}}],\"inLanguage\":\"en-US\"}]}<\/script>\n<!-- \/ Yoast SEO plugin. -->","yoast_head_json":{"title":"Europejskie Centrum Solidarno\u015bci - BanGlob Catering","description":"Organizacja gali lub konferencji w Europejskim Centrum Solidarno\u015bci? BanGlob Catering zapewnia presti\u017cow\u0105 opraw\u0119 gastronomiczn\u0105 w tej wyj\u0105tkowej lokalizacji w Gda\u0144sku.","robots":{"index":"index","follow":"follow","max-snippet":"max-snippet:-1","max-image-preview":"max-image-preview:large","max-video-preview":"max-video-preview:-1"},"canonical":"https:\/\/banglob.pl\/en\/european-solidarity-centre\/","og_locale":"en_US","og_type":"article","og_title":"Europejskie Centrum Solidarno\u015bci - BanGlob Catering","og_description":"Organizacja gali lub konferencji w Europejskim Centrum Solidarno\u015bci? BanGlob Catering zapewnia presti\u017cow\u0105 opraw\u0119 gastronomiczn\u0105 w tej wyj\u0105tkowej lokalizacji w Gda\u0144sku.","og_url":"https:\/\/banglob.pl\/en\/european-solidarity-centre\/","og_site_name":"BanGlob","article_modified_time":"2026-04-17T14:10:54+00:00","og_image":[{"width":1920,"height":1080,"url":"https:\/\/banglob.pl\/wp-content\/uploads\/2024\/10\/zapraszamy.jpg","type":"image\/jpeg"}],"twitter_card":"summary_large_image","schema":{"@context":"https:\/\/schema.org","@graph":[{"@type":"WebPage","@id":"https:\/\/banglob.pl\/en\/european-solidarity-centre\/","url":"https:\/\/banglob.pl\/en\/european-solidarity-centre\/","name":"Europejskie Centrum Solidarno\u015bci - BanGlob Catering","isPartOf":{"@id":"https:\/\/banglob.pl\/en\/#website"},"primaryImageOfPage":{"@id":"https:\/\/banglob.pl\/en\/european-solidarity-centre\/#primaryimage"},"image":{"@id":"https:\/\/banglob.pl\/en\/european-solidarity-centre\/#primaryimage"},"thumbnailUrl":"https:\/\/banglob.pl\/wp-content\/uploads\/2024\/10\/zapraszamy.jpg","datePublished":"2024-10-02T12:42:26+00:00","dateModified":"2026-04-17T14:10:54+00:00","description":"Organizacja gali lub konferencji w Europejskim Centrum Solidarno\u015bci? BanGlob Catering zapewnia presti\u017cow\u0105 opraw\u0119 gastronomiczn\u0105 w tej wyj\u0105tkowej lokalizacji w Gda\u0144sku.","breadcrumb":{"@id":"https:\/\/banglob.pl\/en\/european-solidarity-centre\/#breadcrumb"},"inLanguage":"en-US","potentialAction":[{"@type":"ReadAction","target":["https:\/\/banglob.pl\/en\/european-solidarity-centre\/"]}]},{"@type":"ImageObject","inLanguage":"en-US","@id":"https:\/\/banglob.pl\/en\/european-solidarity-centre\/#primaryimage","url":"https:\/\/banglob.pl\/wp-content\/uploads\/2024\/10\/zapraszamy.jpg","contentUrl":"https:\/\/banglob.pl\/wp-content\/uploads\/2024\/10\/zapraszamy.jpg","width":1920,"height":1080},{"@type":"BreadcrumbList","@id":"https:\/\/banglob.pl\/en\/european-solidarity-centre\/#breadcrumb","itemListElement":[{"@type":"ListItem","position":1,"name":"Strona g\u0142\u00f3wna","item":"https:\/\/banglob.pl\/en\/"},{"@type":"ListItem","position":2,"name":"European Solidarity Centre"}]},{"@type":"WebSite","@id":"https:\/\/banglob.pl\/en\/#website","url":"https:\/\/banglob.pl\/en\/","name":"BanGlob","description":"Kolejna witryna WordPress","potentialAction":[{"@type":"SearchAction","target":{"@type":"EntryPoint","urlTemplate":"https:\/\/banglob.pl\/en\/?s={search_term_string}"},"query-input":{"@type":"PropertyValueSpecification","valueRequired":true,"valueName":"search_term_string"}}],"inLanguage":"en-US"}]}},"_links":{"self":[{"href":"https:\/\/banglob.pl\/en\/wp-json\/wp\/v2\/pages\/5011","targetHints":{"allow":["GET"]}}],"collection":[{"href":"https:\/\/banglob.pl\/en\/wp-json\/wp\/v2\/pages"}],"about":[{"href":"https:\/\/banglob.pl\/en\/wp-json\/wp\/v2\/types\/page"}],"author":[{"embeddable":true,"href":"https:\/\/banglob.pl\/en\/wp-json\/wp\/v2\/users\/2"}],"replies":[{"embeddable":true,"href":"https:\/\/banglob.pl\/en\/wp-json\/wp\/v2\/comments?post=5011"}],"version-history":[{"count":2,"href":"https:\/\/banglob.pl\/en\/wp-json\/wp\/v2\/pages\/5011\/revisions"}],"predecessor-version":[{"id":5523,"href":"https:\/\/banglob.pl\/en\/wp-json\/wp\/v2\/pages\/5011\/revisions\/5523"}],"wp:featuredmedia":[{"embeddable":true,"href":"https:\/\/banglob.pl\/en\/wp-json\/wp\/v2\/media\/5010"}],"wp:attachment":[{"href":"https:\/\/banglob.pl\/en\/wp-json\/wp\/v2\/media?parent=5011"}],"curies":[{"name":"wp","href":"https:\/\/api.w.org\/{rel}","templated":true}]}}